{"id":4609,"date":"2022-11-01T18:08:27","date_gmt":"2022-11-01T17:08:27","guid":{"rendered":"https:\/\/antcube.shop\/produkt\/ameisenarena-abdeckung-30x30\/"},"modified":"2026-04-02T17:28:50","modified_gmt":"2026-04-02T15:28:50","slug":"ameisenarena-abdeckung-30x30","status":"publish","type":"product","link":"https:\/\/antcube.shop\/pt\/produto\/ameisenarena-abdeckung-30x30\/","title":{"rendered":"Cobertura da arena de formigas 30\u00d730"},"content":{"rendered":"<p><strong>Dimens\u00f5es (CxLxA):<\/strong> 30x30x0,4 cm<\/p>\n<p><strong>Material:<\/strong> vidro flotado<\/p>\n<p><strong>Cor:<\/strong> cristalino \/ transparente<\/p>\n<p><strong>Conte\u00fado:<\/strong><br \/>\n1x cobertura de arena de formigas<br \/>\n1x pontos de fixa\u00e7\u00e3o \u00e0 4 pcs.<\/p>\n<p><strong>Descri\u00e7\u00e3o:<\/strong><br \/>\nCobertura feita de vidro para a arena das formigas como protec\u00e7\u00e3o de fuga.<\/p>\n<p><strong>Aplica\u00e7\u00e3o:<\/strong><br \/>\nA cobertura da arena de formigas feita de vidro \u00e9 colocada sobre uma arena de formigas e tamb\u00e9m serve imediatamente para a regula\u00e7\u00e3o clim\u00e1tica.<br \/>\nV\u00e1rios m\u00f3dulos para controlo clim\u00e1tico podem ser inseridos nas aberturas de 50mm, por exemplo, grelhas de ventila\u00e7\u00e3o, ilumina\u00e7\u00e3o ou humidifica\u00e7\u00e3o.<br \/>\nPara evitar a fuga de formigas atrav\u00e9s das aberturas, deve ser aplicada uma protec\u00e7\u00e3o de fuga (\u00f3leo, p\u00f3 ou verniz) na parte inferior \u00e0 volta dos orif\u00edcios.<\/p>\n<p><strong>Aviso:<\/strong><br \/>\nUma vez que o artigo \u00e9 feito de vidro e \u00e9, portanto, suscept\u00edvel de se partir, deve ser tratado com muito cuidado.<\/p>","protected":false},"excerpt":{"rendered":"<p>Dimens\u00f5es (CxLxA): 40x20x0,4 cm Material: vidro flotado Cor: cristalina \/ transparente Conte\u00fado: 1x tampa da arena de formigas 1x pontos de fixa\u00e7\u00e3o \u00e0 4 pcs. Descri\u00e7\u00e3o: Cobertura de vidro para o formigueiro como protec\u00e7\u00e3o contra a fuga. Utiliza\u00e7\u00e3o: A cobertura de vidro do formigueiro \u00e9 colocada num formigueiro e serve tamb\u00e9m imediatamente para","protected":false},"featured_media":4800,"comment_status":"open","ping_status":"closed","template":"","meta":{"_acf_changed":false,"content-type":"","_monsterinsights_skip_tracking":false,"_monsterinsights_sitenote_active":false,"_monsterinsights_sitenote_note":"","_monsterinsights_sitenote_category":0},"product_brand":[],"product_cat":[91,92],"product_tag":[],"class_list":{"0":"post-4609","1":"product","2":"type-product","3":"status-publish","4":"has-post-thumbnail","6":"product_cat-formicarium-modules","7":"product_cat-arena-cover","9":"first","10":"instock","11":"taxable","12":"shipping-taxable","13":"purchasable","14":"product-type-simple"},"acf":[],"aioseo_notices":[],"jetpack_sharing_enabled":true,"_links":{"self":[{"href":"https:\/\/antcube.shop\/pt\/wp-json\/wp\/v2\/product\/4609","targetHints":{"allow":["GET"]}}],"collection":[{"href":"https:\/\/antcube.shop\/pt\/wp-json\/wp\/v2\/product"}],"about":[{"href":"https:\/\/antcube.shop\/pt\/wp-json\/wp\/v2\/types\/product"}],"replies":[{"embeddable":true,"href":"https:\/\/antcube.shop\/pt\/wp-json\/wp\/v2\/comments?post=4609"}],"wp:featuredmedia":[{"embeddable":true,"href":"https:\/\/antcube.shop\/pt\/wp-json\/wp\/v2\/media\/4800"}],"wp:attachment":[{"href":"https:\/\/antcube.shop\/pt\/wp-json\/wp\/v2\/media?parent=4609"}],"wp:term":[{"taxonomy":"product_brand","embeddable":true,"href":"https:\/\/antcube.shop\/pt\/wp-json\/wp\/v2\/product_brand?post=4609"},{"taxonomy":"product_cat","embeddable":true,"href":"https:\/\/antcube.shop\/pt\/wp-json\/wp\/v2\/product_cat?post=4609"},{"taxonomy":"product_tag","embeddable":true,"href":"https:\/\/antcube.shop\/pt\/wp-json\/wp\/v2\/product_tag?post=4609"}],"curies":[{"name":"wp","href":"https:\/\/api.w.org\/{rel}","templated":true}]}}