{"id":4373,"date":"2022-06-20T09:12:57","date_gmt":"2022-06-20T07:12:57","guid":{"rendered":"https:\/\/antcube.shop\/produkt\/cricket-jam\/"},"modified":"2026-04-15T09:42:33","modified_gmt":"2026-04-15T07:42:33","slug":"cricket-jam","status":"publish","type":"product","link":"https:\/\/antcube.shop\/pt\/produto\/cricket-jam\/","title":{"rendered":"Doce de Cr\u00edquete"},"content":{"rendered":"<p><strong>Peso l\u00edquido:<\/strong> 25 g por frasco<br \/>\ngrilos amassados e cozidos a vapor<\/p>\n<p>alimenta\u00e7\u00e3o \u00fanica<\/p>\n<p><strong>Descri\u00e7\u00e3o:<\/strong><br \/>\nO nosso doce de grilo \u00e9 uma forma f\u00e1cil de fornecer \u00e0s suas formigas alimentos proteicos acabados de conservar sem ter de alimentar insectos vivos. Os grilos inclu\u00eddos (Acheta domesticus) foram suavemente cozinhados a vapor para garantir que o valor nutricional, o sabor e o aroma s\u00e3o preservados. Al\u00e9m disso, a casca quitinosa dos insectos \u00e9 amolecida desta forma, para que possa ser digerida mais facilmente. Os compostos das prote\u00ednas colag\u00e9nicas s\u00e3o decompostos para que as formigas os possam utilizar melhor. O pur\u00e9 de Acheta domesticus tem o mesmo valor nutricional que os grilos vivos, mas \u00e9 mais f\u00e1cil de digerir. Ao contr\u00e1rio dos grilos congelados ou secos, em que se perdem cerca de 60% de prote\u00ednas, as prote\u00ednas contidas podem ser transformadas em quase 100%.<\/p>\n<p>O Cricket Jam n\u00e3o \u00e9 adequado para ca\u00e7ar esp\u00e9cies de formigas que necessitam de alimento vivo (por exemplo, Ponerines (formigas primordiais) como Harpegnathos ou Odontomachus).<\/p>\n<p><strong>Outras vantagens:<\/strong><\/p>\n<p>Sem \u00e1caros garantidos<\/p>\n<p>Porcion\u00e1vel e dilu\u00edvel com \u00e1gua.<\/p>\n<p>Esterilizado e aspirado<br \/>\nSem aditivos<br \/>\nGrilos de cria\u00e7\u00e3o sustent\u00e1vel puramente biol\u00f3gica, alimentados com res\u00edduos org\u00e2nicos<\/p>\n<p><strong>Informa\u00e7\u00e3o nutricional:<\/strong><br \/>\nProte\u00edna bruta: 20%<br \/>\nMat\u00e9ria gorda bruta: 7%<br \/>\nFibra bruta: 22%<br \/>\nCinza: 4%<br \/>\nHumidade: 46%<\/p>\n<p><strong>Aviso:<\/strong><br \/>\nUma vez aberto, pode ser guardado durante cerca de quatro dias no frigor\u00edfico. Maior tempo de conserva\u00e7\u00e3o se congelado.<br \/>\n<strong>Aten\u00e7\u00e3o:<\/strong> Por\u00e7\u00e3o primeiro, depois congelar.<\/p>","protected":false},"excerpt":{"rendered":"<p>Alimenta\u00e7\u00e3o \u00fanica<\/p>","protected":false},"featured_media":4378,"comment_status":"open","ping_status":"closed","template":"","meta":{"_acf_changed":false,"content-type":"","_monsterinsights_skip_tracking":false,"_monsterinsights_sitenote_active":false,"_monsterinsights_sitenote_note":"","_monsterinsights_sitenote_category":0},"product_brand":[],"product_cat":[257,115,116],"product_tag":[],"class_list":{"0":"post-4373","1":"product","2":"type-product","3":"status-publish","4":"has-post-thumbnail","6":"product_cat-new-innovatve-products","7":"product_cat-food-and-feeding","8":"product_cat-food","10":"first","11":"instock","12":"taxable","13":"shipping-taxable","14":"purchasable","15":"product-type-simple"},"acf":[],"aioseo_notices":[],"jetpack_sharing_enabled":true,"_links":{"self":[{"href":"https:\/\/antcube.shop\/pt\/wp-json\/wp\/v2\/product\/4373","targetHints":{"allow":["GET"]}}],"collection":[{"href":"https:\/\/antcube.shop\/pt\/wp-json\/wp\/v2\/product"}],"about":[{"href":"https:\/\/antcube.shop\/pt\/wp-json\/wp\/v2\/types\/product"}],"replies":[{"embeddable":true,"href":"https:\/\/antcube.shop\/pt\/wp-json\/wp\/v2\/comments?post=4373"}],"wp:featuredmedia":[{"embeddable":true,"href":"https:\/\/antcube.shop\/pt\/wp-json\/wp\/v2\/media\/4378"}],"wp:attachment":[{"href":"https:\/\/antcube.shop\/pt\/wp-json\/wp\/v2\/media?parent=4373"}],"wp:term":[{"taxonomy":"product_brand","embeddable":true,"href":"https:\/\/antcube.shop\/pt\/wp-json\/wp\/v2\/product_brand?post=4373"},{"taxonomy":"product_cat","embeddable":true,"href":"https:\/\/antcube.shop\/pt\/wp-json\/wp\/v2\/product_cat?post=4373"},{"taxonomy":"product_tag","embeddable":true,"href":"https:\/\/antcube.shop\/pt\/wp-json\/wp\/v2\/product_tag?post=4373"}],"curies":[{"name":"wp","href":"https:\/\/api.w.org\/{rel}","templated":true}]}}