{"id":4372,"date":"2022-06-20T09:12:42","date_gmt":"2022-06-20T07:12:42","guid":{"rendered":"https:\/\/antcube.shop\/produkt\/ganze-blanchierte-heimchen\/"},"modified":"2026-04-16T13:45:55","modified_gmt":"2026-04-16T11:45:55","slug":"ganze-blanchierte-heimchen","status":"publish","type":"product","link":"https:\/\/antcube.shop\/pt\/produto\/ganze-blanchierte-heimchen\/","title":{"rendered":"Grilos inteiros branqueados"},"content":{"rendered":"<p><strong>Peso l\u00edquido:<\/strong> 10g por frasco<br \/>\ngrilos escaldados de tamanho m\u00e9dio em peda\u00e7os<\/p>\n<p>alimenta\u00e7\u00e3o \u00fanica<\/p>\n<p><strong>Descri\u00e7\u00e3o:<\/strong><br \/>\nO nosso doce de grilo \u00e9 uma forma f\u00e1cil de fornecer \u00e0s suas formigas alimentos proteicos acabados de conservar sem ter de alimentar insectos vivos. Os grilos inclu\u00eddos (Acheta domesticus) foram suavemente cozinhados a vapor para garantir que o valor nutricional, o sabor e o aroma s\u00e3o preservados. Al\u00e9m disso, a casca quitinosa dos insectos \u00e9 amolecida desta forma, para que possa ser digerida mais facilmente. Os compostos das prote\u00ednas colag\u00e9nicas s\u00e3o decompostos para que as formigas os possam utilizar melhor. O pur\u00e9 de Acheta domesticus tem o mesmo valor nutricional que os grilos vivos, mas \u00e9 mais f\u00e1cil de digerir. Ao contr\u00e1rio dos grilos congelados ou secos, em que se perdem cerca de 60% de prote\u00ednas, as prote\u00ednas contidas podem ser transformadas em quase 100%.<\/p>\n<p>Os grilos escaldados n\u00e3o s\u00e3o adequados para ca\u00e7ar esp\u00e9cies de formigas que necessitam de alimento vivo (por exemplo, ponerines (formigas primordiais) como Harpegnathos ou Odontomachus).<\/p>\n<p><strong>Outras vantagens:<\/strong><\/p>\n<p>Sem \u00e1caros garantidos<br \/>\nPorcion\u00e1vel<br \/>\nEsterilizado e aspirado<br \/>\nSem aditivos<br \/>\nGrilos de cria\u00e7\u00e3o org\u00e2nica pura sustent\u00e1vel, alimentados com res\u00edduos org\u00e2nicos<\/p>\n<p><strong>Informa\u00e7\u00e3o nutricional:<\/strong><br \/>\nProte\u00edna bruta: 20%<br \/>\nMat\u00e9ria gorda bruta: 7%<br \/>\nFibra bruta: 22%<br \/>\nCinza: 4%<br \/>\nHumidade: 46%<\/p>\n<p><strong>Aviso:<\/strong><br \/>\nUma vez aberto, mant\u00e9m-se durante cerca de quatro dias no frigor\u00edfico. Maior tempo de conserva\u00e7\u00e3o se congelado.<br \/>\n<strong>Aten\u00e7\u00e3o:<\/strong> Primeiro por\u00e7\u00e3o, depois congelar. Assim, tamb\u00e9m \u00e9 poss\u00edvel uma \u00fanica remo\u00e7\u00e3o (IQF)<\/p>","protected":false},"excerpt":{"rendered":"<p>alimenta\u00e7\u00e3o \u00fanica<\/p>","protected":false},"featured_media":4375,"comment_status":"open","ping_status":"closed","template":"","meta":{"_acf_changed":false,"content-type":"","_monsterinsights_skip_tracking":false,"_monsterinsights_sitenote_active":false,"_monsterinsights_sitenote_note":"","_monsterinsights_sitenote_category":0},"product_brand":[],"product_cat":[257,115,116],"product_tag":[],"class_list":{"0":"post-4372","1":"product","2":"type-product","3":"status-publish","4":"has-post-thumbnail","6":"product_cat-new-innovatve-products","7":"product_cat-food-and-feeding","8":"product_cat-food","10":"first","11":"instock","12":"taxable","13":"shipping-taxable","14":"purchasable","15":"product-type-simple"},"acf":[],"aioseo_notices":[],"jetpack_sharing_enabled":true,"_links":{"self":[{"href":"https:\/\/antcube.shop\/pt\/wp-json\/wp\/v2\/product\/4372","targetHints":{"allow":["GET"]}}],"collection":[{"href":"https:\/\/antcube.shop\/pt\/wp-json\/wp\/v2\/product"}],"about":[{"href":"https:\/\/antcube.shop\/pt\/wp-json\/wp\/v2\/types\/product"}],"replies":[{"embeddable":true,"href":"https:\/\/antcube.shop\/pt\/wp-json\/wp\/v2\/comments?post=4372"}],"wp:featuredmedia":[{"embeddable":true,"href":"https:\/\/antcube.shop\/pt\/wp-json\/wp\/v2\/media\/4375"}],"wp:attachment":[{"href":"https:\/\/antcube.shop\/pt\/wp-json\/wp\/v2\/media?parent=4372"}],"wp:term":[{"taxonomy":"product_brand","embeddable":true,"href":"https:\/\/antcube.shop\/pt\/wp-json\/wp\/v2\/product_brand?post=4372"},{"taxonomy":"product_cat","embeddable":true,"href":"https:\/\/antcube.shop\/pt\/wp-json\/wp\/v2\/product_cat?post=4372"},{"taxonomy":"product_tag","embeddable":true,"href":"https:\/\/antcube.shop\/pt\/wp-json\/wp\/v2\/product_tag?post=4372"}],"curies":[{"name":"wp","href":"https:\/\/api.w.org\/{rel}","templated":true}]}}