{"id":4343,"date":"2022-06-08T14:36:54","date_gmt":"2022-06-08T12:36:54","guid":{"rendered":"https:\/\/antcube.shop\/produkt\/naturbusch-auf-schieferplatte-gros\/"},"modified":"2025-10-19T15:15:12","modified_gmt":"2025-10-19T13:15:12","slug":"naturbusch-auf-schieferplatte-gros","status":"publish","type":"product","link":"https:\/\/antcube.shop\/pt\/produto\/naturbusch-auf-schieferplatte-gros\/","title":{"rendered":"Arbusto ornamental"},"content":{"rendered":"<p>Tamanho \/ altura 17 cm a 19 cm, di\u00e2metro ~ 10 cm -12 cm, ideal para as arenas 30x30x30 cm e acima.<br \/>\nO peso varia de 50 a 80 gramas<\/p>\n<p>Artigo decorativo composto por um arbusto de madeira seca naturalmente e uma base de resina sint\u00e9tica (placa de base).<br \/>\nEste arbusto decorativo foi fabricado \u00e0 m\u00e3o na Alemanha e \u00e9, por isso, caracterizado pela sustentabilidade.<\/p>\n<p><strong>ATEN\u00c7\u00c3O:<\/strong> Por favor n\u00e3o colocar em formic\u00e1rios muito h\u00famidos (mais de 60% humidade). O arbusto pode come\u00e7ar a moldar-se. Com uma ventila\u00e7\u00e3o muito boa, o arbusto pode ser colocado em formic\u00e1rios mais h\u00famidos.<\/p>\n<p>Alguns arbustos ornamentais n\u00e3o se aguentam sozinhos no formic\u00e1rio devido \u00e0 sua altura. Neste caso, \u00e9 \u00fatil cobrir um pouco a base com substrato ou colocar o produto perto das janelas exteriores.<\/p>\n<p><span data-text-color=\"alert\"><strong>NOTA IMPORTANTE SOBRE O ARTIGO:<\/strong><\/span><br \/>\nUma vez que este \u00e9 um produto natural \/ \u00fanico, as imagens aqui n\u00e3o s\u00e3o completamente id\u00eanticas ao item que ir\u00e1 receber. Haver\u00e1 varia\u00e7\u00f5es no tamanho, forma e cor da mini-\u00e1rvore, bem como da placa base da ard\u00f3sia da pedreira. Garantimos apenas a altura m\u00e1xima do item.<\/p>\n<p>Ao encomendar este artigo, concorda e consente com as poss\u00edveis varia\u00e7\u00f5es do produto acima referidas em tamanho, forma e cor no momento da compra.<\/p>","protected":false},"excerpt":{"rendered":"<p>Tamanho: 17-19 cm de altura<\/p>","protected":false},"featured_media":6380,"comment_status":"open","ping_status":"closed","template":"","meta":{"_acf_changed":false,"content-type":"","_monsterinsights_skip_tracking":false,"_monsterinsights_sitenote_active":false,"_monsterinsights_sitenote_note":"","_monsterinsights_sitenote_category":0},"product_brand":[],"product_cat":[99,101,102],"product_tag":[],"class_list":{"0":"post-4343","1":"product","2":"type-product","3":"status-publish","4":"has-post-thumbnail","6":"product_cat-desert","7":"product_cat-forest","8":"product_cat-meadow","10":"first","11":"outofstock","12":"taxable","13":"shipping-taxable","14":"purchasable","15":"product-type-simple"},"acf":[],"aioseo_notices":[],"jetpack_sharing_enabled":true,"_links":{"self":[{"href":"https:\/\/antcube.shop\/pt\/wp-json\/wp\/v2\/product\/4343","targetHints":{"allow":["GET"]}}],"collection":[{"href":"https:\/\/antcube.shop\/pt\/wp-json\/wp\/v2\/product"}],"about":[{"href":"https:\/\/antcube.shop\/pt\/wp-json\/wp\/v2\/types\/product"}],"replies":[{"embeddable":true,"href":"https:\/\/antcube.shop\/pt\/wp-json\/wp\/v2\/comments?post=4343"}],"wp:featuredmedia":[{"embeddable":true,"href":"https:\/\/antcube.shop\/pt\/wp-json\/wp\/v2\/media\/6380"}],"wp:attachment":[{"href":"https:\/\/antcube.shop\/pt\/wp-json\/wp\/v2\/media?parent=4343"}],"wp:term":[{"taxonomy":"product_brand","embeddable":true,"href":"https:\/\/antcube.shop\/pt\/wp-json\/wp\/v2\/product_brand?post=4343"},{"taxonomy":"product_cat","embeddable":true,"href":"https:\/\/antcube.shop\/pt\/wp-json\/wp\/v2\/product_cat?post=4343"},{"taxonomy":"product_tag","embeddable":true,"href":"https:\/\/antcube.shop\/pt\/wp-json\/wp\/v2\/product_tag?post=4343"}],"curies":[{"name":"wp","href":"https:\/\/api.w.org\/{rel}","templated":true}]}}