{"id":4342,"date":"2022-06-08T14:36:40","date_gmt":"2022-06-08T12:36:40","guid":{"rendered":"https:\/\/antcube.shop\/produkt\/naturbusch-auf-schieferplatte-klein\/"},"modified":"2026-04-08T08:47:35","modified_gmt":"2026-04-08T06:47:35","slug":"naturbusch-auf-schieferplatte-klein","status":"publish","type":"product","link":"https:\/\/antcube.shop\/pt\/produto\/naturbusch-auf-schieferplatte-klein\/","title":{"rendered":"Arbusto natural sobre ard\u00f3sia - Pequeno"},"content":{"rendered":"<p>Tamanho \/ altura at\u00e9 9 cm, ideal para as arenas 20x20x10 cm.<br \/>\nO peso varia de 200 a 600 gramas<\/p>\n<p>Artigo decorativo que consiste em componentes puramente naturais, de um arbusto de madeira seca e de uma placa de ard\u00f3sia (placa base). Ambos produtos naturais n\u00e3o tratados.<br \/>\nEsta mini-\u00e1rvore foi feita \u00e0 m\u00e3o na Alemanha, sendo assim caracterizada pela sustentabilidade.<\/p>\n<p><strong>ATEN\u00c7\u00c3O:<\/strong> Por favor n\u00e3o colocar em formic\u00e1rios muito h\u00famidos (mais de 60% humidade). O arbusto pode come\u00e7ar a moldar-se. Com uma ventila\u00e7\u00e3o muito boa, o arbusto pode ser colocado em formic\u00e1rios mais h\u00famidos.<\/p>\n<p><strong>NOTA IMPORTANTE SOBRE O ARTIGO:<\/strong><br \/>\nUma vez que este \u00e9 um produto natural \/ \u00fanico, as imagens aqui n\u00e3o s\u00e3o completamente id\u00eanticas ao item que ir\u00e1 receber. Haver\u00e1 varia\u00e7\u00f5es no tamanho, forma e cor da mini-\u00e1rvore, bem como da placa base da ard\u00f3sia da pedreira. Garantimos apenas a altura m\u00e1xima do item.<\/p>\n<p>Ao encomendar este artigo, concorda e consente com as poss\u00edveis varia\u00e7\u00f5es do produto acima referidas em tamanho, forma e cor no momento da compra.<\/p>","protected":false},"excerpt":{"rendered":"<p>Tamanho: 18x15x9<\/p>","protected":false},"featured_media":4355,"comment_status":"open","ping_status":"closed","template":"","meta":{"_acf_changed":false,"content-type":"","_monsterinsights_skip_tracking":false,"_monsterinsights_sitenote_active":false,"_monsterinsights_sitenote_note":"","_monsterinsights_sitenote_category":0},"product_brand":[],"product_cat":[99,101,102],"product_tag":[],"class_list":{"0":"post-4342","1":"product","2":"type-product","3":"status-publish","4":"has-post-thumbnail","6":"product_cat-desert","7":"product_cat-forest","8":"product_cat-meadow","10":"first","11":"instock","12":"taxable","13":"shipping-taxable","14":"purchasable","15":"product-type-simple"},"acf":[],"aioseo_notices":[],"jetpack_sharing_enabled":true,"_links":{"self":[{"href":"https:\/\/antcube.shop\/pt\/wp-json\/wp\/v2\/product\/4342","targetHints":{"allow":["GET"]}}],"collection":[{"href":"https:\/\/antcube.shop\/pt\/wp-json\/wp\/v2\/product"}],"about":[{"href":"https:\/\/antcube.shop\/pt\/wp-json\/wp\/v2\/types\/product"}],"replies":[{"embeddable":true,"href":"https:\/\/antcube.shop\/pt\/wp-json\/wp\/v2\/comments?post=4342"}],"wp:featuredmedia":[{"embeddable":true,"href":"https:\/\/antcube.shop\/pt\/wp-json\/wp\/v2\/media\/4355"}],"wp:attachment":[{"href":"https:\/\/antcube.shop\/pt\/wp-json\/wp\/v2\/media?parent=4342"}],"wp:term":[{"taxonomy":"product_brand","embeddable":true,"href":"https:\/\/antcube.shop\/pt\/wp-json\/wp\/v2\/product_brand?post=4342"},{"taxonomy":"product_cat","embeddable":true,"href":"https:\/\/antcube.shop\/pt\/wp-json\/wp\/v2\/product_cat?post=4342"},{"taxonomy":"product_tag","embeddable":true,"href":"https:\/\/antcube.shop\/pt\/wp-json\/wp\/v2\/product_tag?post=4342"}],"curies":[{"name":"wp","href":"https:\/\/api.w.org\/{rel}","templated":true}]}}