{"id":4261,"date":"2022-04-28T14:01:16","date_gmt":"2022-04-28T12:01:16","guid":{"rendered":"https:\/\/antcube.shop\/produkt\/nestrohrchen-rack-25mm\/"},"modified":"2026-01-12T12:36:20","modified_gmt":"2026-01-12T11:36:20","slug":"nestrohrchen-rack-25mm","status":"publish","type":"product","link":"https:\/\/antcube.shop\/pt\/produto\/nestrohrchen-rack-25mm\/","title":{"rendered":"Suporte de tubo ninho 25mm"},"content":{"rendered":"<p style=\"margin-bottom: 0cm;\"><strong>Dimens\u00f5es:<\/strong> 25x12x4 cm<\/p>\n<p><strong>Materiais: <\/strong>PMMA, PVC<\/p>\n<p><strong>A cor: <\/strong>cristalino, transparente, transparente<\/p>\n<p><strong>Conte\u00fado:<\/strong><br \/>\n2x placa de furo<br \/>\n2x placa de ader\u00eancia<br \/>\n4x cintas el\u00e1sticas<\/p>\n<p><strong>Nota: <\/strong>As pe\u00e7as s\u00e3o fornecidas como um kit ou sistema plug-in. N\u00e3o \u00e9 necess\u00e1ria a colagem.<\/p>\n<p><strong>Conex\u00e3o:<\/strong><br \/>\npara tubos de ninho com um di\u00e2metro de 25 mm<\/p>\n<p><strong>Descri\u00e7\u00e3o:<\/strong> O porta-tubos de ninho \u00e9 utilizado para o armazenamento cuidadoso de tubos de ninho de formigas. O kit \u00e9 f\u00e1cil de montar.<\/p>\n<p><strong>Aplica\u00e7\u00e3o:<\/strong> Para armazenamento de tubos de ninho. Adequado para a nossa incubadora de formigas<\/p>\n<p><strong>Nota:<\/strong> Para melhorar a estabilidade no empilhamento, recomendamos a utiliza\u00e7\u00e3o de \"Anel de veda\u00e7\u00e3o transparente flex\u00edvel 20-50 mm - 10 pcs\" ver recomenda\u00e7\u00e3o do artigo.<\/p>","protected":false},"excerpt":{"rendered":"<p>para tubos de ninho de 25mm<\/p>","protected":false},"featured_media":4279,"comment_status":"open","ping_status":"closed","template":"","meta":{"_acf_changed":false,"content-type":"","_monsterinsights_skip_tracking":false,"_monsterinsights_sitenote_active":false,"_monsterinsights_sitenote_note":"","_monsterinsights_sitenote_category":0},"product_brand":[],"product_cat":[237],"product_tag":[],"class_list":{"0":"post-4261","1":"product","2":"type-product","3":"status-publish","4":"has-post-thumbnail","6":"product_cat-tools","8":"first","9":"instock","10":"taxable","11":"shipping-taxable","12":"purchasable","13":"product-type-simple"},"acf":[],"aioseo_notices":[],"jetpack_sharing_enabled":true,"_links":{"self":[{"href":"https:\/\/antcube.shop\/pt\/wp-json\/wp\/v2\/product\/4261","targetHints":{"allow":["GET"]}}],"collection":[{"href":"https:\/\/antcube.shop\/pt\/wp-json\/wp\/v2\/product"}],"about":[{"href":"https:\/\/antcube.shop\/pt\/wp-json\/wp\/v2\/types\/product"}],"replies":[{"embeddable":true,"href":"https:\/\/antcube.shop\/pt\/wp-json\/wp\/v2\/comments?post=4261"}],"wp:featuredmedia":[{"embeddable":true,"href":"https:\/\/antcube.shop\/pt\/wp-json\/wp\/v2\/media\/4279"}],"wp:attachment":[{"href":"https:\/\/antcube.shop\/pt\/wp-json\/wp\/v2\/media?parent=4261"}],"wp:term":[{"taxonomy":"product_brand","embeddable":true,"href":"https:\/\/antcube.shop\/pt\/wp-json\/wp\/v2\/product_brand?post=4261"},{"taxonomy":"product_cat","embeddable":true,"href":"https:\/\/antcube.shop\/pt\/wp-json\/wp\/v2\/product_cat?post=4261"},{"taxonomy":"product_tag","embeddable":true,"href":"https:\/\/antcube.shop\/pt\/wp-json\/wp\/v2\/product_tag?post=4261"}],"curies":[{"name":"wp","href":"https:\/\/api.w.org\/{rel}","templated":true}]}}