{"id":4258,"date":"2022-04-28T14:00:36","date_gmt":"2022-04-28T12:00:36","guid":{"rendered":"https:\/\/antcube.shop\/produkt\/ameisen-inkubator\/"},"modified":"2026-04-09T15:04:51","modified_gmt":"2026-04-09T13:04:51","slug":"ameisen-inkubator","status":"publish","type":"product","link":"https:\/\/antcube.shop\/pt\/produto\/ameisen-inkubator\/","title":{"rendered":"Incubadora de formigas"},"content":{"rendered":"<p><strong>Tamanho:\u00a0<\/strong>Tamanho da unidade: 40\u00d739,5\u00d748 cm; Interior: 32\u00d722,5\u00d737 cm<\/p>\n<p><strong>Cor:<\/strong> Preto<\/p>\n<p><strong>Especifica\u00e7\u00f5es t\u00e9cnicas:<\/strong><br \/>\nTens\u00e3o: 220-240V, 50Hz<br \/>\nPot\u00eancia: 70W<br \/>\nComprimento do cabo de alimenta\u00e7\u00e3o: 1.60m<br \/>\nGama de temperaturas: 5\u00b0C - 40\u00b0C<\/p>\n<p><strong>Material:<\/strong> Metal, vidro<\/p>\n<p><strong>Descri\u00e7\u00e3o:<\/strong><br \/>\nEsta incubadora de formigas n\u00e3o s\u00f3 \u00e9 muito adequada para criar col\u00f3nias de formigas de regi\u00f5es tropicais, como tamb\u00e9m para col\u00f3nias de formigas em hiberna\u00e7\u00e3o.<br \/>\nTem um controlador de temperatura com visor digital e uma prateleira interm\u00e9dia amov\u00edvel para mais espa\u00e7o. A temperatura pode ser regulada e alterada consoante as necessidades. O aparelho pode arrefecer (at\u00e9 aprox. 5\u00b0C) e aquecer (at\u00e9 aprox. 40\u00b0C). O intervalo de temperatura ajust\u00e1vel \u00e9 de aprox. 5\u00b0C-40\u00b0C. Por conseguinte, tamb\u00e9m pode ser utilizado para a invernada de formigas ind\u00edgenas.<\/p>\n<p><strong>Vantagens:<\/strong><br \/>\nMuitas vezes \u00e9 confrontado com a quest\u00e3o de como armazenar formigas para hiberna\u00e7\u00e3o sem complica\u00e7\u00f5es \u00e0 temperatura certa. O frigor\u00edfico est\u00e1 demasiado cheio de qualquer forma, na varanda pode ficar demasiado frio para os animais e na cave tamb\u00e9m est\u00e1 apertado, ou n\u00e3o se tem controlo suficiente.<br \/>\n<strong>Aqui est\u00e1 a solu\u00e7\u00e3o:<\/strong> Ou pode deixar os animais passar o Inverno na incubadora com as nossas prateleiras de tubos de ninho em tubos de ensaio, neste caso mesmo at\u00e9 100 col\u00f3nias ao mesmo tempo, ou juntamente com todo o ANTCUBE Formicarium. Por exemplo, o nosso ANTCUBE Arena Combi, cabe completamente no interior. Mas tamb\u00e9m um conjunto inicial com arena 20x20x10 e 2 ninhos 20\u00d720 teria espa\u00e7o suficiente.<br \/>\nTamb\u00e9m o armazenamento &amp; transporte com o carro, por exemplo durante um voo de enxame, a recoloca\u00e7\u00e3o ou o transporte das formigas cortadoras de folhas particularmente sens\u00edveis s\u00e3o realiz\u00e1veis por este meio.<br \/>\nOs racks pr\u00e1ticos para tubos de ensaio (tubos de ninho) est\u00e3o dispon\u00edveis em tr\u00eas tamanhos diferentes. Aqui est\u00e1 a nossa recomenda\u00e7\u00e3o:<\/p>\n<p><strong>Recomenda\u00e7\u00e3o:<\/strong><br \/>\nO espa\u00e7o na incubadora \u00e9 adequado para tal:<br \/>\nAt\u00e9 24x tubos de ensaio de cr\u00edquete\/ ou 24x a caixa de recolha transparente 115x115x55<br \/>\nPara formigas em tubos de ninho, recomendamos as estantes de tubos de ninho para armazenamento<br \/>\nEncaixar no interior:<br \/>\n- suporte de tubos de ninho para 16mm = 12 pe\u00e7as ou 120 tubos de ninho com 16mm de di\u00e2metro<br \/>\n- Rack de tubos de 18mm = 12 pe\u00e7as ou 120 tubos de nidifica\u00e7\u00e3o com 18mm de di\u00e2metro<br \/>\n- Rack de tubos de 25mm = 9 pe\u00e7as ou 54 tubos de 25mm de di\u00e2metro<\/p>\n<p><strong>Nota:<\/strong><br \/>\n- N\u00e3o instalar sob luz solar direta ou junto a uma fonte de calor, uma vez que as flutua\u00e7\u00f5es de temperatura externa afectam a temperatura interna.<br \/>\n- Colocar o aparelho num local seco onde a temperatura seja o mais constante poss\u00edvel.<br \/>\n- Os ventiladores devem poder rodar livremente<br \/>\n- As superf\u00edcies a\u00e9reas devem permanecer limpas<br \/>\n- Verificar regularmente se existem danos -&gt; se existirem, interromper imediatamente o funcionamento<br \/>\n- A incubadora pode ser duplamente protegida com um Thermo Control II ou Thermo Control Pro II adicional. Na parte de tr\u00e1s do aparelho encontra-se uma passagem correspondente.<\/p>\n<p><strong>Nota: <\/strong>20.01.2025 - Atualiza\u00e7\u00e3o do produto - novo modelo<\/p>","protected":false},"excerpt":{"rendered":"<p>Tamanho: Tamanho da unidade: 40\u00d739,5\u00d748 cm ; Interior: 32\u00d722,5\u00d737 cm Cor: Preto Especifica\u00e7\u00f5es t\u00e9cnicas: Tens\u00e3o: 220-240V, 50Hz Pot\u00eancia: 70W Comprimento do cabo de alimenta\u00e7\u00e3o: 1,60m Faixa de temperatura: 5\u00b0C - 40\u00b0C Material: Metal, vidro Descri\u00e7\u00e3o: Esta Incubadora de Formigas n\u00e3o s\u00f3 \u00e9 muito adequada para criar col\u00f3nias de formigas de regi\u00f5es tropicais, mas tamb\u00e9m para col\u00f3nias de formigas em hiberna\u00e7\u00e3o. Tem [...]","protected":false},"featured_media":11099,"comment_status":"open","ping_status":"closed","template":"","meta":{"_acf_changed":false,"content-type":"","_monsterinsights_skip_tracking":false,"_monsterinsights_sitenote_active":false,"_monsterinsights_sitenote_note":"","_monsterinsights_sitenote_category":0},"product_brand":[],"product_cat":[237],"product_tag":[],"class_list":{"0":"post-4258","1":"product","2":"type-product","3":"status-publish","4":"has-post-thumbnail","6":"product_cat-tools","8":"first","9":"instock","10":"taxable","11":"shipping-taxable","12":"purchasable","13":"product-type-simple"},"acf":[],"aioseo_notices":[],"jetpack_sharing_enabled":true,"_links":{"self":[{"href":"https:\/\/antcube.shop\/pt\/wp-json\/wp\/v2\/product\/4258","targetHints":{"allow":["GET"]}}],"collection":[{"href":"https:\/\/antcube.shop\/pt\/wp-json\/wp\/v2\/product"}],"about":[{"href":"https:\/\/antcube.shop\/pt\/wp-json\/wp\/v2\/types\/product"}],"replies":[{"embeddable":true,"href":"https:\/\/antcube.shop\/pt\/wp-json\/wp\/v2\/comments?post=4258"}],"wp:featuredmedia":[{"embeddable":true,"href":"https:\/\/antcube.shop\/pt\/wp-json\/wp\/v2\/media\/11099"}],"wp:attachment":[{"href":"https:\/\/antcube.shop\/pt\/wp-json\/wp\/v2\/media?parent=4258"}],"wp:term":[{"taxonomy":"product_brand","embeddable":true,"href":"https:\/\/antcube.shop\/pt\/wp-json\/wp\/v2\/product_brand?post=4258"},{"taxonomy":"product_cat","embeddable":true,"href":"https:\/\/antcube.shop\/pt\/wp-json\/wp\/v2\/product_cat?post=4258"},{"taxonomy":"product_tag","embeddable":true,"href":"https:\/\/antcube.shop\/pt\/wp-json\/wp\/v2\/product_tag?post=4258"}],"curies":[{"name":"wp","href":"https:\/\/api.w.org\/{rel}","templated":true}]}}