{"id":4175,"date":"2022-03-14T17:24:15","date_gmt":"2022-03-14T16:24:15","guid":{"rendered":"https:\/\/antcube.shop\/produkt\/candy-ant-snack-20g\/"},"modified":"2026-04-04T06:34:17","modified_gmt":"2026-04-04T04:34:17","slug":"doce-ant-snack-20g-2","status":"publish","type":"product","link":"https:\/\/antcube.shop\/pt\/produto\/doce-ant-snack-20g-2\/","title":{"rendered":"Petisco de Formiga Doce - 20g"},"content":{"rendered":"<p><strong>Conte\u00fado:<\/strong><br \/>\n20g<\/p>\n<p><strong>Descri\u00e7\u00e3o:<\/strong><br \/>\nEste \u00e9 um produto natural puro. O nosso Candy Ant Snack, feito de Acheta domesticus cultivada organicamente, revestido com mel org\u00e2nico.<br \/>\nFacilmente diger\u00edvel. Gra\u00e7as \u00e0s prote\u00ednas de alta qualidade, \u00e9 um alimento quase completo (substitui mel\/a\u00e7\u00facar e prote\u00ednas) para a maioria das esp\u00e9cies de formigas como Lasius sp., Camponotus sp. ou Messor sp. etc. As formigas adoram-no. N\u00e3o substitui a \u00e1gua doce necess\u00e1ria para as formigas. Tamb\u00e9m n\u00e3o substitui a necessidade de prote\u00ednas vivas, tais como pequenos insectos.<\/p>\n<p>Esta ra\u00e7\u00e3o suplementar est\u00e1 cheia de prote\u00edna de pot\u00eancia contendo cerca de 50% prote\u00edna natural pura.<br \/>\nAl\u00e9m disso, o produto tem sido alimentado com res\u00edduos org\u00e2nicos de plantas sem pesticidas, o que tem um alto valor ecol\u00f3gico, j\u00e1 que menos energia e \u00e1gua \u00e9 utilizada em sua produ\u00e7\u00e3o.<\/p>\n<p>O valor acrescentado para todos os amantes de formigas \u00e9 a combina\u00e7\u00e3o de prote\u00ednas naturais e o revestimento com mel natural. As formigas adoram e precisam disso para o bom desenvolvimento da cria\u00e7\u00e3o e crescimento saud\u00e1vel da col\u00f3nia.<\/p>\n<p><strong>Aplica\u00e7\u00e3o:<\/strong><br \/>\nPara a alimenta\u00e7\u00e3o, o Candy Ant Snack deve ser dividido em por\u00e7\u00f5es menores ou dissolvido em \u00e1gua.<\/p>\n<p><strong>Cont\u00e9m:<\/strong><br \/>\nAcheta domesticus naturalmente seca, revestida com mel org\u00e2nico. N\u00e3o se destina ao consumo humano. Apenas para formigas.<br \/>\nRaz\u00e3o aproximada de mistura 70% Acheta domesticus e 30% mel.<\/p>\n<p><strong>Armazenamento:<\/strong><br \/>\nReseal\u00e1vel. Por favor, guarde em lugar escuro, fresco e seco.<\/p>\n<p><strong>Nota:<\/strong><br \/>\nComida suplementar para formigas.<br \/>\nConsulte o folheto informativo sobre a composi\u00e7\u00e3o, ingredientes anal\u00edticos, data de validade e n\u00famero do lote.<\/p>\n<p>Linha direta de informa\u00e7\u00f5es +49 30 439703870<\/p>\n<p>Inspec\u00e7\u00e3o veterin\u00e1ria e alimentar respons\u00e1vel:<br \/>\nEscrit\u00f3rio Veterin\u00e1rio Steglitz<br \/>\nK\u00f6nigin-Luise-Str. 92<br \/>\n14195 Berlim<\/p>","protected":false},"excerpt":{"rendered":"<p>Alimentos suplementares<\/p>","protected":false},"featured_media":4182,"comment_status":"open","ping_status":"closed","template":"","meta":{"_acf_changed":false,"content-type":"","_monsterinsights_skip_tracking":false,"_monsterinsights_sitenote_active":false,"_monsterinsights_sitenote_note":"","_monsterinsights_sitenote_category":0},"product_brand":[],"product_cat":[115,116],"product_tag":[],"class_list":{"0":"post-4175","1":"product","2":"type-product","3":"status-publish","4":"has-post-thumbnail","6":"product_cat-food-and-feeding","7":"product_cat-food","9":"first","10":"instock","11":"taxable","12":"shipping-taxable","13":"purchasable","14":"product-type-simple"},"acf":[],"aioseo_notices":[],"jetpack_sharing_enabled":true,"_links":{"self":[{"href":"https:\/\/antcube.shop\/pt\/wp-json\/wp\/v2\/product\/4175","targetHints":{"allow":["GET"]}}],"collection":[{"href":"https:\/\/antcube.shop\/pt\/wp-json\/wp\/v2\/product"}],"about":[{"href":"https:\/\/antcube.shop\/pt\/wp-json\/wp\/v2\/types\/product"}],"replies":[{"embeddable":true,"href":"https:\/\/antcube.shop\/pt\/wp-json\/wp\/v2\/comments?post=4175"}],"wp:featuredmedia":[{"embeddable":true,"href":"https:\/\/antcube.shop\/pt\/wp-json\/wp\/v2\/media\/4182"}],"wp:attachment":[{"href":"https:\/\/antcube.shop\/pt\/wp-json\/wp\/v2\/media?parent=4175"}],"wp:term":[{"taxonomy":"product_brand","embeddable":true,"href":"https:\/\/antcube.shop\/pt\/wp-json\/wp\/v2\/product_brand?post=4175"},{"taxonomy":"product_cat","embeddable":true,"href":"https:\/\/antcube.shop\/pt\/wp-json\/wp\/v2\/product_cat?post=4175"},{"taxonomy":"product_tag","embeddable":true,"href":"https:\/\/antcube.shop\/pt\/wp-json\/wp\/v2\/product_tag?post=4175"}],"curies":[{"name":"wp","href":"https:\/\/api.w.org\/{rel}","templated":true}]}}