{"id":4165,"date":"2022-02-28T11:41:35","date_gmt":"2022-02-28T10:41:35","guid":{"rendered":"https:\/\/antcube.shop\/produkt\/fixier-punkte-8-st\/"},"modified":"2026-04-13T10:48:42","modified_gmt":"2026-04-13T08:48:42","slug":"fixier-punkte-8-st","status":"publish","type":"product","link":"https:\/\/antcube.shop\/pt\/produto\/fixier-punkte-8-st\/","title":{"rendered":"Pontos de fixa\u00e7\u00e3o - 8 pcs"},"content":{"rendered":"<p><strong>Dimens\u00f5es (CxLxA):<\/strong> 12x12x3 mm (Atrav\u00e9s de forma trapezoidal no topo 10x10mm).<\/p>\n<p><strong>Material:<\/strong> poliuretano sem plastificantes com acrilato adesivo<\/p>\n<p><strong>Cor:<\/strong> transparente<\/p>\n<p><strong>Conte\u00fado:<\/strong><br \/>\n8x pontos de fixa\u00e7\u00e3o<\/p>\n<p><strong>Descri\u00e7\u00e3o:<\/strong> Para a nossa cobertura da arena das formigas. Os pontos de fixa\u00e7\u00e3o s\u00e3o colados no fundo da cobertura para evitar que ela escorregue da arena. Os pontos tamb\u00e9m podem ser usados como p\u00e9s para a arena e tamb\u00e9m para as inser\u00e7\u00f5es internas da extremidade da arena para proteg\u00ea-los de tombar.<\/p>","protected":false},"excerpt":{"rendered":"<p>Dimens\u00f5es (CxLxA): 12x12x3 mm (atrav\u00e9s da forma trapezoidal no topo 10x10mm). Material: poliuretano sem plastificantes com adesivo de acrilato Cor: transparente Conte\u00fado: 8x pontos de fixa\u00e7\u00e3o Descri\u00e7\u00e3o: Para a nossa cobertura do formigueiro. Os pontos de fixa\u00e7\u00e3o s\u00e3o colados na parte inferior da cobertura para evitar que esta escorregue da arena. Os pontos tamb\u00e9m podem ser utilizados como","protected":false},"featured_media":4178,"comment_status":"open","ping_status":"closed","template":"","meta":{"_acf_changed":false,"content-type":"","_monsterinsights_skip_tracking":false,"_monsterinsights_sitenote_active":false,"_monsterinsights_sitenote_note":"","_monsterinsights_sitenote_category":0},"product_brand":[],"product_cat":[92,237],"product_tag":[],"class_list":{"0":"post-4165","1":"product","2":"type-product","3":"status-publish","4":"has-post-thumbnail","6":"product_cat-arena-cover","7":"product_cat-tools","9":"first","10":"instock","11":"taxable","12":"shipping-taxable","13":"purchasable","14":"product-type-simple"},"acf":[],"aioseo_notices":[],"jetpack_sharing_enabled":true,"_links":{"self":[{"href":"https:\/\/antcube.shop\/pt\/wp-json\/wp\/v2\/product\/4165","targetHints":{"allow":["GET"]}}],"collection":[{"href":"https:\/\/antcube.shop\/pt\/wp-json\/wp\/v2\/product"}],"about":[{"href":"https:\/\/antcube.shop\/pt\/wp-json\/wp\/v2\/types\/product"}],"replies":[{"embeddable":true,"href":"https:\/\/antcube.shop\/pt\/wp-json\/wp\/v2\/comments?post=4165"}],"wp:featuredmedia":[{"embeddable":true,"href":"https:\/\/antcube.shop\/pt\/wp-json\/wp\/v2\/media\/4178"}],"wp:attachment":[{"href":"https:\/\/antcube.shop\/pt\/wp-json\/wp\/v2\/media?parent=4165"}],"wp:term":[{"taxonomy":"product_brand","embeddable":true,"href":"https:\/\/antcube.shop\/pt\/wp-json\/wp\/v2\/product_brand?post=4165"},{"taxonomy":"product_cat","embeddable":true,"href":"https:\/\/antcube.shop\/pt\/wp-json\/wp\/v2\/product_cat?post=4165"},{"taxonomy":"product_tag","embeddable":true,"href":"https:\/\/antcube.shop\/pt\/wp-json\/wp\/v2\/product_tag?post=4165"}],"curies":[{"name":"wp","href":"https:\/\/api.w.org\/{rel}","templated":true}]}}