{"id":4145,"date":"2022-02-14T15:54:25","date_gmt":"2022-02-14T14:54:25","guid":{"rendered":"https:\/\/antcube.shop\/produkt\/ant-nuggets-20g\/"},"modified":"2026-04-14T09:35:31","modified_gmt":"2026-04-14T07:35:31","slug":"ant-nuggets-20g","status":"publish","type":"product","link":"https:\/\/antcube.shop\/pt\/produto\/ant-nuggets-20g\/","title":{"rendered":"Formiga Nuggets - 20g"},"content":{"rendered":"<p><strong>Conte\u00fado:<\/strong><br \/>\n20g<\/p>\n<p><strong>Descri\u00e7\u00e3o:<\/strong><br \/>\nEste \u00e9 um produto natural puro. As nossas formigas, foram cuidadosamente recolhidas na natureza selvagem da Bulg\u00e1ria pelos apicultores. F\u00e1cil digest\u00e3o devido \u00e0 fermenta\u00e7\u00e3o natural. Gra\u00e7as \u00e0s prote\u00ednas de alta qualidade \u00e9 um alimento quase completo (substitui o mel\/a\u00e7\u00facar e as prote\u00ednas) para a maioria das esp\u00e9cies de formigas formic\u00f3ides como Lasius sp., Camponotus sp. ou Messor sp. e at\u00e9 mesmo formigas cortadoras de folhas adoram-no. N\u00e3o substitui a necessidade de formigas de \u00e1gua doce. Tamb\u00e9m n\u00e3o substitui a necessidade de prote\u00ednas vivas, tais como pequenos insectos.<\/p>\n<p><strong>Aplica\u00e7\u00e3o:<\/strong><br \/>\nPara a alimenta\u00e7\u00e3o, os Nuggets de Formiga devem ser divididos em por\u00e7\u00f5es menores ou dissolvidos em \u00e1gua.<\/p>\n<p><strong>Cont\u00e9m:<\/strong><br \/>\n100% p\u00f3len de flores naturalmente fermentado. N\u00e3o destinado ao consumo humano. Apenas para formigas.<\/p>\n<p><strong>Armazenamento:<\/strong><br \/>\nReseal\u00e1vel. Por favor, guarde em lugar escuro, fresco e seco.<\/p>\n<p><strong>Nota:<\/strong><br \/>\nComida suplementar para formigas.<br \/>\nConsulte o folheto informativo sobre a composi\u00e7\u00e3o, ingredientes anal\u00edticos, data de validade e n\u00famero do lote.<\/p>\n<p>Linha direta de informa\u00e7\u00f5es +49 30 439703870<\/p>\n<p>Inspec\u00e7\u00e3o veterin\u00e1ria e alimentar respons\u00e1vel:<br \/>\nEscrit\u00f3rio Veterin\u00e1rio Steglitz<br \/>\nK\u00f6nigin-Luise-Str. 92<br \/>\n14195 Berlim<\/p>","protected":false},"excerpt":{"rendered":"<p>Alimentos suplementares<\/p>","protected":false},"featured_media":4149,"comment_status":"open","ping_status":"closed","template":"","meta":{"_acf_changed":false,"content-type":"","_monsterinsights_skip_tracking":false,"_monsterinsights_sitenote_active":false,"_monsterinsights_sitenote_note":"","_monsterinsights_sitenote_category":0},"product_brand":[],"product_cat":[115,116],"product_tag":[],"class_list":{"0":"post-4145","1":"product","2":"type-product","3":"status-publish","4":"has-post-thumbnail","6":"product_cat-food-and-feeding","7":"product_cat-food","9":"first","10":"instock","11":"taxable","12":"shipping-taxable","13":"purchasable","14":"product-type-simple"},"acf":[],"aioseo_notices":[],"jetpack_sharing_enabled":true,"_links":{"self":[{"href":"https:\/\/antcube.shop\/pt\/wp-json\/wp\/v2\/product\/4145","targetHints":{"allow":["GET"]}}],"collection":[{"href":"https:\/\/antcube.shop\/pt\/wp-json\/wp\/v2\/product"}],"about":[{"href":"https:\/\/antcube.shop\/pt\/wp-json\/wp\/v2\/types\/product"}],"replies":[{"embeddable":true,"href":"https:\/\/antcube.shop\/pt\/wp-json\/wp\/v2\/comments?post=4145"}],"wp:featuredmedia":[{"embeddable":true,"href":"https:\/\/antcube.shop\/pt\/wp-json\/wp\/v2\/media\/4149"}],"wp:attachment":[{"href":"https:\/\/antcube.shop\/pt\/wp-json\/wp\/v2\/media?parent=4145"}],"wp:term":[{"taxonomy":"product_brand","embeddable":true,"href":"https:\/\/antcube.shop\/pt\/wp-json\/wp\/v2\/product_brand?post=4145"},{"taxonomy":"product_cat","embeddable":true,"href":"https:\/\/antcube.shop\/pt\/wp-json\/wp\/v2\/product_cat?post=4145"},{"taxonomy":"product_tag","embeddable":true,"href":"https:\/\/antcube.shop\/pt\/wp-json\/wp\/v2\/product_tag?post=4145"}],"curies":[{"name":"wp","href":"https:\/\/api.w.org\/{rel}","templated":true}]}}