{"id":4141,"date":"2022-02-14T15:33:41","date_gmt":"2022-02-14T14:33:41","guid":{"rendered":"https:\/\/antcube.shop\/produkt\/bodengrund-sand-lehm-beige-200g\/"},"modified":"2026-04-06T11:46:18","modified_gmt":"2026-04-06T09:46:18","slug":"bodengrund-sand-lehm-beige-200g","status":"publish","type":"product","link":"https:\/\/antcube.shop\/pt\/produto\/bodengrund-sand-lehm-beige-200g\/","title":{"rendered":"solo - mistura de argila de areia bege - 200g"},"content":{"rendered":"<p><strong>Conte\u00fado:<\/strong> 200g<\/p>\n<p><strong>Material:<\/strong> areia, argila<\/p>\n<p><strong>Cor:<\/strong> bege<\/p>\n<p><strong>Raz\u00e3o de mistura:<\/strong> diger\u00edvel<\/p>\n<p><strong>Descri\u00e7\u00e3o:<\/strong> Esta mistura de argila arenosa pr\u00e9-fabricada \u00e9 um produto natural puro. A colora\u00e7\u00e3o e a for\u00e7a s\u00e3o criadas pelo solo argiloso natural, que \u00e9 inofensivo para os animais.<\/p>\n<p><strong>Aplica\u00e7\u00e3o:<\/strong> Solo de escava\u00e7\u00e3o, pode ser usado para ninho e \u00e1rea de arena!<\/p>\n<p><strong>Nota:<\/strong> uma vez que se trata de um produto puramente natural, pode haver ligeiras diferen\u00e7as de cor e estrutura que n\u00e3o podemos influenciar.<\/p>\n<p><strong>Importante:<\/strong> Humedecer o substrato antes da utiliza\u00e7\u00e3o para que a mistura possa combinar e desenvolver um suporte firme na quinta das formigas. Al\u00e9m disso, um substrato demasiado seco e poeirento pode levar ao bloqueio das vias respirat\u00f3rias das formigas e, no pior dos casos, os animais sufocam.<\/p>","protected":false},"excerpt":{"rendered":"<p>Substrato natural - diger\u00edvel<\/p>","protected":false},"featured_media":4390,"comment_status":"open","ping_status":"closed","template":"","meta":{"_acf_changed":false,"content-type":"","_monsterinsights_skip_tracking":false,"_monsterinsights_sitenote_active":false,"_monsterinsights_sitenote_note":"","_monsterinsights_sitenote_category":0},"product_brand":[],"product_cat":[96],"product_tag":[],"class_list":{"0":"post-4141","1":"product","2":"type-product","3":"status-publish","4":"has-post-thumbnail","6":"product_cat-soil","8":"first","9":"instock","10":"taxable","11":"shipping-taxable","12":"purchasable","13":"product-type-simple"},"acf":[],"aioseo_notices":[],"jetpack_sharing_enabled":true,"_links":{"self":[{"href":"https:\/\/antcube.shop\/pt\/wp-json\/wp\/v2\/product\/4141","targetHints":{"allow":["GET"]}}],"collection":[{"href":"https:\/\/antcube.shop\/pt\/wp-json\/wp\/v2\/product"}],"about":[{"href":"https:\/\/antcube.shop\/pt\/wp-json\/wp\/v2\/types\/product"}],"replies":[{"embeddable":true,"href":"https:\/\/antcube.shop\/pt\/wp-json\/wp\/v2\/comments?post=4141"}],"wp:featuredmedia":[{"embeddable":true,"href":"https:\/\/antcube.shop\/pt\/wp-json\/wp\/v2\/media\/4390"}],"wp:attachment":[{"href":"https:\/\/antcube.shop\/pt\/wp-json\/wp\/v2\/media?parent=4141"}],"wp:term":[{"taxonomy":"product_brand","embeddable":true,"href":"https:\/\/antcube.shop\/pt\/wp-json\/wp\/v2\/product_brand?post=4141"},{"taxonomy":"product_cat","embeddable":true,"href":"https:\/\/antcube.shop\/pt\/wp-json\/wp\/v2\/product_cat?post=4141"},{"taxonomy":"product_tag","embeddable":true,"href":"https:\/\/antcube.shop\/pt\/wp-json\/wp\/v2\/product_tag?post=4141"}],"curies":[{"name":"wp","href":"https:\/\/api.w.org\/{rel}","templated":true}]}}