{"id":4047,"date":"2021-11-30T15:12:53","date_gmt":"2021-11-30T14:12:53","guid":{"rendered":"https:\/\/antcube.shop\/produkt\/enamel-mug\/"},"modified":"2024-12-12T12:25:27","modified_gmt":"2024-12-12T11:25:27","slug":"caneca-de-esmalte","status":"publish","type":"product","link":"https:\/\/antcube.shop\/pt\/produto\/caneca-de-esmalte\/","title":{"rendered":"Caneca de esmalte"},"content":{"rendered":"<p>Cada campista feliz precisa de uma caneca de campista \u00fanica. \u00c9 leve, dur\u00e1vel e multifuncional. Use-a para a sua bebida favorita ou para uma refei\u00e7\u00e3o quente, e prenda-a \u00e0 sua bolsa para um acesso f\u00e1cil numa caminhada.<\/p>\n<p>- Material: Esmalte<br \/>\n- Dimens\u00f5es: altura 3,14\u2033 (8 cm), di\u00e2metro 3,25\u2033(8,25 cm)<br \/>\n- Revestimento branco com aro prateado<br \/>\n- Apenas lavagem das m\u00e3os<br \/>\n- Produto em branco proveniente da China<\/p>\n<p><strong>Aten\u00e7\u00e3o! N\u00e3o aque\u00e7a l\u00edquidos ou alimentos diretamente na caneca - isso pode danificar o revestimento.<\/strong><\/p>","protected":false},"excerpt":{"rendered":"<p>Cada campista feliz precisa de uma caneca de campista \u00fanica. \u00c9 leve, dur\u00e1vel e multifuncional. Use-a para a sua bebida favorita ou para uma refei\u00e7\u00e3o quente, e prenda-a \u00e0 sua bolsa para um acesso f\u00e1cil numa caminhada. - Material: Esmalte - Dimens\u00f5es: altura 3.14\u2033 (8 cm), di\u00e2metro 3.25\u2033(8.25 cm) - Revestimento branco com aro prateado - [...]","protected":false},"featured_media":4048,"comment_status":"open","ping_status":"closed","template":"","meta":{"_acf_changed":false,"content-type":"","_monsterinsights_skip_tracking":false,"_monsterinsights_sitenote_active":false,"_monsterinsights_sitenote_note":"","_monsterinsights_sitenote_category":0},"product_brand":[],"product_cat":[245],"product_tag":[],"class_list":{"0":"post-4047","1":"product","2":"type-product","3":"status-publish","4":"has-post-thumbnail","6":"product_cat-merchandise","8":"first","9":"instock","10":"taxable","11":"shipping-taxable","12":"purchasable","13":"product-type-simple"},"acf":[],"aioseo_notices":[],"jetpack_sharing_enabled":true,"_links":{"self":[{"href":"https:\/\/antcube.shop\/pt\/wp-json\/wp\/v2\/product\/4047","targetHints":{"allow":["GET"]}}],"collection":[{"href":"https:\/\/antcube.shop\/pt\/wp-json\/wp\/v2\/product"}],"about":[{"href":"https:\/\/antcube.shop\/pt\/wp-json\/wp\/v2\/types\/product"}],"replies":[{"embeddable":true,"href":"https:\/\/antcube.shop\/pt\/wp-json\/wp\/v2\/comments?post=4047"}],"wp:featuredmedia":[{"embeddable":true,"href":"https:\/\/antcube.shop\/pt\/wp-json\/wp\/v2\/media\/4048"}],"wp:attachment":[{"href":"https:\/\/antcube.shop\/pt\/wp-json\/wp\/v2\/media?parent=4047"}],"wp:term":[{"taxonomy":"product_brand","embeddable":true,"href":"https:\/\/antcube.shop\/pt\/wp-json\/wp\/v2\/product_brand?post=4047"},{"taxonomy":"product_cat","embeddable":true,"href":"https:\/\/antcube.shop\/pt\/wp-json\/wp\/v2\/product_cat?post=4047"},{"taxonomy":"product_tag","embeddable":true,"href":"https:\/\/antcube.shop\/pt\/wp-json\/wp\/v2\/product_tag?post=4047"}],"curies":[{"name":"wp","href":"https:\/\/api.w.org\/{rel}","templated":true}]}}