{"id":4002,"date":"2021-11-30T13:36:03","date_gmt":"2021-11-30T12:36:03","guid":{"rendered":"https:\/\/antcube.shop\/produkt\/cuffed-beanie\/"},"modified":"2024-12-12T12:25:36","modified_gmt":"2024-12-12T11:25:36","slug":"feijao-boxeta","status":"publish","type":"product","link":"https:\/\/antcube.shop\/pt\/produto\/feijao-boxeta\/","title":{"rendered":"Feij\u00e3o Algemado"},"content":{"rendered":"<p>Um feij\u00e3o de forma confort\u00e1vel. N\u00e3o \u00e9 apenas uma grande pe\u00e7a para aquecer a cabe\u00e7a, mas um acess\u00f3rio b\u00e1sico no guarda-roupa de qualquer um.<\/p>\n<p>- 100% Turbo Acr\u00edlico<br \/>\n- 12\u2033 (30 cm) de comprimento<br \/>\n- Hipoalerg\u00eanico<br \/>\n- estilo unisexo<br \/>\n- Lav\u00e1vel \u00e0 m\u00e3o<br \/>\n- Produto em branco origin\u00e1rio do Vietname ou Bangladesh<\/p>","protected":false},"excerpt":{"rendered":"<p>Um feij\u00e3o de forma confort\u00e1vel. N\u00e3o \u00e9 apenas uma grande pe\u00e7a para aquecer a cabe\u00e7a, mas um acess\u00f3rio b\u00e1sico no guarda-roupa de qualquer um. - 100% Turbo Acr\u00edlico - 12\u2033 (30 cm) de comprimento - Hipoalerg\u00e9nico - Estilo unisexo - Lav\u00e1vel \u00e0 m\u00e3o - Produto em branco origin\u00e1rio do Vietname ou Bangladesh<\/p>","protected":false},"featured_media":4004,"comment_status":"open","ping_status":"closed","template":"","meta":{"_acf_changed":false,"content-type":"","_monsterinsights_skip_tracking":false,"_monsterinsights_sitenote_active":false,"_monsterinsights_sitenote_note":"","_monsterinsights_sitenote_category":0},"product_brand":[],"product_cat":[245],"product_tag":[],"class_list":{"0":"post-4002","1":"product","2":"type-product","3":"status-publish","4":"has-post-thumbnail","6":"product_cat-merchandise","8":"first","9":"instock","10":"taxable","11":"shipping-taxable","12":"purchasable","13":"product-type-simple"},"acf":[],"aioseo_notices":[],"jetpack_sharing_enabled":true,"_links":{"self":[{"href":"https:\/\/antcube.shop\/pt\/wp-json\/wp\/v2\/product\/4002","targetHints":{"allow":["GET"]}}],"collection":[{"href":"https:\/\/antcube.shop\/pt\/wp-json\/wp\/v2\/product"}],"about":[{"href":"https:\/\/antcube.shop\/pt\/wp-json\/wp\/v2\/types\/product"}],"replies":[{"embeddable":true,"href":"https:\/\/antcube.shop\/pt\/wp-json\/wp\/v2\/comments?post=4002"}],"wp:featuredmedia":[{"embeddable":true,"href":"https:\/\/antcube.shop\/pt\/wp-json\/wp\/v2\/media\/4004"}],"wp:attachment":[{"href":"https:\/\/antcube.shop\/pt\/wp-json\/wp\/v2\/media?parent=4002"}],"wp:term":[{"taxonomy":"product_brand","embeddable":true,"href":"https:\/\/antcube.shop\/pt\/wp-json\/wp\/v2\/product_brand?post=4002"},{"taxonomy":"product_cat","embeddable":true,"href":"https:\/\/antcube.shop\/pt\/wp-json\/wp\/v2\/product_cat?post=4002"},{"taxonomy":"product_tag","embeddable":true,"href":"https:\/\/antcube.shop\/pt\/wp-json\/wp\/v2\/product_tag?post=4002"}],"curies":[{"name":"wp","href":"https:\/\/api.w.org\/{rel}","templated":true}]}}