{"id":3957,"date":"2021-11-30T13:32:38","date_gmt":"2021-11-30T12:32:38","guid":{"rendered":"https:\/\/antcube.shop\/produkt\/mens-high-top-canvas-shoes\/"},"modified":"2024-12-12T12:25:45","modified_gmt":"2024-12-12T11:25:45","slug":"mens-highh-top-canvas-shoes","status":"publish","type":"product","link":"https:\/\/antcube.shop\/pt\/produto\/mens-highh-top-canvas-shoes\/","title":{"rendered":"Sapatos de lona masculina de topo"},"content":{"rendered":"<p>Aumente o seu jogo de sapatos com os High Top Canvas Shoes. Estes sapatos feitos \u00e0 m\u00e3o, na moda, ir\u00e3o certamente apimentar a sua roupa. Pegue o seu agora!<\/p>\n<p>- 100% poli\u00e9ster, tela na parte superior<br \/>\n- Sola de borracha de etileno-acetato de vinilo (EVA)<br \/>\n- Forro respir\u00e1vel, palmilha macia<br \/>\n- Biqueira de couro falso<br \/>\n- Cord\u00f5es brancos<br \/>\n- Colarinho acolchoado, frente com cord\u00f5es<br \/>\n- Produto em branco proveniente da China<\/p>\n<p><strong>Importante:<\/strong> Este produto est\u00e1 dispon\u00edvel nos seguintes pa\u00edses: Estados Unidos, Canad\u00e1, Austr\u00e1lia, Nova Zel\u00e2ndia, e Jap\u00e3o. Se o seu endere\u00e7o de envio estiver fora destes pa\u00edses, por favor escolha um produto diferente.<\/p>\n<p><strong>Isen\u00e7\u00e3o de responsabilidade:<\/strong> Os sapatos v\u00e3o ter um cheiro de cola ao abrir a caixa. O cheiro desaparecer\u00e1 alguns dias depois de os sapatos serem desembalados.<\/p>","protected":false},"excerpt":{"rendered":"<p>Intensifique o seu jogo de sapatos com os High Top Canvas Shoes. Estes sapatos feitos \u00e0 m\u00e3o e da moda ir\u00e3o certamente apimentar a sua roupa. Adquira o seu agora! - 100% poli\u00e9ster, lado superior de lona - sola de borracha de etileno-vinil acetato (EVA) - forro respir\u00e1vel, palmilha macia - biqueira de couro falsa - atacadores brancos - gola acolchoada, frente com cord\u00f5es","protected":false},"featured_media":3975,"comment_status":"open","ping_status":"closed","template":"","meta":{"_acf_changed":false,"content-type":"","_monsterinsights_skip_tracking":false,"_monsterinsights_sitenote_active":false,"_monsterinsights_sitenote_note":"","_monsterinsights_sitenote_category":0},"product_brand":[],"product_cat":[245],"product_tag":[],"class_list":{"0":"post-3957","1":"product","2":"type-product","3":"status-publish","4":"has-post-thumbnail","6":"product_cat-merchandise","8":"first","9":"instock","10":"taxable","11":"shipping-taxable","12":"purchasable","13":"product-type-variable"},"acf":[],"aioseo_notices":[],"jetpack_sharing_enabled":true,"_links":{"self":[{"href":"https:\/\/antcube.shop\/pt\/wp-json\/wp\/v2\/product\/3957","targetHints":{"allow":["GET"]}}],"collection":[{"href":"https:\/\/antcube.shop\/pt\/wp-json\/wp\/v2\/product"}],"about":[{"href":"https:\/\/antcube.shop\/pt\/wp-json\/wp\/v2\/types\/product"}],"replies":[{"embeddable":true,"href":"https:\/\/antcube.shop\/pt\/wp-json\/wp\/v2\/comments?post=3957"}],"wp:featuredmedia":[{"embeddable":true,"href":"https:\/\/antcube.shop\/pt\/wp-json\/wp\/v2\/media\/3975"}],"wp:attachment":[{"href":"https:\/\/antcube.shop\/pt\/wp-json\/wp\/v2\/media?parent=3957"}],"wp:term":[{"taxonomy":"product_brand","embeddable":true,"href":"https:\/\/antcube.shop\/pt\/wp-json\/wp\/v2\/product_brand?post=3957"},{"taxonomy":"product_cat","embeddable":true,"href":"https:\/\/antcube.shop\/pt\/wp-json\/wp\/v2\/product_cat?post=3957"},{"taxonomy":"product_tag","embeddable":true,"href":"https:\/\/antcube.shop\/pt\/wp-json\/wp\/v2\/product_tag?post=3957"}],"curies":[{"name":"wp","href":"https:\/\/api.w.org\/{rel}","templated":true}]}}