{"id":3953,"date":"2021-11-30T13:30:21","date_gmt":"2021-11-30T12:30:21","guid":{"rendered":"https:\/\/antcube.shop\/produkt\/stainless-steel-water-bottle\/"},"modified":"2024-12-12T12:25:54","modified_gmt":"2024-12-12T11:25:54","slug":"garrafa-de-aco-inoxidavel-agua","status":"publish","type":"product","link":"https:\/\/antcube.shop\/pt\/produto\/garrafa-de-aco-inoxidavel-agua\/","title":{"rendered":"Garrafa de \u00c1gua de A\u00e7o Inoxid\u00e1vel"},"content":{"rendered":"<p>Esta garrafa de \u00e1gua de 17 on\u00e7as e parede dupla de a\u00e7o inoxid\u00e1vel \u00e9 perfeita para os seus passeios di\u00e1rios. Manter\u00e1 a sua bebida de elei\u00e7\u00e3o quente ou fria durante horas. Tamb\u00e9m apresenta uma tampa \u00e0 prova de cheiro e de fugas. Atire-a para o porta-copos do seu carro a caminho do trabalho, leve-a consigo em caminhadas, ou atire-a para a sua mala sempre que tiver sede.<\/p>\n<p>- A\u00e7o inoxid\u00e1vel de alta qualidade<br \/>\n- 17 oz (500 ml)<br \/>\n- Dimens\u00f5es: 10.5\u2033 \u00d7 2.85\u2033 (27 \u00d7 7 cm)<br \/>\n- Bal\u00e3o de v\u00e1cuo<br \/>\n- Constru\u00e7\u00e3o de paredes duplas<br \/>\n- Forma de pino de bowling<br \/>\n- Tampa inodora e \u00e0 prova de fugas<br \/>\n- Isolado para l\u00edquidos quentes e frios (mant\u00e9m o l\u00edquido quente ou frio durante 6 h)<br \/>\n- Revestimento ORCA patenteado para cores vibrantes<br \/>\n- Apenas lavagem manual (n\u00e3o \u00e9 recomendado lavar a lou\u00e7a devido ao selo de v\u00e1cuo)<br \/>\n- Produto em branco proveniente da China<\/p>\n<p>Aviso: Manter \u00e1gua na garrafa durante mais de 24 horas n\u00e3o \u00e9 higi\u00e9nico e pode resultar num odor desagrad\u00e1vel.<\/p>","protected":false},"excerpt":{"rendered":"<p>Esta garrafa de \u00e1gua de 17 on\u00e7as, com parede dupla em a\u00e7o inoxid\u00e1vel, \u00e9 perfeita para os seus passeios di\u00e1rios. Manter\u00e1 a sua bebida de elei\u00e7\u00e3o quente ou fria durante horas. Tamb\u00e9m possui uma tampa \u00e0 prova de odores e fugas. Coloque-a no suporte para copos do seu carro a caminho do trabalho, leve-a consigo em caminhadas ou coloque-a na [...]","protected":false},"featured_media":3954,"comment_status":"open","ping_status":"closed","template":"","meta":{"_acf_changed":false,"content-type":"","_monsterinsights_skip_tracking":false,"_monsterinsights_sitenote_active":false,"_monsterinsights_sitenote_note":"","_monsterinsights_sitenote_category":0},"product_brand":[],"product_cat":[245],"product_tag":[],"class_list":{"0":"post-3953","1":"product","2":"type-product","3":"status-publish","4":"has-post-thumbnail","6":"product_cat-merchandise","8":"first","9":"instock","10":"taxable","11":"shipping-taxable","12":"purchasable","13":"product-type-simple"},"acf":[],"aioseo_notices":[],"jetpack_sharing_enabled":true,"_links":{"self":[{"href":"https:\/\/antcube.shop\/pt\/wp-json\/wp\/v2\/product\/3953","targetHints":{"allow":["GET"]}}],"collection":[{"href":"https:\/\/antcube.shop\/pt\/wp-json\/wp\/v2\/product"}],"about":[{"href":"https:\/\/antcube.shop\/pt\/wp-json\/wp\/v2\/types\/product"}],"replies":[{"embeddable":true,"href":"https:\/\/antcube.shop\/pt\/wp-json\/wp\/v2\/comments?post=3953"}],"wp:featuredmedia":[{"embeddable":true,"href":"https:\/\/antcube.shop\/pt\/wp-json\/wp\/v2\/media\/3954"}],"wp:attachment":[{"href":"https:\/\/antcube.shop\/pt\/wp-json\/wp\/v2\/media?parent=3953"}],"wp:term":[{"taxonomy":"product_brand","embeddable":true,"href":"https:\/\/antcube.shop\/pt\/wp-json\/wp\/v2\/product_brand?post=3953"},{"taxonomy":"product_cat","embeddable":true,"href":"https:\/\/antcube.shop\/pt\/wp-json\/wp\/v2\/product_cat?post=3953"},{"taxonomy":"product_tag","embeddable":true,"href":"https:\/\/antcube.shop\/pt\/wp-json\/wp\/v2\/product_tag?post=3953"}],"curies":[{"name":"wp","href":"https:\/\/api.w.org\/{rel}","templated":true}]}}