{"id":3875,"date":"2021-11-23T18:19:09","date_gmt":"2021-11-23T17:19:09","guid":{"rendered":"https:\/\/antcube.shop\/produkt\/ameisen-spiralturm-s-30\/"},"modified":"2026-03-26T09:29:21","modified_gmt":"2026-03-26T08:29:21","slug":"ameisen-spiralturm-s-30","status":"publish","type":"product","link":"https:\/\/antcube.shop\/pt\/produto\/ameisen-spiralturm-s-30\/","title":{"rendered":"Torre espiral de formigas S - 30"},"content":{"rendered":"<div><strong>Dimens\u00f5es<\/strong>: 19x19x30cm; <strong>S<\/strong> para mangueira 10\/06 mm<\/div>\n<div><\/div>\n<div><strong>Material<\/strong>: PMMA, PVC<\/div>\n<div><\/div>\n<div><strong>Cor<\/strong>cristalino, transparente, transl\u00facido...<\/div>\n<div><\/div>\n<div><strong>Conte\u00fado<\/strong>:<\/div>\n<div>2x fundo \/ placa de cobertura<\/div>\n<div>2x acesso de mangueira para mangueira de 10\/06 mm<\/div>\n<div>4x coluna de mangueira para mangueira de 10\/06 mm<\/div>\n<div>10x pino de aperto<\/div>\n<div>Mangueira de 7m 10\/06mm<\/div>\n<div><strong>Nota<\/strong>: As pe\u00e7as s\u00e3o fornecidas como um kit ou sistema plug-in. N\u00e3o \u00e9 necess\u00e1ria a colagem.<\/div>\n<div><\/div>\n<div><strong>Liga\u00e7\u00e3o<\/strong>:<\/div>\n<div>2x mangueira 10\/06 mm<\/div>\n<div><\/div>\n<div><strong>Descri\u00e7\u00e3o<\/strong>: A torre espiral de formigas \u00e9 usada para fazer a ponte entre a altura da arena e a fazenda de formigas e, adicionalmente, oferece aos animais uma grande dist\u00e2ncia a p\u00e9 em um espa\u00e7o compacto. A dist\u00e2ncia adicional para caminhar simula os caminhos que as formigas t\u00eam de percorrer na natureza at\u00e9 \u00e0s suas fontes de alimento e pode ter um efeito positivo no desenvolvimento e comportamento da col\u00f3nia de formigas.<\/div>\n<div><\/div>\n<div><strong>Aplica\u00e7\u00e3o<\/strong>para formigas de tamanho <strong>S<\/strong><\/div>","protected":false},"excerpt":{"rendered":"<p>Liga\u00e7\u00e3o: mangueira 10\/06 mm<br \/>\nTamanho <strong>S<\/strong><\/p>","protected":false},"featured_media":3883,"comment_status":"open","ping_status":"closed","template":"","meta":{"_acf_changed":false,"content-type":"","_monsterinsights_skip_tracking":false,"_monsterinsights_sitenote_active":false,"_monsterinsights_sitenote_note":"","_monsterinsights_sitenote_category":0},"product_brand":[],"product_cat":[119,256],"product_tag":[],"class_list":{"0":"post-3875","1":"product","2":"type-product","3":"status-publish","4":"has-post-thumbnail","6":"product_cat-formicarium-components","7":"product_cat-spiral-tower","9":"first","10":"instock","11":"taxable","12":"shipping-taxable","13":"purchasable","14":"product-type-simple"},"acf":[],"aioseo_notices":[],"jetpack_sharing_enabled":true,"_links":{"self":[{"href":"https:\/\/antcube.shop\/pt\/wp-json\/wp\/v2\/product\/3875","targetHints":{"allow":["GET"]}}],"collection":[{"href":"https:\/\/antcube.shop\/pt\/wp-json\/wp\/v2\/product"}],"about":[{"href":"https:\/\/antcube.shop\/pt\/wp-json\/wp\/v2\/types\/product"}],"replies":[{"embeddable":true,"href":"https:\/\/antcube.shop\/pt\/wp-json\/wp\/v2\/comments?post=3875"}],"wp:featuredmedia":[{"embeddable":true,"href":"https:\/\/antcube.shop\/pt\/wp-json\/wp\/v2\/media\/3883"}],"wp:attachment":[{"href":"https:\/\/antcube.shop\/pt\/wp-json\/wp\/v2\/media?parent=3875"}],"wp:term":[{"taxonomy":"product_brand","embeddable":true,"href":"https:\/\/antcube.shop\/pt\/wp-json\/wp\/v2\/product_brand?post=3875"},{"taxonomy":"product_cat","embeddable":true,"href":"https:\/\/antcube.shop\/pt\/wp-json\/wp\/v2\/product_cat?post=3875"},{"taxonomy":"product_tag","embeddable":true,"href":"https:\/\/antcube.shop\/pt\/wp-json\/wp\/v2\/product_tag?post=3875"}],"curies":[{"name":"wp","href":"https:\/\/api.w.org\/{rel}","templated":true}]}}