{"id":3625,"date":"2021-11-19T12:53:34","date_gmt":"2021-11-19T11:53:34","guid":{"rendered":"https:\/\/antcube.shop\/produkt\/snapback-hat\/"},"modified":"2024-12-12T12:26:44","modified_gmt":"2024-12-12T11:26:44","slug":"bone-snapback","status":"publish","type":"product","link":"https:\/\/antcube.shop\/pt\/produto\/bone-snapback\/","title":{"rendered":"Chap\u00e9u de Recortes"},"content":{"rendered":"<p>Este chap\u00e9u \u00e9 estruturado com um ajuste cl\u00e1ssico, aba plana e aba completa. O fecho de mola ajust\u00e1vel torna-o um chap\u00e9u confort\u00e1vel e de tamanho \u00fanico.<\/p>\n<p>- 80% acr\u00edlico, 20% l\u00e3<br \/>\n- O camuflado verde \u00e9 de algod\u00e3o 60% e poli\u00e9ster 40%<br \/>\n- Estruturado, 6 pain\u00e9is, perfil alto<br \/>\n- 6 ilh\u00f3s bordados<br \/>\n- Fecho de press\u00e3o em pl\u00e1stico<br \/>\n- Protector de cabe\u00e7a verde<br \/>\n- Circunfer\u00eancia da cabe\u00e7a: 21\u215d\u2033-23\u215d\u2033 (54,9 cm-60 cm)<br \/>\n- Produto em branco origin\u00e1rio do Vietname ou Bangladesh<\/p>\n<p>&nbsp;<\/p>\n<p>A entrega e produ\u00e7\u00e3o de Produtos na categoria Mercadoria \u00e9 feita pelo nosso Parceiro PRINTFULO. Ao encomendar um destes produtos voc\u00ea aceita os Termos e Condi\u00e7\u00f5es, a Pol\u00edtica de Privacidade e a Pol\u00edtica de Devolu\u00e7\u00e3o da PRINTFUL.<\/p>\n<p><a href=\"https:\/\/www.printful.com\/policies\/terms-of-service\">Encontre aqui os Termos e Condi\u00e7\u00f5es da PRINTFUL.<\/a><\/p>\n<p><a href=\"https:\/\/www.printful.com\/policies\/returns\">Encontre a Pol\u00edtica de Retorno da PRINTFUL aqui.<\/a><\/p>\n<p><a href=\"https:\/\/www.printful.com\/policies\/privacy\">Encontre a Pol\u00edtica de Privacidade da PRINTFUL aqui.<\/a><\/p>","protected":false},"excerpt":{"rendered":"<p>Este chap\u00e9u \u00e9 estruturado com um ajuste cl\u00e1ssico, aba plana e aba completa. O fecho de mola ajust\u00e1vel torna-o um chap\u00e9u confort\u00e1vel e de tamanho \u00fanico. - Acr\u00edlico 80%, l\u00e3 20% - Green Camo \u00e9 algod\u00e3o 60%, poli\u00e9ster 40% - Estruturado, 6 pain\u00e9is, perfil alto - 6 ilh\u00f3s bordados - Fecho de press\u00e3o de pl\u00e1stico - Undervisor verde - Circunfer\u00eancia da cabe\u00e7a: 21\u215d \u2033 -23\u215d \u2033","protected":false},"featured_media":3627,"comment_status":"open","ping_status":"closed","template":"","meta":{"_acf_changed":false,"content-type":"","_monsterinsights_skip_tracking":false,"_monsterinsights_sitenote_active":false,"_monsterinsights_sitenote_note":"","_monsterinsights_sitenote_category":0},"product_brand":[],"product_cat":[245],"product_tag":[],"class_list":{"0":"post-3625","1":"product","2":"type-product","3":"status-publish","4":"has-post-thumbnail","6":"product_cat-merchandise","8":"first","9":"instock","10":"taxable","11":"shipping-taxable","12":"purchasable","13":"product-type-simple"},"acf":[],"aioseo_notices":[],"jetpack_sharing_enabled":true,"_links":{"self":[{"href":"https:\/\/antcube.shop\/pt\/wp-json\/wp\/v2\/product\/3625","targetHints":{"allow":["GET"]}}],"collection":[{"href":"https:\/\/antcube.shop\/pt\/wp-json\/wp\/v2\/product"}],"about":[{"href":"https:\/\/antcube.shop\/pt\/wp-json\/wp\/v2\/types\/product"}],"replies":[{"embeddable":true,"href":"https:\/\/antcube.shop\/pt\/wp-json\/wp\/v2\/comments?post=3625"}],"wp:featuredmedia":[{"embeddable":true,"href":"https:\/\/antcube.shop\/pt\/wp-json\/wp\/v2\/media\/3627"}],"wp:attachment":[{"href":"https:\/\/antcube.shop\/pt\/wp-json\/wp\/v2\/media?parent=3625"}],"wp:term":[{"taxonomy":"product_brand","embeddable":true,"href":"https:\/\/antcube.shop\/pt\/wp-json\/wp\/v2\/product_brand?post=3625"},{"taxonomy":"product_cat","embeddable":true,"href":"https:\/\/antcube.shop\/pt\/wp-json\/wp\/v2\/product_cat?post=3625"},{"taxonomy":"product_tag","embeddable":true,"href":"https:\/\/antcube.shop\/pt\/wp-json\/wp\/v2\/product_tag?post=3625"}],"curies":[{"name":"wp","href":"https:\/\/api.w.org\/{rel}","templated":true}]}}