{"id":3611,"date":"2021-11-19T12:49:31","date_gmt":"2021-11-19T11:49:31","guid":{"rendered":"https:\/\/antcube.shop\/produkt\/dad-hat\/"},"modified":"2024-12-12T12:26:53","modified_gmt":"2024-12-12T11:26:53","slug":"dad-hat","status":"publish","type":"product","link":"https:\/\/antcube.shop\/pt\/produto\/dad-hat\/","title":{"rendered":"chap\u00e9u de pai"},"content":{"rendered":"<p>Os chap\u00e9us do pai n\u00e3o s\u00e3o s\u00f3 para os pais. Este tem um perfil baixo com uma al\u00e7a ajust\u00e1vel e viseira curva.<\/p>\n<p>- 100% sarja de algod\u00e3o chino<br \/>- A cor verde do Camo \u00e9 35% sarja de algod\u00e3o chino, 65% poli\u00e9ster<br \/>- N\u00e3o estruturado, de 6 pain\u00e9is, de baixo perfil<br \/>- 6 ilh\u00f3s bordados<br \/>- 3 \u215b\" (7,6 cm) coroa<br \/>- Correia ajust\u00e1vel com fivela antiquada<br \/>- Produto em branco origin\u00e1rio do Vietname ou Bangladesh<\/p>\n<p>\u00a0<\/p>\n<p>A entrega e produ\u00e7\u00e3o de Produtos na categoria Mercadoria \u00e9 feita pelo nosso Parceiro PRINTFULO. Ao encomendar um destes produtos voc\u00ea aceita os Termos e Condi\u00e7\u00f5es, a Pol\u00edtica de Privacidade e a Pol\u00edtica de Devolu\u00e7\u00e3o da PRINTFUL.\u00a0<\/p>\n<p><a href=\"https:\/\/www.printful.com\/policies\/terms-of-service\">Encontre aqui os Termos e Condi\u00e7\u00f5es da PRINTFUL.<\/a><\/p>\n<p><a href=\"https:\/\/www.printful.com\/policies\/returns\">Encontre a Pol\u00edtica de Retorno da PRINTFUL aqui.<\/a><\/p>\n<p><a href=\"https:\/\/www.printful.com\/policies\/privacy\">Encontre a Pol\u00edtica de Privacidade da PRINTFUL aqui.<\/a><\/p>","protected":false},"excerpt":{"rendered":"<p>Os chap\u00e9us do pai n\u00e3o s\u00e3o s\u00f3 para os pais. Este tem um perfil baixo com uma al\u00e7a ajust\u00e1vel e viseira curva. - 100% fio de algod\u00e3o chino - cor Camo verde \u00e9 35% fio de algod\u00e3o chino, 65% poli\u00e9ster- N\u00e3o estruturado, 6 pain\u00e9is, 6 ilh\u00f3s bordados - 3 \u215b\" (7,6 cm) coroa - Correia ajust\u00e1vel com fivela antiga - Produto em branco proveniente do Vietname","protected":false},"featured_media":3613,"comment_status":"open","ping_status":"closed","template":"","meta":{"_acf_changed":false,"content-type":"","_monsterinsights_skip_tracking":false,"_monsterinsights_sitenote_active":false,"_monsterinsights_sitenote_note":"","_monsterinsights_sitenote_category":0},"product_brand":[],"product_cat":[245],"product_tag":[],"class_list":{"0":"post-3611","1":"product","2":"type-product","3":"status-publish","4":"has-post-thumbnail","6":"product_cat-merchandise","8":"first","9":"instock","10":"taxable","11":"shipping-taxable","12":"purchasable","13":"product-type-simple"},"acf":[],"aioseo_notices":[],"jetpack_sharing_enabled":true,"_links":{"self":[{"href":"https:\/\/antcube.shop\/pt\/wp-json\/wp\/v2\/product\/3611","targetHints":{"allow":["GET"]}}],"collection":[{"href":"https:\/\/antcube.shop\/pt\/wp-json\/wp\/v2\/product"}],"about":[{"href":"https:\/\/antcube.shop\/pt\/wp-json\/wp\/v2\/types\/product"}],"replies":[{"embeddable":true,"href":"https:\/\/antcube.shop\/pt\/wp-json\/wp\/v2\/comments?post=3611"}],"wp:featuredmedia":[{"embeddable":true,"href":"https:\/\/antcube.shop\/pt\/wp-json\/wp\/v2\/media\/3613"}],"wp:attachment":[{"href":"https:\/\/antcube.shop\/pt\/wp-json\/wp\/v2\/media?parent=3611"}],"wp:term":[{"taxonomy":"product_brand","embeddable":true,"href":"https:\/\/antcube.shop\/pt\/wp-json\/wp\/v2\/product_brand?post=3611"},{"taxonomy":"product_cat","embeddable":true,"href":"https:\/\/antcube.shop\/pt\/wp-json\/wp\/v2\/product_cat?post=3611"},{"taxonomy":"product_tag","embeddable":true,"href":"https:\/\/antcube.shop\/pt\/wp-json\/wp\/v2\/product_tag?post=3611"}],"curies":[{"name":"wp","href":"https:\/\/api.w.org\/{rel}","templated":true}]}}