{"id":3599,"date":"2021-11-19T12:47:56","date_gmt":"2021-11-19T11:47:56","guid":{"rendered":"https:\/\/antcube.shop\/produkt\/premium-eco-hoodie\/"},"modified":"2024-12-12T12:27:02","modified_gmt":"2024-12-12T11:27:02","slug":"premium-eco-hoodie","status":"publish","type":"product","link":"https:\/\/antcube.shop\/pt\/produto\/premium-eco-hoodie\/","title":{"rendered":"Capuz Eco Premium"},"content":{"rendered":"<p>Conhe\u00e7a o capuz ecol\u00f3gico premium feito de materiais org\u00e2nicos e reciclados. Com o seu ajuste confort\u00e1vel, bolso da bolsa frontal e capuz de camada dupla, o capuz \u00e9 uma pe\u00e7a cl\u00e1ssica de streetwear que pode ser estilizada com m\u00faltiplos visuais diferentes.<\/p>\n<p>- 85% algod\u00e3o org\u00e2nico, 15% poli\u00e9ster reciclado<br \/>\n- Costelas: 97% algod\u00e3o org\u00e2nico, 3% elastano<br \/>\n- Tecido de velo escovado no interior<br \/>\n- Confort\u00e1vel ajuste unisexo<br \/>\n- Capuz com duas camadas<br \/>\n- Cord\u00f5es planos com ilh\u00f3s met\u00e1licos para um toque premium<br \/>\n- Bolso canguru<br \/>\n- Patch de etiqueta interna\/externa para marca<br \/>\n- Etiqueta de tratamento de rasg\u00e3o<\/p>\n<p>&nbsp;<\/p>\n<p>A entrega e produ\u00e7\u00e3o de Produtos na categoria Mercadoria \u00e9 feita pelo nosso Parceiro PRINTFULO. Ao encomendar um destes produtos voc\u00ea aceita os Termos e Condi\u00e7\u00f5es, a Pol\u00edtica de Privacidade e a Pol\u00edtica de Devolu\u00e7\u00e3o da PRINTFUL.<\/p>\n<p><a href=\"https:\/\/www.printful.com\/policies\/terms-of-service\">Encontre aqui os Termos e Condi\u00e7\u00f5es da PRINTFUL.<\/a><\/p>\n<p><a href=\"https:\/\/www.printful.com\/policies\/returns\">Encontre a Pol\u00edtica de Retorno da PRINTFUL aqui.<\/a><\/p>\n<p><a href=\"https:\/\/www.printful.com\/policies\/privacy\">Encontre a Pol\u00edtica de Privacidade da PRINTFUL aqui.<\/a><\/p>","protected":false},"excerpt":{"rendered":"<p>Conhe\u00e7a o casaco com capuz ecol\u00f3gico de qualidade superior feito de materiais org\u00e2nicos e reciclados. Com um ajuste confort\u00e1vel, bolso frontal e capuz de camada dupla, este casaco com capuz \u00e9 uma pe\u00e7a de streetwear cl\u00e1ssica que pode ser combinada com v\u00e1rios looks diferentes. - Algod\u00e3o org\u00e2nico 85%, poli\u00e9ster reciclado 15% - Canelado: algod\u00e3o org\u00e2nico 97%, elastano 3% - Interior em tecido polar escovado","protected":false},"featured_media":3607,"comment_status":"open","ping_status":"closed","template":"","meta":{"_acf_changed":false,"content-type":"","_monsterinsights_skip_tracking":false,"_monsterinsights_sitenote_active":false,"_monsterinsights_sitenote_note":"","_monsterinsights_sitenote_category":0},"product_brand":[],"product_cat":[245],"product_tag":[],"class_list":{"0":"post-3599","1":"product","2":"type-product","3":"status-publish","4":"has-post-thumbnail","6":"product_cat-merchandise","8":"first","9":"instock","10":"taxable","11":"shipping-taxable","12":"purchasable","13":"product-type-variable"},"acf":[],"aioseo_notices":[],"jetpack_sharing_enabled":true,"_links":{"self":[{"href":"https:\/\/antcube.shop\/pt\/wp-json\/wp\/v2\/product\/3599","targetHints":{"allow":["GET"]}}],"collection":[{"href":"https:\/\/antcube.shop\/pt\/wp-json\/wp\/v2\/product"}],"about":[{"href":"https:\/\/antcube.shop\/pt\/wp-json\/wp\/v2\/types\/product"}],"replies":[{"embeddable":true,"href":"https:\/\/antcube.shop\/pt\/wp-json\/wp\/v2\/comments?post=3599"}],"wp:featuredmedia":[{"embeddable":true,"href":"https:\/\/antcube.shop\/pt\/wp-json\/wp\/v2\/media\/3607"}],"wp:attachment":[{"href":"https:\/\/antcube.shop\/pt\/wp-json\/wp\/v2\/media?parent=3599"}],"wp:term":[{"taxonomy":"product_brand","embeddable":true,"href":"https:\/\/antcube.shop\/pt\/wp-json\/wp\/v2\/product_brand?post=3599"},{"taxonomy":"product_cat","embeddable":true,"href":"https:\/\/antcube.shop\/pt\/wp-json\/wp\/v2\/product_cat?post=3599"},{"taxonomy":"product_tag","embeddable":true,"href":"https:\/\/antcube.shop\/pt\/wp-json\/wp\/v2\/product_tag?post=3599"}],"curies":[{"name":"wp","href":"https:\/\/api.w.org\/{rel}","templated":true}]}}