{"id":3575,"date":"2021-11-19T12:45:26","date_gmt":"2021-11-19T11:45:26","guid":{"rendered":"https:\/\/antcube.shop\/produkt\/unisex-organic-cotton-t-shirt\/"},"modified":"2024-12-12T12:27:10","modified_gmt":"2024-12-12T11:27:10","slug":"unisex-organic-cotton-t-shirt","status":"publish","type":"product","link":"https:\/\/antcube.shop\/pt\/produto\/unisex-organic-cotton-t-shirt\/","title":{"rendered":"Camiseta Unisexo de algod\u00e3o org\u00e2nico"},"content":{"rendered":"<p>Feita de algod\u00e3o org\u00e2nico 100%, esta t-shirt unisexo \u00e9 uma camisola de uso obrigat\u00f3rio. \u00c9 de alta qualidade, super confort\u00e1vel, e a melhor de todas as comodidades.<\/p>\n<p>- 100% algod\u00e3o org\u00e2nico de an\u00e9is fiados<br \/>\n- Peso do tecido: 5,3 oz\/yd\u00b2 (180 g\/m\u00b2)<br \/>\n- Camisola \u00fanica<br \/>\n- Encaixe m\u00e9dio<br \/>\n- Mangas de encaixe<br \/>\n- 1 \u00d7 1 costela no colarinho<br \/>\n- Pesponto superior largo de agulha dupla nas mangas e bainhas inferiores<br \/>\n- Fita adesiva para o pesco\u00e7o auto-fabricada (no interior, atr\u00e1s do pesco\u00e7o)<br \/>\n- Produto em branco proveniente da China ou Bangladesh<\/p>\n<p>&nbsp;<\/p>\n<p>A entrega e produ\u00e7\u00e3o de Produtos na categoria Mercadoria \u00e9 feita pelo nosso Parceiro PRINTFULO. Ao encomendar um destes produtos voc\u00ea aceita os Termos e Condi\u00e7\u00f5es, a Pol\u00edtica de Privacidade e a Pol\u00edtica de Devolu\u00e7\u00e3o da PRINTFUL.<\/p>\n<p><a href=\"https:\/\/www.printful.com\/policies\/terms-of-service\">Encontre aqui os Termos e Condi\u00e7\u00f5es da PRINTFUL.<\/a><\/p>\n<p><a href=\"https:\/\/www.printful.com\/policies\/returns\">Encontre a Pol\u00edtica de Retorno da PRINTFUL aqui.<\/a><\/p>\n<p><a href=\"https:\/\/www.printful.com\/policies\/privacy\">Encontre a Pol\u00edtica de Privacidade da PRINTFUL aqui.<\/a><\/p>","protected":false},"excerpt":{"rendered":"<p>Fabricada em algod\u00e3o org\u00e2nico 100% fiado em anel, esta t-shirt unissexo \u00e9 um verdadeiro must-have. \u00c9 de alta qualidade, super confort\u00e1vel e, o melhor de tudo, amiga do ambiente. - Algod\u00e3o org\u00e2nico 100% fiado em anel - Peso do tecido: 5,3 oz\/yd\u00b2 (180 g\/m\u00b2) - Camisola simples - Ajuste m\u00e9dio - Mangas embutidas - Canelado 1 \u00d7 1 na gola - Pesponto largo com agulha dupla na","protected":false},"featured_media":3582,"comment_status":"open","ping_status":"closed","template":"","meta":{"_acf_changed":false,"content-type":"","_monsterinsights_skip_tracking":false,"_monsterinsights_sitenote_active":false,"_monsterinsights_sitenote_note":"","_monsterinsights_sitenote_category":0},"product_brand":[],"product_cat":[245],"product_tag":[],"class_list":{"0":"post-3575","1":"product","2":"type-product","3":"status-publish","4":"has-post-thumbnail","6":"product_cat-merchandise","8":"first","9":"instock","10":"taxable","11":"shipping-taxable","12":"purchasable","13":"product-type-variable"},"acf":[],"aioseo_notices":[],"jetpack_sharing_enabled":true,"_links":{"self":[{"href":"https:\/\/antcube.shop\/pt\/wp-json\/wp\/v2\/product\/3575","targetHints":{"allow":["GET"]}}],"collection":[{"href":"https:\/\/antcube.shop\/pt\/wp-json\/wp\/v2\/product"}],"about":[{"href":"https:\/\/antcube.shop\/pt\/wp-json\/wp\/v2\/types\/product"}],"replies":[{"embeddable":true,"href":"https:\/\/antcube.shop\/pt\/wp-json\/wp\/v2\/comments?post=3575"}],"wp:featuredmedia":[{"embeddable":true,"href":"https:\/\/antcube.shop\/pt\/wp-json\/wp\/v2\/media\/3582"}],"wp:attachment":[{"href":"https:\/\/antcube.shop\/pt\/wp-json\/wp\/v2\/media?parent=3575"}],"wp:term":[{"taxonomy":"product_brand","embeddable":true,"href":"https:\/\/antcube.shop\/pt\/wp-json\/wp\/v2\/product_brand?post=3575"},{"taxonomy":"product_cat","embeddable":true,"href":"https:\/\/antcube.shop\/pt\/wp-json\/wp\/v2\/product_cat?post=3575"},{"taxonomy":"product_tag","embeddable":true,"href":"https:\/\/antcube.shop\/pt\/wp-json\/wp\/v2\/product_tag?post=3575"}],"curies":[{"name":"wp","href":"https:\/\/api.w.org\/{rel}","templated":true}]}}