{"id":3443,"date":"2021-11-18T15:53:00","date_gmt":"2021-11-18T14:53:00","guid":{"rendered":"https:\/\/antcube.shop\/produkt\/mens-heavyweight-tee\/"},"modified":"2024-12-12T12:27:24","modified_gmt":"2024-12-12T11:27:24","slug":"t-shirt-de-pesos-pesados-para-homem","status":"publish","type":"product","link":"https:\/\/antcube.shop\/pt\/produto\/t-shirt-de-pesos-pesados-para-homem\/","title":{"rendered":"Camiseta masculina de algod\u00e3o premium"},"content":{"rendered":"<p>A T-Shirt premium de algod\u00e3o 100% para homem ajuda-o a conseguir um visual mais estruturado. Assenta bem, mant\u00e9m linhas n\u00edtidas nas extremidades e combina na perfei\u00e7\u00e3o com conjuntos de streetwear em camadas.<br \/>\n- 100% algod\u00e3o<br \/>\n- 90% algod\u00e3o, 10% poli\u00e9ster<br \/>\n- Peso do tecido: 5,0-5,3 oz\/yd\u00b2 (170-180 g\/m\u00b2)<br \/>\n- Fio aberto<br \/>\n- Tecido tubular<br \/>\n- Pesco\u00e7o e ombros com fita adesiva<br \/>\n- Costura dupla nas mangas e na bainha inferior<br \/>\n- Produto em branco proveniente das Honduras, Nicar\u00e1gua, Haiti, Rep\u00fablica Dominicana, Bangladesh, M\u00e9xico<\/p>\n<p>&nbsp;<\/p>\n<p>A entrega e produ\u00e7\u00e3o de Produtos na categoria Mercadoria \u00e9 feita pelo nosso Parceiro PRINTFULO. Ao encomendar um destes produtos voc\u00ea aceita os Termos e Condi\u00e7\u00f5es, a Pol\u00edtica de Privacidade e a Pol\u00edtica de Devolu\u00e7\u00e3o da PRINTFUL.<\/p>\n<p><a href=\"https:\/\/www.printful.com\/policies\/terms-of-service\">Encontre aqui os Termos e Condi\u00e7\u00f5es da PRINTFUL.<\/a><\/p>\n<p><a href=\"https:\/\/www.printful.com\/policies\/returns\">Encontre a Pol\u00edtica de Retorno da PRINTFUL aqui.<\/a><\/p>\n<p><a href=\"https:\/\/www.printful.com\/policies\/privacy\">Encontre a Pol\u00edtica de Privacidade da PRINTFUL aqui.<\/a><\/p>","protected":false},"excerpt":{"rendered":"<p>A T-Shirt premium de algod\u00e3o 100% para homem ajuda-o a conseguir um visual mais estruturado. Assenta bem, mant\u00e9m linhas n\u00edtidas nas extremidades e combina na perfei\u00e7\u00e3o com conjuntos de streetwear em camadas. - Algod\u00e3o 100% - Algod\u00e3o 90%, poli\u00e9ster 10% - Peso do tecido: 5,0-5,3 oz\/yd\u00b2 (170-180 g\/m\u00b2) - Fio aberto - Tecido tubular - Gola e","protected":false},"featured_media":3451,"comment_status":"open","ping_status":"closed","template":"","meta":{"_acf_changed":false,"content-type":"","_monsterinsights_skip_tracking":false,"_monsterinsights_sitenote_active":false,"_monsterinsights_sitenote_note":"","_monsterinsights_sitenote_category":0},"product_brand":[],"product_cat":[245],"product_tag":[],"class_list":{"0":"post-3443","1":"product","2":"type-product","3":"status-publish","4":"has-post-thumbnail","6":"product_cat-merchandise","8":"first","9":"instock","10":"taxable","11":"shipping-taxable","12":"purchasable","13":"product-type-variable"},"acf":[],"aioseo_notices":[],"jetpack_sharing_enabled":true,"_links":{"self":[{"href":"https:\/\/antcube.shop\/pt\/wp-json\/wp\/v2\/product\/3443","targetHints":{"allow":["GET"]}}],"collection":[{"href":"https:\/\/antcube.shop\/pt\/wp-json\/wp\/v2\/product"}],"about":[{"href":"https:\/\/antcube.shop\/pt\/wp-json\/wp\/v2\/types\/product"}],"replies":[{"embeddable":true,"href":"https:\/\/antcube.shop\/pt\/wp-json\/wp\/v2\/comments?post=3443"}],"wp:featuredmedia":[{"embeddable":true,"href":"https:\/\/antcube.shop\/pt\/wp-json\/wp\/v2\/media\/3451"}],"wp:attachment":[{"href":"https:\/\/antcube.shop\/pt\/wp-json\/wp\/v2\/media?parent=3443"}],"wp:term":[{"taxonomy":"product_brand","embeddable":true,"href":"https:\/\/antcube.shop\/pt\/wp-json\/wp\/v2\/product_brand?post=3443"},{"taxonomy":"product_cat","embeddable":true,"href":"https:\/\/antcube.shop\/pt\/wp-json\/wp\/v2\/product_cat?post=3443"},{"taxonomy":"product_tag","embeddable":true,"href":"https:\/\/antcube.shop\/pt\/wp-json\/wp\/v2\/product_tag?post=3443"}],"curies":[{"name":"wp","href":"https:\/\/api.w.org\/{rel}","templated":true}]}}