{"id":3174,"date":"2021-11-08T12:21:44","date_gmt":"2021-11-08T11:21:44","guid":{"rendered":"https:\/\/antcube.shop\/produkt\/ytongnest-40x20-mit-arena\/"},"modified":"2026-04-15T09:42:26","modified_gmt":"2026-04-15T07:42:26","slug":"ytongnest-40x20-mit-arena","status":"publish","type":"product","link":"https:\/\/antcube.shop\/pt\/produto\/ytongnest-40x20-mit-arena\/","title":{"rendered":"Ytongnest - 40\u00d720 com Arena"},"content":{"rendered":"<p><strong>Material:<\/strong> bet\u00e3o celular, vidro, pl\u00e1stico PMMA e PVC<\/p>\n<p><strong>Conex\u00e3o:<\/strong> 1x 14mm de abertura; 1x 27mm de abertura<\/p>\n<p><strong>Conte\u00fado:<\/strong><br \/>\n1x bloco de bet\u00e3o celular 40x20x5 cm com c\u00e2maras de 20mm de profundidade.<br \/>\n1x placa de vidro 40\u00d720 cm com uma abertura de 50mm e uma arena 20\u00d720 cm<br \/>\n1x arma\u00e7\u00e3o de arena de formigas 20\u00d720<br \/>\n1x cobertura de arena de formigas 20\u00d720<br \/>\n1x anel de 50mm com 27mm de abertura<br \/>\n1x ficha de formic\u00e1rio 13mm<br \/>\n2x ficha Formicarium 27mm<br \/>\n2x ficha Formicarium 50mm<\/p>\n<p><strong>Descri\u00e7\u00e3o:<\/strong><br \/>\nYtong \u00e9 uma marca, o pr\u00f3prio material \u00e9 chamado de concreto aerado.<br \/>\nDevido \u00e0 propriedade de reten\u00e7\u00e3o de \u00e1gua, o material \u00e9 bem adequado para a manuten\u00e7\u00e3o de formigas. Pode ser usado para manter um grande n\u00famero de esp\u00e9cies de enterramento, tanto de habitats secos como h\u00famidos. Dependendo da esp\u00e9cie de formiga, \u00e9 recomendado cobrir o fundo das c\u00e2maras com substrato. Algumas esp\u00e9cies sentem-se mais confort\u00e1veis desta maneira e, por exemplo, as formigas Ponerinae precisam de terra para que as suas larvas possam passar a pupas adequadamente. Como este ninho j\u00e1 inclui uma arena, pode ser usado como um conjunto formic\u00e1rio completo.<\/p>\n<p><strong>Dica:<\/strong><br \/>\nPara evitar que a \u00e1gua vaze para fora do Ytong depois de umedecer a \u00e1rea do ninho e coletar na superf\u00edcie dos m\u00f3veis abaixo, ou o material \u00e1spero riscando as superf\u00edcies, recomendamos encomendar um dos nossos tubos de vidro correspondentes para ir com os nossos ninhos Ytong. Estes s\u00e3o \u00e0 prova de \u00e1gua e, portanto, protegem eficazmente as superf\u00edcies subjacentes dos danos causados pela \u00e1gua e pelos arranh\u00f5es.<\/p>\n<p><strong>Uso:<\/strong><br \/>\nPara esp\u00e9cies de formigas de tamanho <b>M<\/b> <b>&#8211;\u00a0<\/b><b>L<\/b>.<br \/>\nO bet\u00e3o celular \u00e9 um material muito fr\u00e1gil e quebradi\u00e7o. Por isso, devido ao processo de fabrico, \u00e9 imposs\u00edvel evitar que os cantos e as arestas apresentem ligeiras quebras e desn\u00edveis. Devido a isso, os ninhos de Ytong n\u00e3o s\u00e3o adequados para esp\u00e9cies muito pequenas de formigas de tamanho <b>S<\/b>pois estas esp\u00e9cies podem facilmente surgir aqui.<\/p>","protected":false},"excerpt":{"rendered":"<p>Conex\u00e3o: 1x14mm 1x27mm<br \/>\nTamanho: <strong><span style=\"color: #339966;\">M<\/span><\/strong><strong> &#8211; <span style=\"color: #0000ff;\">L<\/span><\/strong><\/p>","protected":false},"featured_media":3011,"comment_status":"open","ping_status":"closed","template":"","meta":{"_acf_changed":false,"content-type":"","_monsterinsights_skip_tracking":false,"_monsterinsights_sitenote_active":false,"_monsterinsights_sitenote_note":"","_monsterinsights_sitenote_category":0},"product_brand":[],"product_cat":[85,86],"product_tag":[],"class_list":{"0":"post-3174","1":"product","2":"type-product","3":"status-publish","4":"has-post-thumbnail","6":"product_cat-ant-arenas","7":"product_cat-formicariums","9":"first","10":"instock","11":"taxable","12":"shipping-taxable","13":"purchasable","14":"product-type-simple"},"acf":[],"aioseo_notices":[],"jetpack_sharing_enabled":true,"_links":{"self":[{"href":"https:\/\/antcube.shop\/pt\/wp-json\/wp\/v2\/product\/3174","targetHints":{"allow":["GET"]}}],"collection":[{"href":"https:\/\/antcube.shop\/pt\/wp-json\/wp\/v2\/product"}],"about":[{"href":"https:\/\/antcube.shop\/pt\/wp-json\/wp\/v2\/types\/product"}],"replies":[{"embeddable":true,"href":"https:\/\/antcube.shop\/pt\/wp-json\/wp\/v2\/comments?post=3174"}],"wp:featuredmedia":[{"embeddable":true,"href":"https:\/\/antcube.shop\/pt\/wp-json\/wp\/v2\/media\/3011"}],"wp:attachment":[{"href":"https:\/\/antcube.shop\/pt\/wp-json\/wp\/v2\/media?parent=3174"}],"wp:term":[{"taxonomy":"product_brand","embeddable":true,"href":"https:\/\/antcube.shop\/pt\/wp-json\/wp\/v2\/product_brand?post=3174"},{"taxonomy":"product_cat","embeddable":true,"href":"https:\/\/antcube.shop\/pt\/wp-json\/wp\/v2\/product_cat?post=3174"},{"taxonomy":"product_tag","embeddable":true,"href":"https:\/\/antcube.shop\/pt\/wp-json\/wp\/v2\/product_tag?post=3174"}],"curies":[{"name":"wp","href":"https:\/\/api.w.org\/{rel}","templated":true}]}}