{"id":3168,"date":"2021-11-08T10:47:51","date_gmt":"2021-11-08T09:47:51","guid":{"rendered":"https:\/\/antcube.shop\/produkt\/glaswanne-20x20\/"},"modified":"2026-04-14T11:48:52","modified_gmt":"2026-04-14T09:48:52","slug":"tubo-de-vidro-20x20","status":"publish","type":"product","link":"https:\/\/antcube.shop\/pt\/produto\/tubo-de-vidro-20x20\/","title":{"rendered":"Cuba de vidro 20\u00d720"},"content":{"rendered":"<p><strong>Dimens\u00f5es:<\/strong> 22 x 22 x 2 cm<br \/>\n<strong>Dimens\u00e3o interior:<\/strong> 21 x 21 x 1,6 cm<\/p>\n<p><strong>Conte\u00fado:<\/strong><br \/>\n1x cuba 22x22x2 cm em vidro flotado de 4 mm.<\/p>\n<p><strong>Descri\u00e7\u00e3o:<\/strong><br \/>\nA banheira de vidro n\u00e3o tem buracos, \u00e9 \u00e0 prova de \u00e1gua colada e, portanto, tamb\u00e9m pode ser enchida com \u00e1gua. Foi concebido para os nossos ninhos Ytong para formigas. Estes podem ser facilmente regados e movidos sem que a \u00e1gua penetre na superf\u00edcie subjacente (mesa, arm\u00e1rio, etc.) ou sem que as superf\u00edcies subjacentes Ytong rugosas arranhem. Opcionalmente, v\u00e1rios ninhos podem ser colocados centralmente como uma ilha.<\/p>","protected":false},"excerpt":{"rendered":"<p>Cuba de vidro para o nosso ninho Ytong 20\u00d720<\/p>","protected":false},"featured_media":3005,"comment_status":"open","ping_status":"closed","template":"","meta":{"_acf_changed":false,"content-type":"","_monsterinsights_skip_tracking":false,"_monsterinsights_sitenote_active":false,"_monsterinsights_sitenote_note":"","_monsterinsights_sitenote_category":0},"product_brand":[],"product_cat":[119,239],"product_tag":[],"class_list":{"0":"post-3168","1":"product","2":"type-product","3":"status-publish","4":"has-post-thumbnail","6":"product_cat-formicarium-components","7":"product_cat-useful-additions","9":"first","10":"instock","11":"taxable","12":"shipping-taxable","13":"purchasable","14":"product-type-simple"},"acf":[],"aioseo_notices":[],"jetpack_sharing_enabled":true,"_links":{"self":[{"href":"https:\/\/antcube.shop\/pt\/wp-json\/wp\/v2\/product\/3168","targetHints":{"allow":["GET"]}}],"collection":[{"href":"https:\/\/antcube.shop\/pt\/wp-json\/wp\/v2\/product"}],"about":[{"href":"https:\/\/antcube.shop\/pt\/wp-json\/wp\/v2\/types\/product"}],"replies":[{"embeddable":true,"href":"https:\/\/antcube.shop\/pt\/wp-json\/wp\/v2\/comments?post=3168"}],"wp:featuredmedia":[{"embeddable":true,"href":"https:\/\/antcube.shop\/pt\/wp-json\/wp\/v2\/media\/3005"}],"wp:attachment":[{"href":"https:\/\/antcube.shop\/pt\/wp-json\/wp\/v2\/media?parent=3168"}],"wp:term":[{"taxonomy":"product_brand","embeddable":true,"href":"https:\/\/antcube.shop\/pt\/wp-json\/wp\/v2\/product_brand?post=3168"},{"taxonomy":"product_cat","embeddable":true,"href":"https:\/\/antcube.shop\/pt\/wp-json\/wp\/v2\/product_cat?post=3168"},{"taxonomy":"product_tag","embeddable":true,"href":"https:\/\/antcube.shop\/pt\/wp-json\/wp\/v2\/product_tag?post=3168"}],"curies":[{"name":"wp","href":"https:\/\/api.w.org\/{rel}","templated":true}]}}