{"id":3162,"date":"2021-11-08T10:46:52","date_gmt":"2021-11-08T09:46:52","guid":{"rendered":"https:\/\/antcube.shop\/produkt\/antcube-eck-plattform-8x8-magnet\/"},"modified":"2026-04-14T14:05:22","modified_gmt":"2026-04-14T12:05:22","slug":"antcube-corner-platform-8x8-magnetic","status":"publish","type":"product","link":"https:\/\/antcube.shop\/pt\/produto\/antcube-corner-platform-8x8-magnetic\/","title":{"rendered":"ANTCUBE plataforma de canto 8\u00d78 - magn\u00e9tico"},"content":{"rendered":"<p><strong>Dimens\u00f5es:<\/strong> 80 x 80 x 22 mm<\/p>\n<p><strong>Material:<\/strong> vidro acr\u00edlico<\/p>\n<p><strong>Cor:<\/strong> transparente<\/p>\n<p><strong>Conte\u00fado:<\/strong> 1 unid. (3 partes)<\/p>\n<p><strong>Descri\u00e7\u00e3o:<\/strong><br \/>\nA plataforma de canto ANTCUBE 8\u00d78 - magn\u00e9tica pode ser fixada em qualquer formic\u00e1rio com a ajuda dos \u00edmanes. \u00c9 especialmente adequada nos nossos formic\u00e1rios ANTCUBE mais altos para colocar comedouros, ta\u00e7as ou bebedouros.<br \/>\nA plataforma de canto ANTCUBE 8\u00d78 - Magn\u00e9tica pode ser deslocada para a altura ou profundidade desejada, fixando-a a partir do exterior com os \u00edmanes.<\/p>\n<p><strong>Aviso:<\/strong><br \/>\nDevido ao processo de fabrico, as pe\u00e7as magn\u00e9ticas podem apresentar fissuras ligeiras a m\u00e9dias.<\/p>\n<p>&nbsp;<\/p>","protected":false},"excerpt":{"rendered":"<p>Dimens\u00f5es: 80 x 80 x 22 mm Material: vidro acr\u00edlico Cor: transparente Conte\u00fado: 1 unid. (3 pe\u00e7as) Descri\u00e7\u00e3o: A plataforma de canto ANTCUBE 8x8 - magn\u00e9tica pode ser fixada em qualquer formic\u00e1rio com a ajuda dos \u00edmanes. \u00c9 especialmente adequada nos nossos formic\u00e1rios ANTCUBE mais altos para colocar comedouros, ta\u00e7as ou bebedouros. A plataforma","protected":false},"featured_media":3140,"comment_status":"open","ping_status":"closed","template":"","meta":{"_acf_changed":false,"content-type":"","_monsterinsights_skip_tracking":false,"_monsterinsights_sitenote_active":false,"_monsterinsights_sitenote_note":"","_monsterinsights_sitenote_category":0},"product_brand":[],"product_cat":[119,239],"product_tag":[],"class_list":{"0":"post-3162","1":"product","2":"type-product","3":"status-publish","4":"has-post-thumbnail","6":"product_cat-formicarium-components","7":"product_cat-useful-additions","9":"first","10":"instock","11":"taxable","12":"shipping-taxable","13":"purchasable","14":"product-type-simple"},"acf":[],"aioseo_notices":[],"jetpack_sharing_enabled":true,"_links":{"self":[{"href":"https:\/\/antcube.shop\/pt\/wp-json\/wp\/v2\/product\/3162","targetHints":{"allow":["GET"]}}],"collection":[{"href":"https:\/\/antcube.shop\/pt\/wp-json\/wp\/v2\/product"}],"about":[{"href":"https:\/\/antcube.shop\/pt\/wp-json\/wp\/v2\/types\/product"}],"replies":[{"embeddable":true,"href":"https:\/\/antcube.shop\/pt\/wp-json\/wp\/v2\/comments?post=3162"}],"wp:featuredmedia":[{"embeddable":true,"href":"https:\/\/antcube.shop\/pt\/wp-json\/wp\/v2\/media\/3140"}],"wp:attachment":[{"href":"https:\/\/antcube.shop\/pt\/wp-json\/wp\/v2\/media?parent=3162"}],"wp:term":[{"taxonomy":"product_brand","embeddable":true,"href":"https:\/\/antcube.shop\/pt\/wp-json\/wp\/v2\/product_brand?post=3162"},{"taxonomy":"product_cat","embeddable":true,"href":"https:\/\/antcube.shop\/pt\/wp-json\/wp\/v2\/product_cat?post=3162"},{"taxonomy":"product_tag","embeddable":true,"href":"https:\/\/antcube.shop\/pt\/wp-json\/wp\/v2\/product_tag?post=3162"}],"curies":[{"name":"wp","href":"https:\/\/api.w.org\/{rel}","templated":true}]}}