{"id":3160,"date":"2021-11-08T10:46:36","date_gmt":"2021-11-08T09:46:36","guid":{"rendered":"https:\/\/antcube.shop\/produkt\/sonnenblumenblutenblatter-100g-getrocknet\/"},"modified":"2026-04-21T18:47:04","modified_gmt":"2026-04-21T16:47:04","slug":"sonnenblumenblutenblatter-100g-getrocknet","status":"publish","type":"product","link":"https:\/\/antcube.shop\/pt\/produto\/sonnenblumenblutenblatter-100g-getrocknet\/","title":{"rendered":"P\u00e9talas de girassol 100g - secas"},"content":{"rendered":"<p><strong>Conte\u00fado:<\/strong><br \/>\n100g de p\u00e9talas secas de girassol.<\/p>\n<p><strong>Descri\u00e7\u00e3o:<\/strong><br \/>\nP\u00e9talas de girassol como meio nutritivo para esp\u00e9cies de formigas com fungos. Trata-se de um produto puramente natural.<\/p>\n<p><strong>Uso:<\/strong><br \/>\nP\u00e9talas de girassol = para esp\u00e9cies de formigas reprodutoras de fungos.<br \/>\nAs p\u00e9talas secas servem apenas como terreno de reprodu\u00e7\u00e3o para o fungo das formigas cortadoras de folhas (\u00e9 aconselh\u00e1vel oferecer folhas frescas como hidratante ao mesmo tempo).<br \/>\nBasta colocar as p\u00e9talas para serem alimentadas em uma c\u00e2mara de alimentos secos.<\/p>\n<p><strong>Armazenamento:<\/strong><br \/>\nEm ambiente seco<\/p>\n<p><strong>Cont\u00e9m:<\/strong><br \/>\n100% p\u00e9talas secas de girassol.<\/p>","protected":false},"excerpt":{"rendered":"<p>Conte\u00fado: 100g de p\u00e9talas de girassol secas. Descri\u00e7\u00e3o: P\u00e9talas de girassol como meio nutritivo para esp\u00e9cies de formigas que cultivam fungos. Trata-se de um produto puramente natural. Utiliza\u00e7\u00e3o: P\u00e9talas de girassol = para esp\u00e9cies de formigas reprodutoras de fungos. As p\u00e9talas secas servem apenas de meio de cultura para os fungos das formigas cortadeiras (oferecendo folhas frescas como hidratante na [...]","protected":false},"featured_media":10875,"comment_status":"open","ping_status":"closed","template":"","meta":{"_acf_changed":false,"content-type":"","_monsterinsights_skip_tracking":false,"_monsterinsights_sitenote_active":false,"_monsterinsights_sitenote_note":"","_monsterinsights_sitenote_category":0},"product_brand":[],"product_cat":[115,116],"product_tag":[],"class_list":{"0":"post-3160","1":"product","2":"type-product","3":"status-publish","4":"has-post-thumbnail","6":"product_cat-food-and-feeding","7":"product_cat-food","9":"first","10":"instock","11":"taxable","12":"shipping-taxable","13":"purchasable","14":"product-type-simple"},"acf":[],"aioseo_notices":[],"jetpack_sharing_enabled":true,"_links":{"self":[{"href":"https:\/\/antcube.shop\/pt\/wp-json\/wp\/v2\/product\/3160","targetHints":{"allow":["GET"]}}],"collection":[{"href":"https:\/\/antcube.shop\/pt\/wp-json\/wp\/v2\/product"}],"about":[{"href":"https:\/\/antcube.shop\/pt\/wp-json\/wp\/v2\/types\/product"}],"replies":[{"embeddable":true,"href":"https:\/\/antcube.shop\/pt\/wp-json\/wp\/v2\/comments?post=3160"}],"wp:featuredmedia":[{"embeddable":true,"href":"https:\/\/antcube.shop\/pt\/wp-json\/wp\/v2\/media\/10875"}],"wp:attachment":[{"href":"https:\/\/antcube.shop\/pt\/wp-json\/wp\/v2\/media?parent=3160"}],"wp:term":[{"taxonomy":"product_brand","embeddable":true,"href":"https:\/\/antcube.shop\/pt\/wp-json\/wp\/v2\/product_brand?post=3160"},{"taxonomy":"product_cat","embeddable":true,"href":"https:\/\/antcube.shop\/pt\/wp-json\/wp\/v2\/product_cat?post=3160"},{"taxonomy":"product_tag","embeddable":true,"href":"https:\/\/antcube.shop\/pt\/wp-json\/wp\/v2\/product_tag?post=3160"}],"curies":[{"name":"wp","href":"https:\/\/api.w.org\/{rel}","templated":true}]}}