{"id":3159,"date":"2021-11-08T10:46:28","date_gmt":"2021-11-08T09:46:28","guid":{"rendered":"https:\/\/antcube.shop\/produkt\/rosenblutenblatter-100g-getrocknet\/"},"modified":"2026-04-20T18:20:44","modified_gmt":"2026-04-20T16:20:44","slug":"rosenblutenblatter-100g-getrocknet-2","status":"publish","type":"product","link":"https:\/\/antcube.shop\/pt\/produto\/rosenblutenblatter-100g-getrocknet-2\/","title":{"rendered":"P\u00e9talas de rosa 100g - secas"},"content":{"rendered":"<p><strong>Conte\u00fado:<\/strong><br \/>\n100g de p\u00e9talas de rosa secas<\/p>\n<p><strong>Descri\u00e7\u00e3o:<\/strong><br \/>\nAs p\u00e9talas de rosa s\u00e3o um terreno f\u00e9rtil para as esp\u00e9cies de formigas que criam fungos. Trata-se de um produto puramente natural.<\/p>\n<p><strong>Uso:<\/strong><br \/>\nP\u00e9talas de rosas = para esp\u00e9cies de formigas reprodutoras de fungos.<br \/>\nAs p\u00e9talas secas servem apenas como terreno de reprodu\u00e7\u00e3o para o fungo das formigas cortadoras de folhas (\u00e9 aconselh\u00e1vel oferecer folhas frescas como hidratante ao mesmo tempo).<br \/>\nBasta colocar as p\u00e9talas para serem alimentadas em uma c\u00e2mara de alimentos secos.<\/p>\n<p><strong>Armazenamento:<\/strong><br \/>\nEm ambiente seco<\/p>\n<p><strong>Cont\u00e9m:<\/strong><br \/>\n100% p\u00e9talas de rosa secas<\/p>","protected":false},"excerpt":{"rendered":"<p>Conte\u00fado: 100g de p\u00e9talas de rosa secas Descri\u00e7\u00e3o: As p\u00e9talas de rosa s\u00e3o um terreno f\u00e9rtil para as esp\u00e9cies de formigas que criam fungos. Trata-se de um produto puramente natural. Utiliza\u00e7\u00e3o: P\u00e9talas de rosa = para esp\u00e9cies de formigas criadoras de fungos. As p\u00e9talas secas servem apenas de meio de cultura para os fungos das formigas cortadeiras (oferecendo folhas frescas como hidratante ao mesmo tempo que [...]","protected":false},"featured_media":5485,"comment_status":"open","ping_status":"closed","template":"","meta":{"_acf_changed":false,"content-type":"","_monsterinsights_skip_tracking":false,"_monsterinsights_sitenote_active":false,"_monsterinsights_sitenote_note":"","_monsterinsights_sitenote_category":0},"product_brand":[],"product_cat":[115,116],"product_tag":[],"class_list":{"0":"post-3159","1":"product","2":"type-product","3":"status-publish","4":"has-post-thumbnail","6":"product_cat-food-and-feeding","7":"product_cat-food","9":"first","10":"instock","11":"taxable","12":"shipping-taxable","13":"purchasable","14":"product-type-simple"},"acf":[],"aioseo_notices":[],"jetpack_sharing_enabled":true,"_links":{"self":[{"href":"https:\/\/antcube.shop\/pt\/wp-json\/wp\/v2\/product\/3159","targetHints":{"allow":["GET"]}}],"collection":[{"href":"https:\/\/antcube.shop\/pt\/wp-json\/wp\/v2\/product"}],"about":[{"href":"https:\/\/antcube.shop\/pt\/wp-json\/wp\/v2\/types\/product"}],"replies":[{"embeddable":true,"href":"https:\/\/antcube.shop\/pt\/wp-json\/wp\/v2\/comments?post=3159"}],"wp:featuredmedia":[{"embeddable":true,"href":"https:\/\/antcube.shop\/pt\/wp-json\/wp\/v2\/media\/5485"}],"wp:attachment":[{"href":"https:\/\/antcube.shop\/pt\/wp-json\/wp\/v2\/media?parent=3159"}],"wp:term":[{"taxonomy":"product_brand","embeddable":true,"href":"https:\/\/antcube.shop\/pt\/wp-json\/wp\/v2\/product_brand?post=3159"},{"taxonomy":"product_cat","embeddable":true,"href":"https:\/\/antcube.shop\/pt\/wp-json\/wp\/v2\/product_cat?post=3159"},{"taxonomy":"product_tag","embeddable":true,"href":"https:\/\/antcube.shop\/pt\/wp-json\/wp\/v2\/product_tag?post=3159"}],"curies":[{"name":"wp","href":"https:\/\/api.w.org\/{rel}","templated":true}]}}