{"id":3158,"date":"2021-11-08T10:46:20","date_gmt":"2021-11-08T09:46:20","guid":{"rendered":"https:\/\/antcube.shop\/produkt\/zuckerlosung-in-2ml-futterrohrchen-10-st\/"},"modified":"2026-04-03T11:58:54","modified_gmt":"2026-04-03T09:58:54","slug":"zuckerlosung-in-2ml-futterrohrchen-10-st","status":"publish","type":"product","link":"https:\/\/antcube.shop\/pt\/produto\/zuckerlosung-in-2ml-futterrohrchen-10-st\/","title":{"rendered":"Solu\u00e7\u00e3o de a\u00e7\u00facar em tubo de alimenta\u00e7\u00e3o de 2ml - 10 pcs."},"content":{"rendered":"<p><strong>Conte\u00fado:<\/strong> 10x 2ml<\/p>\n<p><strong>Descri\u00e7\u00e3o:<\/strong> A solu\u00e7\u00e3o de a\u00e7\u00facar \u00e9 uma ra\u00e7\u00e3o suplementar para outras ra\u00e7\u00f5es.<\/p>\n<p><strong>Uso:<\/strong><br \/>\nSolu\u00e7\u00e3o a\u00e7ucarada = para esp\u00e9cies de formigas comedoras de a\u00e7\u00facar.<br \/>\n\u00c9 uma alimenta\u00e7\u00e3o suplementar (alimenta\u00e7\u00e3o \u00fanica)<br \/>\nPode ser oferecido aos animais no estado em que \u00e9 entregue. Pode ser utilizado at\u00e9 que o a\u00e7\u00facar tenha secado. Limpar cuidadosamente o recipiente\/tubo de alimenta\u00e7\u00e3o antes da sua reutiliza\u00e7\u00e3o.<br \/>\nUm pacote aberto pode ser utilizado bem fechado at\u00e9 \u00e0 data indicada (melhor antes da data).<\/p>\n<p><strong>Cont\u00e9m:<\/strong><br \/>\nA\u00e7\u00facar invertido 55%<br \/>\nSacarose 45%<\/p>\n<p><strong>Armazenamento:<\/strong> para garantir a qualidade da ra\u00e7\u00e3o, esta deve ser armazenada num local escuro e seco.<\/p>\n<p><strong>Aviso:<\/strong><br \/>\nInforma\u00e7\u00f5es sobre como usar os tubos de alimenta\u00e7\u00e3o podem ser encontradas aqui: Link<br \/>\nConsulte o folheto informativo sobre a composi\u00e7\u00e3o, ingredientes anal\u00edticos, data de validade e n\u00famero do lote.<\/p>\n<p>Linha direta de informa\u00e7\u00f5es +49 30 439703870<\/p>\n<p>Autoridade veterin\u00e1ria e de supervis\u00e3o alimentar respons\u00e1vel:<br \/>\nEscrit\u00f3rio Veterin\u00e1rio Steglitz<br \/>\nK\u00f6nigin-Luise-Str. 92<br \/>\n14195 Berlim<\/p>","protected":false},"excerpt":{"rendered":"<p>Alimentos suplementares<\/p>","protected":false},"featured_media":3147,"comment_status":"open","ping_status":"closed","template":"","meta":{"_acf_changed":false,"content-type":"","_monsterinsights_skip_tracking":false,"_monsterinsights_sitenote_active":false,"_monsterinsights_sitenote_note":"","_monsterinsights_sitenote_category":0},"product_brand":[],"product_cat":[115,116],"product_tag":[],"class_list":{"0":"post-3158","1":"product","2":"type-product","3":"status-publish","4":"has-post-thumbnail","6":"product_cat-food-and-feeding","7":"product_cat-food","9":"first","10":"instock","11":"taxable","12":"shipping-taxable","13":"purchasable","14":"product-type-simple"},"acf":[],"aioseo_notices":[],"jetpack_sharing_enabled":true,"_links":{"self":[{"href":"https:\/\/antcube.shop\/pt\/wp-json\/wp\/v2\/product\/3158","targetHints":{"allow":["GET"]}}],"collection":[{"href":"https:\/\/antcube.shop\/pt\/wp-json\/wp\/v2\/product"}],"about":[{"href":"https:\/\/antcube.shop\/pt\/wp-json\/wp\/v2\/types\/product"}],"replies":[{"embeddable":true,"href":"https:\/\/antcube.shop\/pt\/wp-json\/wp\/v2\/comments?post=3158"}],"wp:featuredmedia":[{"embeddable":true,"href":"https:\/\/antcube.shop\/pt\/wp-json\/wp\/v2\/media\/3147"}],"wp:attachment":[{"href":"https:\/\/antcube.shop\/pt\/wp-json\/wp\/v2\/media?parent=3158"}],"wp:term":[{"taxonomy":"product_brand","embeddable":true,"href":"https:\/\/antcube.shop\/pt\/wp-json\/wp\/v2\/product_brand?post=3158"},{"taxonomy":"product_cat","embeddable":true,"href":"https:\/\/antcube.shop\/pt\/wp-json\/wp\/v2\/product_cat?post=3158"},{"taxonomy":"product_tag","embeddable":true,"href":"https:\/\/antcube.shop\/pt\/wp-json\/wp\/v2\/product_tag?post=3158"}],"curies":[{"name":"wp","href":"https:\/\/api.w.org\/{rel}","templated":true}]}}