{"id":3155,"date":"2021-11-08T10:46:04","date_gmt":"2021-11-08T09:46:04","guid":{"rendered":"https:\/\/antcube.shop\/produkt\/kornerfutter-media-in-2ml-futterrohrchen-10-st\/"},"modified":"2026-03-31T18:19:14","modified_gmt":"2026-03-31T16:19:14","slug":"kornerfutter-media-in-2ml-futterrohrchen-10-st-2","status":"publish","type":"product","link":"https:\/\/antcube.shop\/pt\/produto\/kornerfutter-media-in-2ml-futterrohrchen-10-st-2\/","title":{"rendered":"Meios de alimenta\u00e7\u00e3o em tubos de alimenta\u00e7\u00e3o de 2ml - 10 unid."},"content":{"rendered":"<p><strong>Conte\u00fado:<\/strong> 10x 2 ml<\/p>\n<p><strong>Descri\u00e7\u00e3o:<\/strong> Sementes\/gr\u00e3os de tamanho m\u00e9dio para as col\u00f3nias maiores de esp\u00e9cies de formigas colectoras de cereais, tais como o g\u00e9nero Messor, que j\u00e1 cont\u00eam trabalhadores dos meios de comunica\u00e7\u00e3o social.<\/p>\n<p><strong>Aplica\u00e7\u00e3o:<\/strong> O tubo de alimenta\u00e7\u00e3o pode ser colocado como um todo no formic\u00e1rio, em alternativa, adicionar quantidades menores a uma tigela de alimenta\u00e7\u00e3o conforme necess\u00e1rio\/de acordo com o tamanho da col\u00f3nia. Os gr\u00e3os s\u00e3o principalmente aceites por esp\u00e9cies que recolhem gr\u00e3os, tais como esp\u00e9cies do g\u00e9nero Messor ou tamb\u00e9m Pheidole.<\/p>\n<p><strong>Aviso:<\/strong><br \/>\nInforma\u00e7\u00f5es sobre a utiliza\u00e7\u00e3o de tubos de alimenta\u00e7\u00e3o podem ser encontradas aqui: Liga\u00e7\u00e3o<br \/>\nComida suplementar para formigas gran\u00edvoras.<br \/>\nConsultar a bula para composi\u00e7\u00e3o, componentes anal\u00edticos, data de validade e n\u00famero do lote.<\/p>\n<p>Linha direta de informa\u00e7\u00f5es +49 30 439703870<\/p>\n<p>Autoridade veterin\u00e1ria e de supervis\u00e3o alimentar respons\u00e1vel:<br \/>\nEscrit\u00f3rio Veterin\u00e1rio Steglitz<br \/>\nK\u00f6nigin-Luise-Str. 92<br \/>\n14195 Berlim<\/p>","protected":false},"excerpt":{"rendered":"<p>Alimentos suplementares<\/p>","protected":false},"featured_media":3150,"comment_status":"open","ping_status":"closed","template":"","meta":{"_acf_changed":false,"content-type":"","_monsterinsights_skip_tracking":false,"_monsterinsights_sitenote_active":false,"_monsterinsights_sitenote_note":"","_monsterinsights_sitenote_category":0},"product_brand":[],"product_cat":[115,116],"product_tag":[],"class_list":{"0":"post-3155","1":"product","2":"type-product","3":"status-publish","4":"has-post-thumbnail","6":"product_cat-food-and-feeding","7":"product_cat-food","9":"first","10":"instock","11":"taxable","12":"shipping-taxable","13":"purchasable","14":"product-type-simple"},"acf":[],"aioseo_notices":[],"jetpack_sharing_enabled":true,"_links":{"self":[{"href":"https:\/\/antcube.shop\/pt\/wp-json\/wp\/v2\/product\/3155","targetHints":{"allow":["GET"]}}],"collection":[{"href":"https:\/\/antcube.shop\/pt\/wp-json\/wp\/v2\/product"}],"about":[{"href":"https:\/\/antcube.shop\/pt\/wp-json\/wp\/v2\/types\/product"}],"replies":[{"embeddable":true,"href":"https:\/\/antcube.shop\/pt\/wp-json\/wp\/v2\/comments?post=3155"}],"wp:featuredmedia":[{"embeddable":true,"href":"https:\/\/antcube.shop\/pt\/wp-json\/wp\/v2\/media\/3150"}],"wp:attachment":[{"href":"https:\/\/antcube.shop\/pt\/wp-json\/wp\/v2\/media?parent=3155"}],"wp:term":[{"taxonomy":"product_brand","embeddable":true,"href":"https:\/\/antcube.shop\/pt\/wp-json\/wp\/v2\/product_brand?post=3155"},{"taxonomy":"product_cat","embeddable":true,"href":"https:\/\/antcube.shop\/pt\/wp-json\/wp\/v2\/product_cat?post=3155"},{"taxonomy":"product_tag","embeddable":true,"href":"https:\/\/antcube.shop\/pt\/wp-json\/wp\/v2\/product_tag?post=3155"}],"curies":[{"name":"wp","href":"https:\/\/api.w.org\/{rel}","templated":true}]}}