{"id":3152,"date":"2021-11-08T10:45:38","date_gmt":"2021-11-08T09:45:38","guid":{"rendered":"https:\/\/antcube.shop\/produkt\/antcube-ameisenfarm-xl-20x20-stehend\/"},"modified":"2026-04-01T17:55:28","modified_gmt":"2026-04-01T15:55:28","slug":"antcube-ameisenfarm-xl-20x20-stehend","status":"publish","type":"product","link":"https:\/\/antcube.shop\/pt\/produto\/antcube-ameisenfarm-xl-20x20-stehend\/","title":{"rendered":"ANTCUBE - Antfarm - XL - 20\u00d720 - em p\u00e9"},"content":{"rendered":"<p><strong>Dimens\u00f5es (CxLxA):<\/strong><br \/>\nexterior:190x58x199 mm<br \/>\ninterior: 184x50x190 mm<\/p>\n<p><strong>Material:<\/strong><br \/>\nVidro flutuante, pl\u00e1stico<\/p>\n<p><strong>Cor:<\/strong><br \/>\nabsolutamente claro<\/p>\n<p><strong>Conte\u00fado:<\/strong><br \/>\n1x Fazenda de formigas ANTCUBE - espa\u00e7amento entre placas de 52mm.<br \/>\n1x Cobertura da fazenda de formigas XL 20\u00d76<br \/>\n2x ficha 4mm<\/p>\n<p><strong>Conex\u00e3o:<\/strong><br \/>\nEm ambos os lados voc\u00ea encontrar\u00e1 um buraco de 27mm, para que esta fazenda possa ser conectada com uma mangueira de 28mm ou nosso \"conector de tanque com mangueira para buracos de 27mm\".<br \/>\n2x furos de 4mm com tamp\u00f5es de 4mm.<\/p>\n<p><strong>Descri\u00e7\u00e3o:<\/strong><br \/>\nEsta antfarm totalmente transparente \u00e9 adequada para <strong>XL<\/strong> tamanho esp\u00e9cie de formiga.<\/p>\n<p><strong>Notas sobre a produ\u00e7\u00e3o<\/strong><br \/>\nO vidro \u00e9 cortado de acordo com DIN 1249 com uma toler\u00e2ncia de +\/- 1mm. Para esp\u00e9cies de formigas extremamente pequenas \u00e9 essencial uma protec\u00e7\u00e3o adicional contra fugas.<\/p>\n<p><strong>Nota sobre a fazenda<\/strong><br \/>\nPor favor, note o seguinte ao anexar as mangueiras:<br \/>\nSe a tubagem for muito dif\u00edcil de encaixar na bucha do conector, a bucha deve ser ligeiramente esfregada com uma gota do nosso \u00f3leo ou p\u00f3 de protec\u00e7\u00e3o contra a fuga. A mangueira deve ent\u00e3o ser empurrada sobre a bucha atrav\u00e9s de movimentos de tor\u00e7\u00e3o ou aparafusamento, sem carregar a bucha com movimentos para cima e para baixo.<\/p>","protected":false},"excerpt":{"rendered":"<p>Tamanho: <span style=\"font-size: small;\"><span style=\"font-family: Arial;\"><strong>XL<\/strong><\/span><\/span><\/p>","protected":false},"featured_media":3129,"comment_status":"open","ping_status":"closed","template":"","meta":{"_acf_changed":false,"content-type":"","_monsterinsights_skip_tracking":false,"_monsterinsights_sitenote_active":false,"_monsterinsights_sitenote_note":"","_monsterinsights_sitenote_category":0},"product_brand":[],"product_cat":[80,84],"product_tag":[],"class_list":{"0":"post-3152","1":"product","2":"type-product","3":"status-publish","4":"has-post-thumbnail","6":"product_cat-antfarms","7":"product_cat-antfarms-xl","9":"first","10":"instock","11":"taxable","12":"shipping-taxable","13":"purchasable","14":"product-type-simple"},"acf":[],"aioseo_notices":[],"jetpack_sharing_enabled":true,"_links":{"self":[{"href":"https:\/\/antcube.shop\/pt\/wp-json\/wp\/v2\/product\/3152","targetHints":{"allow":["GET"]}}],"collection":[{"href":"https:\/\/antcube.shop\/pt\/wp-json\/wp\/v2\/product"}],"about":[{"href":"https:\/\/antcube.shop\/pt\/wp-json\/wp\/v2\/types\/product"}],"replies":[{"embeddable":true,"href":"https:\/\/antcube.shop\/pt\/wp-json\/wp\/v2\/comments?post=3152"}],"wp:featuredmedia":[{"embeddable":true,"href":"https:\/\/antcube.shop\/pt\/wp-json\/wp\/v2\/media\/3129"}],"wp:attachment":[{"href":"https:\/\/antcube.shop\/pt\/wp-json\/wp\/v2\/media?parent=3152"}],"wp:term":[{"taxonomy":"product_brand","embeddable":true,"href":"https:\/\/antcube.shop\/pt\/wp-json\/wp\/v2\/product_brand?post=3152"},{"taxonomy":"product_cat","embeddable":true,"href":"https:\/\/antcube.shop\/pt\/wp-json\/wp\/v2\/product_cat?post=3152"},{"taxonomy":"product_tag","embeddable":true,"href":"https:\/\/antcube.shop\/pt\/wp-json\/wp\/v2\/product_tag?post=3152"}],"curies":[{"name":"wp","href":"https:\/\/api.w.org\/{rel}","templated":true}]}}