{"id":3087,"date":"2021-10-21T13:24:43","date_gmt":"2021-10-21T11:24:43","guid":{"rendered":"https:\/\/antcube.shop\/produkt\/tranke-2ml-front-dosierbar\/"},"modified":"2026-04-04T08:07:12","modified_gmt":"2026-04-04T06:07:12","slug":"tranke-2ml-front-dosierbar","status":"publish","type":"product","link":"https:\/\/antcube.shop\/pt\/produto\/tranke-2ml-front-dosierbar\/","title":{"rendered":"Bebedouro de 2ml - dose inicial"},"content":{"rendered":"<p><strong>Dimens\u00f5es:<\/strong> 30x40x52 mm, 2 ml<\/p>\n<p><strong>Conte\u00fado:<\/strong><br \/>\n1x p\u00e9 com 1x 5mm de abertura (0-1mm dos\u00e1vel).<br \/>\n1x tubo alimentar de formiga<\/p>\n<p><strong>Material:<\/strong> PMMA, PS<\/p>\n<p><strong>Descri\u00e7\u00e3o:<\/strong> Isto permite que as formigas se abaste\u00e7am de humidade suficiente dentro de um formic\u00e1rio. Ideal tamb\u00e9m para a \u00e9poca de f\u00e9rias. Os tubos alimentares de 2ml de formiga podem agora ser inseridos no p\u00e9. Devido \u00e0 profundidade de inser\u00e7\u00e3o, a quantidade de alimentos pode ser doseada.<\/p>\n<p><strong>Cores:<\/strong> transparente<\/p>","protected":false},"excerpt":{"rendered":"<p>Dimens\u00f5es: 30x40x52 mm, 2 ml<\/p>","protected":false},"featured_media":3136,"comment_status":"open","ping_status":"closed","template":"","meta":{"_acf_changed":false,"content-type":"","_monsterinsights_skip_tracking":false,"_monsterinsights_sitenote_active":false,"_monsterinsights_sitenote_note":"","_monsterinsights_sitenote_category":0},"product_brand":[],"product_cat":[115,117],"product_tag":[],"class_list":{"0":"post-3087","1":"product","2":"type-product","3":"status-publish","4":"has-post-thumbnail","6":"product_cat-food-and-feeding","7":"product_cat-drinkers-for-ants","9":"first","10":"instock","11":"taxable","12":"shipping-taxable","13":"purchasable","14":"product-type-simple"},"acf":[],"aioseo_notices":[],"jetpack_sharing_enabled":true,"_links":{"self":[{"href":"https:\/\/antcube.shop\/pt\/wp-json\/wp\/v2\/product\/3087","targetHints":{"allow":["GET"]}}],"collection":[{"href":"https:\/\/antcube.shop\/pt\/wp-json\/wp\/v2\/product"}],"about":[{"href":"https:\/\/antcube.shop\/pt\/wp-json\/wp\/v2\/types\/product"}],"replies":[{"embeddable":true,"href":"https:\/\/antcube.shop\/pt\/wp-json\/wp\/v2\/comments?post=3087"}],"wp:featuredmedia":[{"embeddable":true,"href":"https:\/\/antcube.shop\/pt\/wp-json\/wp\/v2\/media\/3136"}],"wp:attachment":[{"href":"https:\/\/antcube.shop\/pt\/wp-json\/wp\/v2\/media?parent=3087"}],"wp:term":[{"taxonomy":"product_brand","embeddable":true,"href":"https:\/\/antcube.shop\/pt\/wp-json\/wp\/v2\/product_brand?post=3087"},{"taxonomy":"product_cat","embeddable":true,"href":"https:\/\/antcube.shop\/pt\/wp-json\/wp\/v2\/product_cat?post=3087"},{"taxonomy":"product_tag","embeddable":true,"href":"https:\/\/antcube.shop\/pt\/wp-json\/wp\/v2\/product_tag?post=3087"}],"curies":[{"name":"wp","href":"https:\/\/api.w.org\/{rel}","templated":true}]}}