{"id":2871,"date":"2021-10-13T18:46:51","date_gmt":"2021-10-13T16:46:51","guid":{"rendered":"https:\/\/antcube.shop\/produkt\/beckenverbinder-b-27-und-s-10-16-mm-m25-set\/"},"modified":"2026-04-14T11:48:54","modified_gmt":"2026-04-14T09:48:54","slug":"beckenverbinder-b-27-und-s-10-16-mm-m25-set","status":"publish","type":"product","link":"https:\/\/antcube.shop\/pt\/produto\/beckenverbinder-b-27-und-s-10-16-mm-m25-set\/","title":{"rendered":"Conector de bacia B-27 e S-10-16 mm M25 - conjunto"},"content":{"rendered":"<p><strong>Dimens\u00f5es:<\/strong> para furo 27 e mangueira 10-16 mm<\/p>\n<p><strong>Conte\u00fado:<\/strong><br \/>\n1x adaptador de parafuso<br \/>\n1x locknut<\/p>\n<p><strong>Descri\u00e7\u00e3o:<\/strong> Este conector de bacia, \u00e9 inserido atrav\u00e9s do orif\u00edcio e aparafusado com a contraporca fechada. Isto assegura que a liga\u00e7\u00e3o \u00e9 \u00e0 prova de ruptura e tamb\u00e9m se mant\u00e9m segura ao mover as bacias. Na outra extremidade, \u00e9 inserida uma mangueira adequada.<\/p>","protected":false},"excerpt":{"rendered":"<p>Dimens\u00f5es: para furo 27 e mangueira 10-16 mm Conte\u00fado: 1x adaptador de parafuso 1x porca de bloqueio Descri\u00e7\u00e3o: Este conector para lavat\u00f3rio \u00e9 inserido atrav\u00e9s do orif\u00edcio e aparafusado com a porca de bloqueio inclu\u00edda. Isto garante que a liga\u00e7\u00e3o \u00e9 \u00e0 prova de ruptura e tamb\u00e9m se mant\u00e9m segura quando se deslocam os lavat\u00f3rios. Na outra extremidade \u00e9 inserida uma mangueira adequada.<\/p>","protected":false},"featured_media":2991,"comment_status":"open","ping_status":"closed","template":"","meta":{"_acf_changed":false,"content-type":"","_monsterinsights_skip_tracking":false,"_monsterinsights_sitenote_active":false,"_monsterinsights_sitenote_note":"","_monsterinsights_sitenote_category":0},"product_brand":[],"product_cat":[121],"product_tag":[],"class_list":{"0":"post-2871","1":"product","2":"type-product","3":"status-publish","4":"has-post-thumbnail","6":"product_cat-connectors","8":"first","9":"instock","10":"taxable","11":"shipping-taxable","12":"purchasable","13":"product-type-simple"},"acf":[],"aioseo_notices":[],"jetpack_sharing_enabled":true,"_links":{"self":[{"href":"https:\/\/antcube.shop\/pt\/wp-json\/wp\/v2\/product\/2871","targetHints":{"allow":["GET"]}}],"collection":[{"href":"https:\/\/antcube.shop\/pt\/wp-json\/wp\/v2\/product"}],"about":[{"href":"https:\/\/antcube.shop\/pt\/wp-json\/wp\/v2\/types\/product"}],"replies":[{"embeddable":true,"href":"https:\/\/antcube.shop\/pt\/wp-json\/wp\/v2\/comments?post=2871"}],"wp:featuredmedia":[{"embeddable":true,"href":"https:\/\/antcube.shop\/pt\/wp-json\/wp\/v2\/media\/2991"}],"wp:attachment":[{"href":"https:\/\/antcube.shop\/pt\/wp-json\/wp\/v2\/media?parent=2871"}],"wp:term":[{"taxonomy":"product_brand","embeddable":true,"href":"https:\/\/antcube.shop\/pt\/wp-json\/wp\/v2\/product_brand?post=2871"},{"taxonomy":"product_cat","embeddable":true,"href":"https:\/\/antcube.shop\/pt\/wp-json\/wp\/v2\/product_cat?post=2871"},{"taxonomy":"product_tag","embeddable":true,"href":"https:\/\/antcube.shop\/pt\/wp-json\/wp\/v2\/product_tag?post=2871"}],"curies":[{"name":"wp","href":"https:\/\/api.w.org\/{rel}","templated":true}]}}