{"id":2869,"date":"2021-10-13T18:46:31","date_gmt":"2021-10-13T16:46:31","guid":{"rendered":"https:\/\/antcube.shop\/produkt\/antcube-gipsnest-20x20-liegend\/"},"modified":"2026-04-24T10:52:36","modified_gmt":"2026-04-24T08:52:36","slug":"antcube-gipsnest-20x20-liegend","status":"publish","type":"product","link":"https:\/\/antcube.shop\/pt\/produto\/antcube-gipsnest-20x20-liegend\/","title":{"rendered":"ANTCUBE - ninho de gesso 20\u00d720 - deitado"},"content":{"rendered":"<p><strong>Dimens\u00f5es:<\/strong><br \/>\n<strong>Ninho de gesso: <\/strong>190 x 190 x 20mm<br \/>\n<strong>Cobertura de vidro:<\/strong> 179 x 179 x 4mm<\/p>\n<p><strong>Material:<\/strong> Estuque<\/p>\n<p><strong>Conte\u00fado:<\/strong><br \/>\n1x ninho de gesso 20\u00d720 com duas tomadas de liga\u00e7\u00e3o M 10\/08<br \/>\n1x tampa de vidro com furo de 50mm<br \/>\n1x acr\u00edlico - anel 50mm para furo de 27mm<br \/>\n1x Base Formicarium 20\u00d720<br \/>\n2x tampa da grelha - 10mm - a\u00e7o inoxid\u00e1vel<br \/>\n1x inser\u00e7\u00e3o de grade - 27mm - a\u00e7o inoxid\u00e1vel<\/p>\n<p><strong>Descri\u00e7\u00e3o:<\/strong> O nosso ninho de gesso com passagens e c\u00e2maras pr\u00e9-fabricadas \u00e9 adequado para muitas esp\u00e9cies de formigas, especialmente para esp\u00e9cies que constroem os seus ninhos em solos muito arenosos ou pedregosos. Tem duas tomadas de liga\u00e7\u00e3o como acesso ao ninho. O gesso tem a propriedade de absorver \u00e1gua, pelo que uma certa quantidade de humidade \u00e9 armazenada. No entanto, o ninho de gesso n\u00e3o deve ser utilizado permanentemente h\u00famido porque, caso contr\u00e1rio, pode levar ao bolor (por restos de comida ou excrementos das formigas). Por conseguinte, se poss\u00edvel, devem ser mantidas aqui esp\u00e9cies de regi\u00f5es bastante secas. Isto seria, por exemplo, esp\u00e9cies de regi\u00f5es mediterr\u00e2nicas ou des\u00e9rticas.<\/p>\n<p><strong>Nota:<\/strong> Devido \u00e0 constru\u00e7\u00e3o, n\u00e3o s\u00e3o adequados para esp\u00e9cies muito pequenas (por exemplo: esp\u00e9cies Pheidole, Temnothorax), podem ocorrer lacunas de 0,3 - 0,5mm.<\/p>\n<p>Nota sobre as tomadas de liga\u00e7\u00e3o<br \/>\nAo prender ou soltar mangueiras, por favor note o seguinte:<br \/>\nSe a tubagem for muito dif\u00edcil de caber na bucha do conector, a bucha deve ser ligeiramente esfregada com uma gota do nosso \u00f3leo ou p\u00f3 de protec\u00e7\u00e3o contra a fuga. A mangueira deve ent\u00e3o ser empurrada para o casquilho atrav\u00e9s de movimentos de tor\u00e7\u00e3o ou de aparafusamento, sem stressar o casquilho com movimentos para cima e para baixo. O mesmo se aplica ao remover as mangueiras da bucha de liga\u00e7\u00e3o. Por favor, n\u00e3o se deve simplesmente puxar!<\/p>\n<p>&nbsp;<\/p>\n<p>&nbsp;<\/p>","protected":false},"excerpt":{"rendered":"<p>Dimens\u00f5es: Ninho de gesso: 190 x 190 x 20mm Tampa de vidro: 179 x 179 x 4mm Material: Gesso Conte\u00fado: 1x ninho de gesso 20\u00d720 com duas tomadas de liga\u00e7\u00e3o M 10\/08 1x tampa de vidro com orif\u00edcio de 50mm 1x acr\u00edlico - anel 50mm para orif\u00edcio de 27mm 1x base Formicarium 20\u00d720 2x tampa de grelha - 10mm - a\u00e7o inoxid\u00e1vel 1x [...]","protected":false},"featured_media":3194,"comment_status":"open","ping_status":"closed","template":"","meta":{"_acf_changed":false,"content-type":"","_monsterinsights_skip_tracking":false,"_monsterinsights_sitenote_active":false,"_monsterinsights_sitenote_note":"","_monsterinsights_sitenote_category":0},"product_brand":[],"product_cat":[80,86],"product_tag":[],"class_list":{"0":"post-2869","1":"product","2":"type-product","3":"status-publish","4":"has-post-thumbnail","6":"product_cat-antfarms","7":"product_cat-formicariums","9":"first","10":"instock","11":"taxable","12":"shipping-taxable","13":"purchasable","14":"product-type-simple"},"acf":[],"aioseo_notices":[],"jetpack_sharing_enabled":true,"_links":{"self":[{"href":"https:\/\/antcube.shop\/pt\/wp-json\/wp\/v2\/product\/2869","targetHints":{"allow":["GET"]}}],"collection":[{"href":"https:\/\/antcube.shop\/pt\/wp-json\/wp\/v2\/product"}],"about":[{"href":"https:\/\/antcube.shop\/pt\/wp-json\/wp\/v2\/types\/product"}],"replies":[{"embeddable":true,"href":"https:\/\/antcube.shop\/pt\/wp-json\/wp\/v2\/comments?post=2869"}],"wp:featuredmedia":[{"embeddable":true,"href":"https:\/\/antcube.shop\/pt\/wp-json\/wp\/v2\/media\/3194"}],"wp:attachment":[{"href":"https:\/\/antcube.shop\/pt\/wp-json\/wp\/v2\/media?parent=2869"}],"wp:term":[{"taxonomy":"product_brand","embeddable":true,"href":"https:\/\/antcube.shop\/pt\/wp-json\/wp\/v2\/product_brand?post=2869"},{"taxonomy":"product_cat","embeddable":true,"href":"https:\/\/antcube.shop\/pt\/wp-json\/wp\/v2\/product_cat?post=2869"},{"taxonomy":"product_tag","embeddable":true,"href":"https:\/\/antcube.shop\/pt\/wp-json\/wp\/v2\/product_tag?post=2869"}],"curies":[{"name":"wp","href":"https:\/\/api.w.org\/{rel}","templated":true}]}}