{"id":2868,"date":"2021-10-13T18:43:30","date_gmt":"2021-10-13T16:43:30","guid":{"rendered":"https:\/\/antcube.shop\/produkt\/antcube-gipsnest-20x20-stehend\/"},"modified":"2026-03-30T18:00:18","modified_gmt":"2026-03-30T16:00:18","slug":"antcube-gipsnest-20x20-stehend","status":"publish","type":"product","link":"https:\/\/antcube.shop\/pt\/produto\/antcube-gipsnest-20x20-stehend\/","title":{"rendered":"ANTCUBE - Ninho de gesso 20\u00d720 - de p\u00e9"},"content":{"rendered":"<p><strong>Dimens\u00f5es:<\/strong> 182 x 159 x 19,5 mm<\/p>\n<p><strong>Material:<\/strong> Gesso\/ Estuque<\/p>\n<p>Adapta-se apenas ao tamanho das nossas antas <strong>L<\/strong><\/p>\n<p><strong>Descri\u00e7\u00e3o:<\/strong> O nosso ninho de gesso com passagens e c\u00e2maras pr\u00e9-fabricadas \u00e9 adequado para muitas esp\u00e9cies de formigas, especialmente para esp\u00e9cies que constroem os seus ninhos em solos muito arenosos ou pedregosos. Tem um buraco para acesso aos ninhos. O gesso tem a propriedade de absorver \u00e1gua, pelo que uma certa quantidade de humidade \u00e9 armazenada. No entanto, o ninho de gesso n\u00e3o deve ser utilizado permanentemente h\u00famido porque, caso contr\u00e1rio, pode levar ao bolor (por restos de comida ou excrementos das formigas). Por conseguinte, se poss\u00edvel, devem ser mantidas aqui esp\u00e9cies de regi\u00f5es bastante secas. Isto seria, por exemplo, esp\u00e9cies de regi\u00f5es mediterr\u00e2nicas ou des\u00e9rticas.<\/p>\n<p>&nbsp;<\/p>","protected":false},"excerpt":{"rendered":"<p>Adapta-se apenas ao tamanho das nossas antas <strong>L<\/strong><\/p>","protected":false},"featured_media":351,"comment_status":"open","ping_status":"closed","template":"","meta":{"_acf_changed":false,"content-type":"","_monsterinsights_skip_tracking":false,"_monsterinsights_sitenote_active":false,"_monsterinsights_sitenote_note":"","_monsterinsights_sitenote_category":0},"product_brand":[],"product_cat":[87,90],"product_tag":[],"class_list":{"0":"post-2868","1":"product","2":"type-product","3":"status-publish","4":"has-post-thumbnail","6":"product_cat-nest-insets","7":"product_cat-gypsum","9":"first","10":"instock","11":"taxable","12":"shipping-taxable","13":"purchasable","14":"product-type-simple"},"acf":[],"aioseo_notices":[],"jetpack_sharing_enabled":true,"_links":{"self":[{"href":"https:\/\/antcube.shop\/pt\/wp-json\/wp\/v2\/product\/2868","targetHints":{"allow":["GET"]}}],"collection":[{"href":"https:\/\/antcube.shop\/pt\/wp-json\/wp\/v2\/product"}],"about":[{"href":"https:\/\/antcube.shop\/pt\/wp-json\/wp\/v2\/types\/product"}],"replies":[{"embeddable":true,"href":"https:\/\/antcube.shop\/pt\/wp-json\/wp\/v2\/comments?post=2868"}],"wp:featuredmedia":[{"embeddable":true,"href":"https:\/\/antcube.shop\/pt\/wp-json\/wp\/v2\/media\/351"}],"wp:attachment":[{"href":"https:\/\/antcube.shop\/pt\/wp-json\/wp\/v2\/media?parent=2868"}],"wp:term":[{"taxonomy":"product_brand","embeddable":true,"href":"https:\/\/antcube.shop\/pt\/wp-json\/wp\/v2\/product_brand?post=2868"},{"taxonomy":"product_cat","embeddable":true,"href":"https:\/\/antcube.shop\/pt\/wp-json\/wp\/v2\/product_cat?post=2868"},{"taxonomy":"product_tag","embeddable":true,"href":"https:\/\/antcube.shop\/pt\/wp-json\/wp\/v2\/product_tag?post=2868"}],"curies":[{"name":"wp","href":"https:\/\/api.w.org\/{rel}","templated":true}]}}