{"id":2866,"date":"2021-10-13T18:43:01","date_gmt":"2021-10-13T16:43:01","guid":{"rendered":"https:\/\/antcube.shop\/produkt\/antcube-rote-folie-20x20-selbstklebend\/"},"modified":"2025-10-19T21:05:19","modified_gmt":"2025-10-19T19:05:19","slug":"antcube-rote-folie-20x20-selbstklebend","status":"publish","type":"product","link":"https:\/\/antcube.shop\/pt\/produto\/antcube-rote-folie-20x20-selbstklebend\/","title":{"rendered":"ANTCUBE - Folha vermelha 20\u00d720 - autocolante"},"content":{"rendered":"<p><strong>Dimens\u00f5es:<\/strong> 19x19cm<\/p>\n<p><strong>Material:<\/strong> PVC<\/p>\n<p><strong>Descri\u00e7\u00e3o:<\/strong> O filme auto-adesivo transparente vermelho \u00e9 utilizado para dar \u00e0s formigas uma sensa\u00e7\u00e3o subterr\u00e2nea. Por conseguinte, recomendamos a utiliza\u00e7\u00e3o deste produto pelo menos parcialmente na \u00e1rea do ninho. No entanto, \u00e9 poss\u00edvel observar bem as formigas no ninho. Corte preciso para ANTCUBE \"Fazenda de formigas 20x20cm <strong>S\/M\/L<\/strong> - de p\u00e9\".<\/p>","protected":false},"excerpt":{"rendered":"<p>Dimens\u00f5es: 19x19cm Material: PVC Descri\u00e7\u00e3o: A pel\u00edcula transparente vermelha \u00e9 utilizada para dar \u00e0s formigas uma sensa\u00e7\u00e3o de subsolo. Por isso, recomendamos a utiliza\u00e7\u00e3o deste produto, pelo menos parcialmente, na \u00e1rea do ninho. No entanto, \u00e9 poss\u00edvel observar bem as formigas no ninho. Cortada com precis\u00e3o para o ANTCUBE \"Ant farm 20x20cm S\/M\/L - standing\". Esta folha de filtro<\/p>","protected":false},"featured_media":302,"comment_status":"open","ping_status":"closed","template":"","meta":{"_acf_changed":false,"content-type":"","_monsterinsights_skip_tracking":false,"_monsterinsights_sitenote_active":false,"_monsterinsights_sitenote_note":"","_monsterinsights_sitenote_category":0},"product_brand":[],"product_cat":[119,239],"product_tag":[],"class_list":{"0":"post-2866","1":"product","2":"type-product","3":"status-publish","4":"has-post-thumbnail","6":"product_cat-formicarium-components","7":"product_cat-useful-additions","9":"first","10":"outofstock","11":"taxable","12":"shipping-taxable","13":"purchasable","14":"product-type-simple"},"acf":[],"aioseo_notices":[],"jetpack_sharing_enabled":true,"_links":{"self":[{"href":"https:\/\/antcube.shop\/pt\/wp-json\/wp\/v2\/product\/2866","targetHints":{"allow":["GET"]}}],"collection":[{"href":"https:\/\/antcube.shop\/pt\/wp-json\/wp\/v2\/product"}],"about":[{"href":"https:\/\/antcube.shop\/pt\/wp-json\/wp\/v2\/types\/product"}],"replies":[{"embeddable":true,"href":"https:\/\/antcube.shop\/pt\/wp-json\/wp\/v2\/comments?post=2866"}],"wp:featuredmedia":[{"embeddable":true,"href":"https:\/\/antcube.shop\/pt\/wp-json\/wp\/v2\/media\/302"}],"wp:attachment":[{"href":"https:\/\/antcube.shop\/pt\/wp-json\/wp\/v2\/media?parent=2866"}],"wp:term":[{"taxonomy":"product_brand","embeddable":true,"href":"https:\/\/antcube.shop\/pt\/wp-json\/wp\/v2\/product_brand?post=2866"},{"taxonomy":"product_cat","embeddable":true,"href":"https:\/\/antcube.shop\/pt\/wp-json\/wp\/v2\/product_cat?post=2866"},{"taxonomy":"product_tag","embeddable":true,"href":"https:\/\/antcube.shop\/pt\/wp-json\/wp\/v2\/product_tag?post=2866"}],"curies":[{"name":"wp","href":"https:\/\/api.w.org\/{rel}","templated":true}]}}