{"id":2865,"date":"2021-10-13T18:42:51","date_gmt":"2021-10-13T16:42:51","guid":{"rendered":"https:\/\/antcube.shop\/produkt\/futterspender-2ml-dosierbar\/"},"modified":"2026-04-02T09:54:44","modified_gmt":"2026-04-02T07:54:44","slug":"futterspender-2ml-dosierbar","status":"publish","type":"product","link":"https:\/\/antcube.shop\/pt\/produto\/futterspender-2ml-dosierbar\/","title":{"rendered":"Dosador de alimenta\u00e7\u00e3o 2ml - dos\u00e1vel"},"content":{"rendered":"<p><strong>Dimens\u00f5es:<\/strong> 30x40x50 mm, 2 ml<\/p>\n<p><strong>Conte\u00fado:<\/strong><br \/>\n1x p\u00e9 com 1x 2,5 mm de abertura (1-2 mm podem ser dosados).<br \/>\n1x tubo alimentar de formiga<\/p>\n<p><strong>Material:<\/strong> PMMA, PS<\/p>\n<p><strong>Descri\u00e7\u00e3o:<\/strong> Com este doseador as formigas dentro de um formic\u00e1rio podem alimentar-se a si pr\u00f3prias com a comida oferecida. Ideal tamb\u00e9m para a \u00e9poca de f\u00e9rias. Os tubos de alimento para formigas de 2ml podem ser inseridos na base. Devido \u00e0 profundidade de inser\u00e7\u00e3o, a quantidade de alimento dispon\u00edvel pode ser doseada. O doseador com a sa\u00edda de 2,5mm de largura \u00e9 adequado para todos os nossos alimentos em p\u00f3, bem como para as misturas de cereais menores e m\u00e9dios.<\/p>\n<p><strong>Cores:<\/strong> transparente<\/p>","protected":false},"excerpt":{"rendered":"<p>Dimens\u00f5es: 30x40x50 mm, 2 ml<\/p>","protected":false},"featured_media":306,"comment_status":"open","ping_status":"closed","template":"","meta":{"_acf_changed":false,"content-type":"","_monsterinsights_skip_tracking":false,"_monsterinsights_sitenote_active":false,"_monsterinsights_sitenote_note":"","_monsterinsights_sitenote_category":0},"product_brand":[],"product_cat":[115,118],"product_tag":[],"class_list":{"0":"post-2865","1":"product","2":"type-product","3":"status-publish","4":"has-post-thumbnail","6":"product_cat-food-and-feeding","7":"product_cat-feeding-bowls","9":"first","10":"instock","11":"taxable","12":"shipping-taxable","13":"purchasable","14":"product-type-simple"},"acf":[],"aioseo_notices":[],"jetpack_sharing_enabled":true,"_links":{"self":[{"href":"https:\/\/antcube.shop\/pt\/wp-json\/wp\/v2\/product\/2865","targetHints":{"allow":["GET"]}}],"collection":[{"href":"https:\/\/antcube.shop\/pt\/wp-json\/wp\/v2\/product"}],"about":[{"href":"https:\/\/antcube.shop\/pt\/wp-json\/wp\/v2\/types\/product"}],"replies":[{"embeddable":true,"href":"https:\/\/antcube.shop\/pt\/wp-json\/wp\/v2\/comments?post=2865"}],"wp:featuredmedia":[{"embeddable":true,"href":"https:\/\/antcube.shop\/pt\/wp-json\/wp\/v2\/media\/306"}],"wp:attachment":[{"href":"https:\/\/antcube.shop\/pt\/wp-json\/wp\/v2\/media?parent=2865"}],"wp:term":[{"taxonomy":"product_brand","embeddable":true,"href":"https:\/\/antcube.shop\/pt\/wp-json\/wp\/v2\/product_brand?post=2865"},{"taxonomy":"product_cat","embeddable":true,"href":"https:\/\/antcube.shop\/pt\/wp-json\/wp\/v2\/product_cat?post=2865"},{"taxonomy":"product_tag","embeddable":true,"href":"https:\/\/antcube.shop\/pt\/wp-json\/wp\/v2\/product_tag?post=2865"}],"curies":[{"name":"wp","href":"https:\/\/api.w.org\/{rel}","templated":true}]}}