{"id":2859,"date":"2021-10-13T18:41:44","date_gmt":"2021-10-13T16:41:44","guid":{"rendered":"https:\/\/antcube.shop\/produkt\/tranke-klar-20ml-schwamm\/"},"modified":"2026-04-10T09:16:25","modified_gmt":"2026-04-10T07:16:25","slug":"tranke-klar-20ml-schwamm","status":"publish","type":"product","link":"https:\/\/antcube.shop\/pt\/produto\/tranke-klar-20ml-schwamm\/","title":{"rendered":"Bebedouro transparente 20ml - esponja"},"content":{"rendered":"<p><strong>Dimens\u00f5es:<\/strong> 40x50x68 mm, 20 ml<\/p>\n<p><strong>Conte\u00fado:<\/strong><br \/>\n1x base com aberturas de 4x 3mm e esponja integrada.<br \/>\n1x reservat\u00f3rio de \u00e1gua 62x22mm (20ml)<br \/>\n1x esponja 30mm<\/p>\n<p><strong>Material:<\/strong> PS, PMMA, espuma (extremamente fina e absorvente)<\/p>\n<p><strong>Descri\u00e7\u00e3o:<\/strong> Isto permite que as formigas se abaste\u00e7am de humidade suficiente dentro de um formic\u00e1rio. Ideal tamb\u00e9m para a \u00e9poca de f\u00e9rias. O tanque de \u00e1gua de 20ml pode ser inserido no p\u00e9 (Aten\u00e7\u00e3o: N\u00e3o inserir o tanque at\u00e9 ao fim, mas apenas at\u00e9 ao n\u00edvel da esponja, de modo a n\u00e3o interromper o abastecimento de \u00e1gua). A esponja com um di\u00e2metro maior do que o do tanque anexo permite que a humidade se infiltre na base. As 4 finas aberturas de 18mm na base, colocadas nas quatro direc\u00e7\u00f5es cardinais, permitem alimentar col\u00f3nias com um grande n\u00famero de animais. Ao remover a espuma, os animais asseguram um fornecimento suficiente de l\u00edquido.<\/p>\n<p><strong>Cores:<\/strong> cristalino, cinzento<\/p>\n<p>&nbsp;<\/p>","protected":false},"excerpt":{"rendered":"<p><strong>Dimens\u00f5es:<\/strong> 40x50x68 mm, 20 ml<\/p>","protected":false},"featured_media":3004,"comment_status":"open","ping_status":"closed","template":"","meta":{"_acf_changed":false,"content-type":"","_monsterinsights_skip_tracking":false,"_monsterinsights_sitenote_active":false,"_monsterinsights_sitenote_note":"","_monsterinsights_sitenote_category":0},"product_brand":[],"product_cat":[115,117],"product_tag":[],"class_list":{"0":"post-2859","1":"product","2":"type-product","3":"status-publish","4":"has-post-thumbnail","6":"product_cat-food-and-feeding","7":"product_cat-drinkers-for-ants","9":"first","10":"instock","11":"taxable","12":"shipping-taxable","13":"purchasable","14":"product-type-simple"},"acf":[],"aioseo_notices":[],"jetpack_sharing_enabled":true,"_links":{"self":[{"href":"https:\/\/antcube.shop\/pt\/wp-json\/wp\/v2\/product\/2859","targetHints":{"allow":["GET"]}}],"collection":[{"href":"https:\/\/antcube.shop\/pt\/wp-json\/wp\/v2\/product"}],"about":[{"href":"https:\/\/antcube.shop\/pt\/wp-json\/wp\/v2\/types\/product"}],"replies":[{"embeddable":true,"href":"https:\/\/antcube.shop\/pt\/wp-json\/wp\/v2\/comments?post=2859"}],"wp:featuredmedia":[{"embeddable":true,"href":"https:\/\/antcube.shop\/pt\/wp-json\/wp\/v2\/media\/3004"}],"wp:attachment":[{"href":"https:\/\/antcube.shop\/pt\/wp-json\/wp\/v2\/media?parent=2859"}],"wp:term":[{"taxonomy":"product_brand","embeddable":true,"href":"https:\/\/antcube.shop\/pt\/wp-json\/wp\/v2\/product_brand?post=2859"},{"taxonomy":"product_cat","embeddable":true,"href":"https:\/\/antcube.shop\/pt\/wp-json\/wp\/v2\/product_cat?post=2859"},{"taxonomy":"product_tag","embeddable":true,"href":"https:\/\/antcube.shop\/pt\/wp-json\/wp\/v2\/product_tag?post=2859"}],"curies":[{"name":"wp","href":"https:\/\/api.w.org\/{rel}","templated":true}]}}