{"id":2854,"date":"2021-10-13T18:40:55","date_gmt":"2021-10-13T16:40:55","guid":{"rendered":"https:\/\/antcube.shop\/produkt\/mini-thermo-hygrometer-analog-display-hangend\/"},"modified":"2026-04-05T12:30:18","modified_gmt":"2026-04-05T10:30:18","slug":"mini-termo-higrometro-analogo-display-hangend","status":"publish","type":"product","link":"https:\/\/antcube.shop\/pt\/produto\/mini-termo-higrometro-analogo-display-hangend\/","title":{"rendered":"Mini higr\u00f3metro anal\u00f3gico - display - pendurado"},"content":{"rendered":"<p><strong>Dimens\u00f5es:<\/strong> 75mm x 45mm, 20mm de profundidade<\/p>\n<p><strong>Material:<\/strong> metal \/ acr\u00edlico<\/p>\n<p><strong>Cor:<\/strong> metal, prata \/ transparente<\/p>\n<p><strong>Conte\u00fado:<\/strong> 1x mini term\u00f3metro metal anal\u00f3gico - 25mm, 1x mini higr\u00f3metro metal anal\u00f3gico - 25mm, 1x suporte de vidro acr\u00edlico com recortes para os instrumentos de medi\u00e7\u00e3o - 75x45mm, 1x base de vidro acr\u00edlico - 75x20mm, 2x almofadas adesivas transparentes - 30x20mm<\/p>\n<p><strong>Descri\u00e7\u00e3o:<\/strong><br \/>\nO conjunto \u00e9 composto por term\u00f3metro anal\u00f3gico e higr\u00f3metro de metal (25mm), que s\u00e3o inseridos numa placa de vidro acr\u00edlico (75x45mm). O visor \u00e9 fixado com duas almofadas adesivas transparentes, que podem ser usadas para fixar a base (75x20mm) sobre as tampas ou molduras.<\/p>\n<p><strong>Uma dica:<\/strong><br \/>\nOs instrumentos de medi\u00e7\u00e3o no verso devem permanecer livres, caso contr\u00e1rio podem ocorrer erros de medi\u00e7\u00e3o.<\/p>\n<p><strong>Exactid\u00e3o:<\/strong> +\/- 2\u00b0C , +\/- 4\u00b0F<br \/>\n<strong>Exactid\u00e3o:<\/strong> +\/- 5%<\/p>","protected":false},"excerpt":{"rendered":"<p>Conjunto de term\u00f3metro e higr\u00f3metro de metal (25mm) inserido em placa de vidro acr\u00edlico (75x45mm)<\/p>","protected":false},"featured_media":311,"comment_status":"open","ping_status":"closed","template":"","meta":{"_acf_changed":false,"content-type":"","_monsterinsights_skip_tracking":false,"_monsterinsights_sitenote_active":false,"_monsterinsights_sitenote_note":"","_monsterinsights_sitenote_category":0},"product_brand":[],"product_cat":[119,239],"product_tag":[],"class_list":{"0":"post-2854","1":"product","2":"type-product","3":"status-publish","4":"has-post-thumbnail","6":"product_cat-formicarium-components","7":"product_cat-useful-additions","9":"first","10":"instock","11":"taxable","12":"shipping-taxable","13":"purchasable","14":"product-type-simple"},"acf":[],"aioseo_notices":[],"jetpack_sharing_enabled":true,"_links":{"self":[{"href":"https:\/\/antcube.shop\/pt\/wp-json\/wp\/v2\/product\/2854","targetHints":{"allow":["GET"]}}],"collection":[{"href":"https:\/\/antcube.shop\/pt\/wp-json\/wp\/v2\/product"}],"about":[{"href":"https:\/\/antcube.shop\/pt\/wp-json\/wp\/v2\/types\/product"}],"replies":[{"embeddable":true,"href":"https:\/\/antcube.shop\/pt\/wp-json\/wp\/v2\/comments?post=2854"}],"wp:featuredmedia":[{"embeddable":true,"href":"https:\/\/antcube.shop\/pt\/wp-json\/wp\/v2\/media\/311"}],"wp:attachment":[{"href":"https:\/\/antcube.shop\/pt\/wp-json\/wp\/v2\/media?parent=2854"}],"wp:term":[{"taxonomy":"product_brand","embeddable":true,"href":"https:\/\/antcube.shop\/pt\/wp-json\/wp\/v2\/product_brand?post=2854"},{"taxonomy":"product_cat","embeddable":true,"href":"https:\/\/antcube.shop\/pt\/wp-json\/wp\/v2\/product_cat?post=2854"},{"taxonomy":"product_tag","embeddable":true,"href":"https:\/\/antcube.shop\/pt\/wp-json\/wp\/v2\/product_tag?post=2854"}],"curies":[{"name":"wp","href":"https:\/\/api.w.org\/{rel}","templated":true}]}}