{"id":2853,"date":"2021-10-13T18:40:45","date_gmt":"2021-10-13T16:40:45","guid":{"rendered":"https:\/\/antcube.shop\/produkt\/gittereinsatz-50mm-edelstahl\/"},"modified":"2026-04-07T09:37:50","modified_gmt":"2026-04-07T07:37:50","slug":"gittereinsatz-50mm-edelstahl","status":"publish","type":"product","link":"https:\/\/antcube.shop\/pt\/produto\/gittereinsatz-50mm-edelstahl\/","title":{"rendered":"Inser\u00e7\u00e3o da grelha - 50mm - a\u00e7o inoxid\u00e1vel"},"content":{"rendered":"<p><strong>Quantidade:<\/strong> 1 pe\u00e7a<\/p>\n<p><strong>Dimens\u00f5es:<\/strong> 50 mm (di\u00e2metro interior), 56\u00d74 mm (dimens\u00f5es exteriores)<\/p>\n<p><strong>Cor:<\/strong> transparente<\/p>\n<p><strong>Material:<\/strong> a\u00e7o inoxid\u00e1vel, vidro acr\u00edlico<\/p>\n<p><strong>Descri\u00e7\u00e3o:<\/strong><br \/>\nEsta grelha com grelha de a\u00e7o inoxid\u00e1vel muito fina (0,2 mm) pode ser inserida nos furos 50mm e proporciona uma boa ventila\u00e7\u00e3o do formigueiro sem que as formigas se possam soltar.<br \/>\nEm caso de fixa\u00e7\u00e3o lateral, recomendamos uma fixa\u00e7\u00e3o adicional com adesivos dispon\u00edveis comercialmente para evitar quedas devido a poss\u00edveis choques.<\/p>\n<p><strong>Nota:<\/strong> Tamb\u00e9m adequado para esp\u00e9cies muito fortes, como formigas cortadoras de folhas!<\/p>\n<p>&nbsp;<\/p>","protected":false},"excerpt":{"rendered":"<p>Quantidade: 1 pe\u00e7a Dimens\u00f5es: 50 mm (di\u00e2metro interior), 56x4 mm (dimens\u00f5es exteriores) Cor: transparente Material: a\u00e7o inoxid\u00e1vel, vidro acr\u00edlico Descri\u00e7\u00e3o: Esta grelha com grelha de a\u00e7o inoxid\u00e1vel muito fina (0,2 mm) pode ser inserida nos orif\u00edcios 50mm e proporciona uma boa ventila\u00e7\u00e3o do formigueiro sem que as formigas possam romper-se. Em caso de fixa\u00e7\u00e3o lateral, n\u00f3s","protected":false},"featured_media":338,"comment_status":"open","ping_status":"closed","template":"","meta":{"_acf_changed":false,"content-type":"","_monsterinsights_skip_tracking":false,"_monsterinsights_sitenote_active":false,"_monsterinsights_sitenote_note":"","_monsterinsights_sitenote_category":0},"product_brand":[],"product_cat":[238],"product_tag":[],"class_list":{"0":"post-2853","1":"product","2":"type-product","3":"status-publish","4":"has-post-thumbnail","6":"product_cat-grid-caps-plugs-and-inserts","8":"first","9":"outofstock","10":"taxable","11":"shipping-taxable","12":"purchasable","13":"product-type-simple"},"acf":[],"aioseo_notices":[],"jetpack_sharing_enabled":true,"_links":{"self":[{"href":"https:\/\/antcube.shop\/pt\/wp-json\/wp\/v2\/product\/2853","targetHints":{"allow":["GET"]}}],"collection":[{"href":"https:\/\/antcube.shop\/pt\/wp-json\/wp\/v2\/product"}],"about":[{"href":"https:\/\/antcube.shop\/pt\/wp-json\/wp\/v2\/types\/product"}],"replies":[{"embeddable":true,"href":"https:\/\/antcube.shop\/pt\/wp-json\/wp\/v2\/comments?post=2853"}],"wp:featuredmedia":[{"embeddable":true,"href":"https:\/\/antcube.shop\/pt\/wp-json\/wp\/v2\/media\/338"}],"wp:attachment":[{"href":"https:\/\/antcube.shop\/pt\/wp-json\/wp\/v2\/media?parent=2853"}],"wp:term":[{"taxonomy":"product_brand","embeddable":true,"href":"https:\/\/antcube.shop\/pt\/wp-json\/wp\/v2\/product_brand?post=2853"},{"taxonomy":"product_cat","embeddable":true,"href":"https:\/\/antcube.shop\/pt\/wp-json\/wp\/v2\/product_cat?post=2853"},{"taxonomy":"product_tag","embeddable":true,"href":"https:\/\/antcube.shop\/pt\/wp-json\/wp\/v2\/product_tag?post=2853"}],"curies":[{"name":"wp","href":"https:\/\/api.w.org\/{rel}","templated":true}]}}