{"id":2852,"date":"2021-10-13T18:40:35","date_gmt":"2021-10-13T16:40:35","guid":{"rendered":"https:\/\/antcube.shop\/produkt\/gittereinsatz-27mm-edelstahl\/"},"modified":"2026-04-09T20:29:07","modified_gmt":"2026-04-09T18:29:07","slug":"gittereinsatz-27mm-edelstahl","status":"publish","type":"product","link":"https:\/\/antcube.shop\/pt\/produto\/gittereinsatz-27mm-edelstahl\/","title":{"rendered":"Inser\u00e7\u00e3o da grelha - 27mm - a\u00e7o inoxid\u00e1vel"},"content":{"rendered":"<p><strong>Quantidade:<\/strong> 1 pe\u00e7a<\/p>\n<p><strong>Dimens\u00f5es:<\/strong> 27 mm (di\u00e2metro interior), 33\u00d74 mm (dimens\u00f5es exteriores)<\/p>\n<p><strong>Cor:<\/strong> transparente<\/p>\n<p><strong>Material:<\/strong> a\u00e7o inoxid\u00e1vel, acr\u00edlico<\/p>\n<p><strong>Descri\u00e7\u00e3o:<\/strong><br \/>\nEsta grelha com grade de a\u00e7o inoxid\u00e1vel muito fina (0,2 mm) pode ser inserida nos orif\u00edcios de 27 mm e proporciona uma boa ventila\u00e7\u00e3o do formic\u00e1rio sem que as formigas se possam soltar.<br \/>\nEm caso de fixa\u00e7\u00e3o lateral, recomendamos uma fixa\u00e7\u00e3o adicional com adesivos dispon\u00edveis comercialmente para evitar quedas devido a poss\u00edveis choques.<\/p>\n<p><strong>Nota:<\/strong> Tamb\u00e9m adequado para esp\u00e9cies muito fortes, como formigas cortadoras de folhas!<\/p>","protected":false},"excerpt":{"rendered":"<p>Quantidade: 1 pe\u00e7a Dimens\u00f5es: 27 mm (di\u00e2metro interior), 33x4 mm (dimens\u00f5es exteriores) Cor: transparente Material: a\u00e7o inoxid\u00e1vel, acr\u00edlico Descri\u00e7\u00e3o: Esta grelha com grelha de a\u00e7o inoxid\u00e1vel muito fina (0,2 mm) pode ser inserida nos orif\u00edcios de 27 mm e proporciona uma boa ventila\u00e7\u00e3o do formic\u00e1rio sem que as formigas possam sair. Em caso de fixa\u00e7\u00e3o lateral, recomendamos","protected":false},"featured_media":337,"comment_status":"open","ping_status":"closed","template":"","meta":{"_acf_changed":false,"content-type":"","_monsterinsights_skip_tracking":false,"_monsterinsights_sitenote_active":false,"_monsterinsights_sitenote_note":"","_monsterinsights_sitenote_category":0},"product_brand":[],"product_cat":[238],"product_tag":[],"class_list":{"0":"post-2852","1":"product","2":"type-product","3":"status-publish","4":"has-post-thumbnail","6":"product_cat-grid-caps-plugs-and-inserts","8":"first","9":"instock","10":"taxable","11":"shipping-taxable","12":"purchasable","13":"product-type-simple"},"acf":[],"aioseo_notices":[],"jetpack_sharing_enabled":true,"_links":{"self":[{"href":"https:\/\/antcube.shop\/pt\/wp-json\/wp\/v2\/product\/2852","targetHints":{"allow":["GET"]}}],"collection":[{"href":"https:\/\/antcube.shop\/pt\/wp-json\/wp\/v2\/product"}],"about":[{"href":"https:\/\/antcube.shop\/pt\/wp-json\/wp\/v2\/types\/product"}],"replies":[{"embeddable":true,"href":"https:\/\/antcube.shop\/pt\/wp-json\/wp\/v2\/comments?post=2852"}],"wp:featuredmedia":[{"embeddable":true,"href":"https:\/\/antcube.shop\/pt\/wp-json\/wp\/v2\/media\/337"}],"wp:attachment":[{"href":"https:\/\/antcube.shop\/pt\/wp-json\/wp\/v2\/media?parent=2852"}],"wp:term":[{"taxonomy":"product_brand","embeddable":true,"href":"https:\/\/antcube.shop\/pt\/wp-json\/wp\/v2\/product_brand?post=2852"},{"taxonomy":"product_cat","embeddable":true,"href":"https:\/\/antcube.shop\/pt\/wp-json\/wp\/v2\/product_cat?post=2852"},{"taxonomy":"product_tag","embeddable":true,"href":"https:\/\/antcube.shop\/pt\/wp-json\/wp\/v2\/product_tag?post=2852"}],"curies":[{"name":"wp","href":"https:\/\/api.w.org\/{rel}","templated":true}]}}