{"id":2850,"date":"2021-10-13T18:40:15","date_gmt":"2021-10-13T16:40:15","guid":{"rendered":"https:\/\/antcube.shop\/produkt\/gitterkappe-16mm-edelstahl\/"},"modified":"2026-04-14T19:51:11","modified_gmt":"2026-04-14T17:51:11","slug":"tampa-de-grelha-16mm-aco-inoxidavel-2","status":"publish","type":"product","link":"https:\/\/antcube.shop\/pt\/produto\/tampa-de-grelha-16mm-aco-inoxidavel-2\/","title":{"rendered":"Tampa da grelha - 16mm - A\u00e7o inox"},"content":{"rendered":"<p><strong>Quantidade:<\/strong> 1 pe\u00e7a<\/p>\n<p><strong>Dimens\u00f5es:<\/strong> 16 mm (di\u00e2metro interior), 20\u00d74 mm (dimens\u00f5es exteriores)<\/p>\n<p><strong>Cor:<\/strong> transparente<\/p>\n<p><strong>Material:<\/strong> a\u00e7o inoxid\u00e1vel, acr\u00edlico<\/p>\n<p><strong>Descri\u00e7\u00e3o:<\/strong><br \/>\nEsta tampa de grade com grade de a\u00e7o inoxid\u00e1vel muito fina (0,2 mm) pode ser colocada numa tomada, tubo ou extremidade de mangueira e proporciona uma boa ventila\u00e7\u00e3o de formic\u00e1rio sem que as formigas possam sair. Tanto a grelha de a\u00e7o inoxid\u00e1vel como a estrutura de vidro acr\u00edlico s\u00e3o transparentes.<\/p>\n<p><strong>Nota:<\/strong> Tamb\u00e9m adequado para esp\u00e9cies muito fortes, como formigas cortadoras de folhas!<\/p>\n<p>&nbsp;<\/p>","protected":false},"excerpt":{"rendered":"<p>Quantidade: 1 pe\u00e7a Dimens\u00f5es: 16 mm (di\u00e2metro interior), 20x4 mm (dimens\u00f5es exteriores) Cor: transparente Material: a\u00e7o inoxid\u00e1vel, acr\u00edlico Descri\u00e7\u00e3o: Esta tampa com grelha de a\u00e7o inoxid\u00e1vel muito fina (0,2 mm) pode ser colocada numa tomada, tubo ou extremidade de mangueira e proporciona uma boa ventila\u00e7\u00e3o do formic\u00e1rio sem que as formigas consigam sair. Tanto o","protected":false},"featured_media":336,"comment_status":"open","ping_status":"closed","template":"","meta":{"_acf_changed":false,"content-type":"","_monsterinsights_skip_tracking":false,"_monsterinsights_sitenote_active":false,"_monsterinsights_sitenote_note":"","_monsterinsights_sitenote_category":0},"product_brand":[],"product_cat":[238],"product_tag":[],"class_list":{"0":"post-2850","1":"product","2":"type-product","3":"status-publish","4":"has-post-thumbnail","6":"product_cat-grid-caps-plugs-and-inserts","8":"first","9":"instock","10":"taxable","11":"shipping-taxable","12":"purchasable","13":"product-type-simple"},"acf":[],"aioseo_notices":[],"jetpack_sharing_enabled":true,"_links":{"self":[{"href":"https:\/\/antcube.shop\/pt\/wp-json\/wp\/v2\/product\/2850","targetHints":{"allow":["GET"]}}],"collection":[{"href":"https:\/\/antcube.shop\/pt\/wp-json\/wp\/v2\/product"}],"about":[{"href":"https:\/\/antcube.shop\/pt\/wp-json\/wp\/v2\/types\/product"}],"replies":[{"embeddable":true,"href":"https:\/\/antcube.shop\/pt\/wp-json\/wp\/v2\/comments?post=2850"}],"wp:featuredmedia":[{"embeddable":true,"href":"https:\/\/antcube.shop\/pt\/wp-json\/wp\/v2\/media\/336"}],"wp:attachment":[{"href":"https:\/\/antcube.shop\/pt\/wp-json\/wp\/v2\/media?parent=2850"}],"wp:term":[{"taxonomy":"product_brand","embeddable":true,"href":"https:\/\/antcube.shop\/pt\/wp-json\/wp\/v2\/product_brand?post=2850"},{"taxonomy":"product_cat","embeddable":true,"href":"https:\/\/antcube.shop\/pt\/wp-json\/wp\/v2\/product_cat?post=2850"},{"taxonomy":"product_tag","embeddable":true,"href":"https:\/\/antcube.shop\/pt\/wp-json\/wp\/v2\/product_tag?post=2850"}],"curies":[{"name":"wp","href":"https:\/\/api.w.org\/{rel}","templated":true}]}}