{"id":2841,"date":"2021-10-13T18:37:30","date_gmt":"2021-10-13T16:37:30","guid":{"rendered":"https:\/\/antcube.shop\/produkt\/food-mix-set-standard\/"},"modified":"2026-05-05T09:37:33","modified_gmt":"2026-05-05T07:37:33","slug":"food-mix-set-standard","status":"publish","type":"product","link":"https:\/\/antcube.shop\/pt\/produto\/food-mix-set-standard\/","title":{"rendered":"Conjunto Food Mix Set - Standard"},"content":{"rendered":"<p><strong>Conte\u00fado:<\/strong> 2ml por tubo de alimenta\u00e7\u00e3o<br \/>\n2x alimentos proteicos (PP)<br \/>\n2x prote\u00ednas alimentares FD insectos (PI)<br \/>\n2x alimentos carboidratos (K)<br \/>\n2x alimentos de fruta (F)<br \/>\n2x solu\u00e7\u00e3o de mel de a\u00e7\u00facar (ZH)<br \/>\n1x esponja<\/p>\n<p><span data-text-color=\"alert\"><strong>Aten\u00e7\u00e3o:<\/strong> <\/span>Por favor, misture o p\u00f3 com uma gota de \u00e1gua, uma vez que n\u00e3o \u00e9 aceite pelos animais quando seco!<\/p>\n<p><strong>Descri\u00e7\u00e3o:<\/strong><br \/>\nEste \u00e9 o Food Mix Set para v\u00e1rias esp\u00e9cies de formigas que se alimentam de hidratos de carbono e prote\u00ednas. Cont\u00e9m tudo o que as formigas precisam para uma dieta equilibrada. Uma vez que as ra\u00e7\u00f5es alimentares individuais s\u00e3o enchidas em tubos separados, s\u00e3o f\u00e1ceis de dosear. Recomenda-se humedecer ao m\u00ednimo as prote\u00ednas, os hidratos de carbono e os alimentos de fruta com um pouco de \u00e1gua. Isto tamb\u00e9m evitar\u00e1 que o p\u00f3 escorra quando usado no formic\u00e1rio \"central\" no buraco.<\/p>\n<p><strong>Utiliza\u00e7\u00e3o\/aplica\u00e7\u00e3o:<\/strong><br \/>\nAlimento proteico = para esp\u00e9cies de formigas inset\u00edvoras (Eulipotyphla).<br \/>\n\u00c9 uma ra\u00e7\u00e3o suplementar (ra\u00e7\u00e3o mista)<br \/>\nDeve ser misturado com uma gota de \u00e1gua e depois pode ser mantido apenas 1 dia quando molhado. Limpar bem a tigela\/tubo de alimenta\u00e7\u00e3o antes de reutilizar.<br \/>\nUma embalagem aberta deve ser usada bem fechada (se armazenada a seco) at\u00e9 a data indicada (melhor antes da data).<\/p>\n<p>Alimento Proteico FD = para formiga inset\u00edvora (Eulipotyphla)<br \/>\n\u00c9 um alimento suplementar (ra\u00e7\u00e3o composta).<br \/>\nDeve ser misturado com uma gota de \u00e1gua e depois pode ser mantido apenas 1 dia quando molhado. Limpar bem a tigela\/tubo de alimenta\u00e7\u00e3o antes de reutilizar.<br \/>\nUma embalagem aberta deve ser usada bem fechada (se armazenada a seco) at\u00e9 a data indicada (melhor antes da data).<\/p>\n<p>Alimentos carboidratos = para esp\u00e9cies de formigas comedoras de a\u00e7\u00facar\/honey<br \/>\n\u00c9 um alimento suplementar (ra\u00e7\u00e3o composta)<br \/>\nPode ser misturado com uma gota de \u00e1gua e depois tem um prazo de validade de 3 dias quando est\u00e1 molhado. Limpe cuidadosamente a tigela\/tubo de alimenta\u00e7\u00e3o antes de reutilizar.<br \/>\nUma embalagem aberta deve ser usada bem fechada (se armazenada a seco) at\u00e9 a data indicada (melhor antes da data).<\/p>\n<p>Alimentos de frutas = para esp\u00e9cies de formigas comedoras de frutas (frug\u00edvoros)<br \/>\n\u00c9 uma alimenta\u00e7\u00e3o suplementar (alimenta\u00e7\u00e3o \u00fanica)<br \/>\nPode ser misturado com uma gota de \u00e1gua e tem um prazo de validade de 3 dias quando molhado. Limpe cuidadosamente a tigela\/tubo de alimenta\u00e7\u00e3o antes de reutilizar.<br \/>\nUma embalagem aberta deve ser usada bem fechada (se armazenada a seco) at\u00e9 a data indicada (melhor antes da data).<\/p>\n<p>Solu\u00e7\u00e3o de mel de a\u00e7\u00facar = para esp\u00e9cies de formigas que comem a\u00e7\u00facar\/honey.<br \/>\n\u00c9 um alimento suplementar (ra\u00e7\u00e3o composta)<br \/>\nPode ser oferecido aos animais no estado em que \u00e9 entregue. Uma vez que a humidade reduz a concentra\u00e7\u00e3o de a\u00e7\u00facar e come\u00e7a um processo de fermenta\u00e7\u00e3o, os alimentos devem ser substitu\u00eddos a cada 3 dias. Tigela\/tubo de alimenta\u00e7\u00e3o completamente limpa antes de ser reutilizada.<br \/>\nUm pacote aberto deve ser utilizado bem fechado at\u00e9 \u00e0 data indicada (melhor antes da data).<\/p>\n<p><strong>Aviso:<\/strong><br \/>\nInforma\u00e7\u00f5es sobre como utilizar os tubos de alimenta\u00e7\u00e3o podem ser encontradas aqui: Liga\u00e7\u00e3o<br \/>\nAlimento completo para formigas insect\u00edvoras.<br \/>\nConsulte o folheto informativo sobre a composi\u00e7\u00e3o, ingredientes anal\u00edticos, data de validade e n\u00famero do lote.<\/p>\n<p>Linha direta de informa\u00e7\u00f5es +49 30 439703870<\/p>\n<p>Autoridade veterin\u00e1ria e de supervis\u00e3o alimentar respons\u00e1vel:<br \/>\nEscrit\u00f3rio Veterin\u00e1rio Steglitz<br \/>\nK\u00f6nigin-Luise-Str. 92<br \/>\n14195 Berlim<\/p>","protected":false},"excerpt":{"rendered":"<p>Alimenta\u00e7\u00e3o completa<\/p>","protected":false},"featured_media":309,"comment_status":"open","ping_status":"closed","template":"","meta":{"_acf_changed":false,"content-type":"","_monsterinsights_skip_tracking":false,"_monsterinsights_sitenote_active":false,"_monsterinsights_sitenote_note":"","_monsterinsights_sitenote_category":0},"product_brand":[],"product_cat":[115,116],"product_tag":[],"class_list":{"0":"post-2841","1":"product","2":"type-product","3":"status-publish","4":"has-post-thumbnail","6":"product_cat-food-and-feeding","7":"product_cat-food","9":"first","10":"instock","11":"taxable","12":"shipping-taxable","13":"purchasable","14":"product-type-simple"},"acf":[],"aioseo_notices":[],"jetpack_sharing_enabled":true,"_links":{"self":[{"href":"https:\/\/antcube.shop\/pt\/wp-json\/wp\/v2\/product\/2841","targetHints":{"allow":["GET"]}}],"collection":[{"href":"https:\/\/antcube.shop\/pt\/wp-json\/wp\/v2\/product"}],"about":[{"href":"https:\/\/antcube.shop\/pt\/wp-json\/wp\/v2\/types\/product"}],"replies":[{"embeddable":true,"href":"https:\/\/antcube.shop\/pt\/wp-json\/wp\/v2\/comments?post=2841"}],"wp:featuredmedia":[{"embeddable":true,"href":"https:\/\/antcube.shop\/pt\/wp-json\/wp\/v2\/media\/309"}],"wp:attachment":[{"href":"https:\/\/antcube.shop\/pt\/wp-json\/wp\/v2\/media?parent=2841"}],"wp:term":[{"taxonomy":"product_brand","embeddable":true,"href":"https:\/\/antcube.shop\/pt\/wp-json\/wp\/v2\/product_brand?post=2841"},{"taxonomy":"product_cat","embeddable":true,"href":"https:\/\/antcube.shop\/pt\/wp-json\/wp\/v2\/product_cat?post=2841"},{"taxonomy":"product_tag","embeddable":true,"href":"https:\/\/antcube.shop\/pt\/wp-json\/wp\/v2\/product_tag?post=2841"}],"curies":[{"name":"wp","href":"https:\/\/api.w.org\/{rel}","templated":true}]}}