{"id":2839,"date":"2021-10-13T18:37:12","date_gmt":"2021-10-13T16:37:12","guid":{"rendered":"https:\/\/antcube.shop\/produkt\/bodengrund-regenwald-1-kg\/"},"modified":"2026-04-17T21:44:09","modified_gmt":"2026-04-17T19:44:09","slug":"bodengrund-regenwald-1-kg","status":"publish","type":"product","link":"https:\/\/antcube.shop\/pt\/produto\/bodengrund-regenwald-1-kg\/","title":{"rendered":"Substrato - Floresta Tropical - 1 Kg"},"content":{"rendered":"<p><strong>Conte\u00fado:<\/strong> 1 Kg<\/p>\n<p><strong>Material:<\/strong> areia, turfa, h\u00famus, barro<\/p>\n<p><strong>Cor:<\/strong> castanho, bege<\/p>\n<p><strong>Descri\u00e7\u00e3o:<\/strong> Este solo natural de floresta tropical consiste numa mistura de areia, turfa, h\u00famus e argila.<br \/>\nTem um teor ligeiramente mais baixo de argila do que o solo normal da floresta tropical, mas isto facilita a escava\u00e7\u00e3o das formigas e \u00e9 muito melhor aceite pelas formigas. \u00c9 adequado para todas as esp\u00e9cies de formigas que vivem em solo de floresta tropical ou geralmente em habitats tropicais h\u00famidos.<\/p>\n<p><strong>Aplica\u00e7\u00e3o:<\/strong> O solo de escava\u00e7\u00e3o pode ser utilizado para ninho e \u00e1rea de arena!<\/p>\n<p><strong>Nota:<\/strong> Como este \u00e9 um produto natural puro, pode haver pequenas diferen\u00e7as de cor e estrutura que n\u00e3o podemos influenciar.<\/p>\n<p><strong>Importante:<\/strong> Humede\u00e7a o substrato antes de usar, para que a mistura possa ser combinada e desenvolver uma fixa\u00e7\u00e3o firme na quinta das formigas. Al\u00e9m disso, um substrato demasiado seco e poeirento pode causar o bloqueio das vias respirat\u00f3rias das formigas e, no pior dos casos, asfixiar os animais.<\/p>","protected":false},"excerpt":{"rendered":"<p>Habitat especial natural solo\/ substrato<\/p>","protected":false},"featured_media":5501,"comment_status":"open","ping_status":"closed","template":"","meta":{"_acf_changed":false,"content-type":"","_monsterinsights_skip_tracking":false,"_monsterinsights_sitenote_active":false,"_monsterinsights_sitenote_note":"","_monsterinsights_sitenote_category":0},"product_brand":[],"product_cat":[96],"product_tag":[],"class_list":{"0":"post-2839","1":"product","2":"type-product","3":"status-publish","4":"has-post-thumbnail","6":"product_cat-soil","8":"first","9":"instock","10":"taxable","11":"shipping-taxable","12":"purchasable","13":"product-type-simple"},"acf":[],"aioseo_notices":[],"jetpack_sharing_enabled":true,"_links":{"self":[{"href":"https:\/\/antcube.shop\/pt\/wp-json\/wp\/v2\/product\/2839","targetHints":{"allow":["GET"]}}],"collection":[{"href":"https:\/\/antcube.shop\/pt\/wp-json\/wp\/v2\/product"}],"about":[{"href":"https:\/\/antcube.shop\/pt\/wp-json\/wp\/v2\/types\/product"}],"replies":[{"embeddable":true,"href":"https:\/\/antcube.shop\/pt\/wp-json\/wp\/v2\/comments?post=2839"}],"wp:featuredmedia":[{"embeddable":true,"href":"https:\/\/antcube.shop\/pt\/wp-json\/wp\/v2\/media\/5501"}],"wp:attachment":[{"href":"https:\/\/antcube.shop\/pt\/wp-json\/wp\/v2\/media?parent=2839"}],"wp:term":[{"taxonomy":"product_brand","embeddable":true,"href":"https:\/\/antcube.shop\/pt\/wp-json\/wp\/v2\/product_brand?post=2839"},{"taxonomy":"product_cat","embeddable":true,"href":"https:\/\/antcube.shop\/pt\/wp-json\/wp\/v2\/product_cat?post=2839"},{"taxonomy":"product_tag","embeddable":true,"href":"https:\/\/antcube.shop\/pt\/wp-json\/wp\/v2\/product_tag?post=2839"}],"curies":[{"name":"wp","href":"https:\/\/api.w.org\/{rel}","templated":true}]}}