{"id":2838,"date":"2021-10-13T18:37:02","date_gmt":"2021-10-13T16:37:02","guid":{"rendered":"https:\/\/antcube.shop\/produkt\/bodengrund-wiese-1-kg\/"},"modified":"2026-04-20T16:10:55","modified_gmt":"2026-04-20T14:10:55","slug":"bodengrund-wiese-1-kg","status":"publish","type":"product","link":"https:\/\/antcube.shop\/pt\/produto\/bodengrund-wiese-1-kg\/","title":{"rendered":"Substrato - prado - 1 Kg"},"content":{"rendered":"<p><strong>Conte\u00fado:<\/strong> 1 Kg<\/p>\n<p><strong>Material:<\/strong> areia, turfa, h\u00famus, barro, peneirado<\/p>\n<p><strong>Cor:<\/strong> castanho, bege<\/p>\n<p><strong>Descri\u00e7\u00e3o:<\/strong> Este solo de prado consiste principalmente em areia com um ligeiro teor de argila e componentes fibrosos naturais.<br \/>\n\u00c9 um solo natural para todas as esp\u00e9cies de formigas que vivem nos campos ou prados.<\/p>\n<p><strong>Aplica\u00e7\u00e3o:<\/strong> O solo escav\u00e1vel pode ser utilizado para \u00e1reas de ninho e arena!<\/p>\n<p><strong>Nota:<\/strong> Como este \u00e9 um produto natural puro, pode haver pequenas diferen\u00e7as de cor e estrutura que n\u00e3o podemos influenciar.<\/p>\n<p><strong>Importante:<\/strong> Humede\u00e7a o substrato antes de usar, para que a mistura possa ser combinada e desenvolver uma fixa\u00e7\u00e3o firme na quinta das formigas. Al\u00e9m disso, um substrato demasiado seco e poeirento pode causar o bloqueio das vias respirat\u00f3rias das formigas e, no pior dos casos, asfixiar os animais.<\/p>","protected":false},"excerpt":{"rendered":"<p>Habitat especial natural solo\/ substrato<\/p>","protected":false},"featured_media":5506,"comment_status":"open","ping_status":"closed","template":"","meta":{"_acf_changed":false,"content-type":"","_monsterinsights_skip_tracking":false,"_monsterinsights_sitenote_active":false,"_monsterinsights_sitenote_note":"","_monsterinsights_sitenote_category":0},"product_brand":[],"product_cat":[96],"product_tag":[],"class_list":{"0":"post-2838","1":"product","2":"type-product","3":"status-publish","4":"has-post-thumbnail","6":"product_cat-soil","8":"first","9":"instock","10":"taxable","11":"shipping-taxable","12":"purchasable","13":"product-type-simple"},"acf":[],"aioseo_notices":[],"jetpack_sharing_enabled":true,"_links":{"self":[{"href":"https:\/\/antcube.shop\/pt\/wp-json\/wp\/v2\/product\/2838","targetHints":{"allow":["GET"]}}],"collection":[{"href":"https:\/\/antcube.shop\/pt\/wp-json\/wp\/v2\/product"}],"about":[{"href":"https:\/\/antcube.shop\/pt\/wp-json\/wp\/v2\/types\/product"}],"replies":[{"embeddable":true,"href":"https:\/\/antcube.shop\/pt\/wp-json\/wp\/v2\/comments?post=2838"}],"wp:featuredmedia":[{"embeddable":true,"href":"https:\/\/antcube.shop\/pt\/wp-json\/wp\/v2\/media\/5506"}],"wp:attachment":[{"href":"https:\/\/antcube.shop\/pt\/wp-json\/wp\/v2\/media?parent=2838"}],"wp:term":[{"taxonomy":"product_brand","embeddable":true,"href":"https:\/\/antcube.shop\/pt\/wp-json\/wp\/v2\/product_brand?post=2838"},{"taxonomy":"product_cat","embeddable":true,"href":"https:\/\/antcube.shop\/pt\/wp-json\/wp\/v2\/product_cat?post=2838"},{"taxonomy":"product_tag","embeddable":true,"href":"https:\/\/antcube.shop\/pt\/wp-json\/wp\/v2\/product_tag?post=2838"}],"curies":[{"name":"wp","href":"https:\/\/api.w.org\/{rel}","templated":true}]}}