{"id":2837,"date":"2021-10-13T18:36:53","date_gmt":"2021-10-13T16:36:53","guid":{"rendered":"https:\/\/antcube.shop\/produkt\/bodengrund-wald-1-kg\/"},"modified":"2026-04-12T11:31:11","modified_gmt":"2026-04-12T09:31:11","slug":"bodengrund-wald-1-kg","status":"publish","type":"product","link":"https:\/\/antcube.shop\/pt\/produto\/bodengrund-wald-1-kg\/","title":{"rendered":"Substrato - Floresta - 1 kg"},"content":{"rendered":"<p><strong>Conte\u00fado:<\/strong> 1 Kg<\/p>\n<p><strong>Material:<\/strong> areia, turfa, h\u00famus, barro, peneirado.<\/p>\n<p><strong>Cor:<\/strong> cinza escuro, bege<\/p>\n<p><strong>Descri\u00e7\u00e3o:<\/strong> Este solo florestal original \u00e9 constitu\u00eddo por componentes fibrosos naturais.<br \/>\n\u00c9 um substrato natural para todas as esp\u00e9cies de formigas que vivem em solo florestal.<\/p>\n<p><strong>Aplica\u00e7\u00e3o:<\/strong> O solo de escava\u00e7\u00e3o pode ser usado para ninho e \u00e1rea de arena! Tem uma for\u00e7a menor em compara\u00e7\u00e3o com o solo bege, especialmente em condi\u00e7\u00f5es secas.<\/p>\n<p><strong>Nota:<\/strong> Como este \u00e9 um produto natural puro, pode haver pequenas diferen\u00e7as de cor e estrutura que n\u00e3o podemos influenciar.<\/p>\n<p><strong>Importante:<\/strong> Humede\u00e7a o substrato antes de usar, para que a mistura possa ser combinada e desenvolver uma fixa\u00e7\u00e3o firme na quinta das formigas. Al\u00e9m disso, um substrato demasiado seco e poeirento pode causar o bloqueio das vias respirat\u00f3rias das formigas e, no pior dos casos, asfixiar os animais.<\/p>","protected":false},"excerpt":{"rendered":"<p>Habitat especial natural solo\/ substrato<\/p>","protected":false},"featured_media":5503,"comment_status":"open","ping_status":"closed","template":"","meta":{"_acf_changed":false,"content-type":"","_monsterinsights_skip_tracking":false,"_monsterinsights_sitenote_active":false,"_monsterinsights_sitenote_note":"","_monsterinsights_sitenote_category":0},"product_brand":[],"product_cat":[96],"product_tag":[],"class_list":{"0":"post-2837","1":"product","2":"type-product","3":"status-publish","4":"has-post-thumbnail","6":"product_cat-soil","8":"first","9":"instock","10":"taxable","11":"shipping-taxable","12":"purchasable","13":"product-type-simple"},"acf":[],"aioseo_notices":[],"jetpack_sharing_enabled":true,"_links":{"self":[{"href":"https:\/\/antcube.shop\/pt\/wp-json\/wp\/v2\/product\/2837","targetHints":{"allow":["GET"]}}],"collection":[{"href":"https:\/\/antcube.shop\/pt\/wp-json\/wp\/v2\/product"}],"about":[{"href":"https:\/\/antcube.shop\/pt\/wp-json\/wp\/v2\/types\/product"}],"replies":[{"embeddable":true,"href":"https:\/\/antcube.shop\/pt\/wp-json\/wp\/v2\/comments?post=2837"}],"wp:featuredmedia":[{"embeddable":true,"href":"https:\/\/antcube.shop\/pt\/wp-json\/wp\/v2\/media\/5503"}],"wp:attachment":[{"href":"https:\/\/antcube.shop\/pt\/wp-json\/wp\/v2\/media?parent=2837"}],"wp:term":[{"taxonomy":"product_brand","embeddable":true,"href":"https:\/\/antcube.shop\/pt\/wp-json\/wp\/v2\/product_brand?post=2837"},{"taxonomy":"product_cat","embeddable":true,"href":"https:\/\/antcube.shop\/pt\/wp-json\/wp\/v2\/product_cat?post=2837"},{"taxonomy":"product_tag","embeddable":true,"href":"https:\/\/antcube.shop\/pt\/wp-json\/wp\/v2\/product_tag?post=2837"}],"curies":[{"name":"wp","href":"https:\/\/api.w.org\/{rel}","templated":true}]}}