{"id":2829,"date":"2021-10-13T18:35:37","date_gmt":"2021-10-13T16:35:37","guid":{"rendered":"https:\/\/antcube.shop\/produkt\/formicarienstopfen-fur-50mm-bohrung\/"},"modified":"2026-04-10T10:27:04","modified_gmt":"2026-04-10T08:27:04","slug":"ficha-formicario-para-orificio-de-50-mm","status":"publish","type":"product","link":"https:\/\/antcube.shop\/pt\/produto\/ficha-formicario-para-orificio-de-50-mm\/","title":{"rendered":"Ficha Formicarium para furo de 50mm"},"content":{"rendered":"<p><strong>Quantidade:<\/strong> 1 pe\u00e7a<\/p>\n<p><strong>Dimens\u00f5es:<\/strong> 59 x 10 mm<\/p>\n<p><strong>Material:<\/strong> pl\u00e1stico PE<\/p>\n<p><strong>Cor:<\/strong> transparente, leitoso<\/p>\n<p><strong>Descri\u00e7\u00e3o:<\/strong> Para fechamento de aberturas redondas em formic\u00e1rios com 27mm de di\u00e2metro.<\/p>\n<p><strong>Opcional com furo:<\/strong><br \/>\n- O orif\u00edcio de 20 mm adapta-se aos conectores do tubo do dep\u00f3sito de 27 mm - 14, 16, 20 mm - transparente.<br \/>\n- O orif\u00edcio de 27 mm adapta-se a acess\u00f3rios de 3\/4 polegadas e M25<\/p>","protected":false},"excerpt":{"rendered":"<p>Quantidade: 1 pe\u00e7a Dimens\u00f5es: 59 x 10mm Material: Pl\u00e1stico PE Cor: transparente, leitoso Descri\u00e7\u00e3o: Para fechar aberturas redondas em formic\u00e1rios com 50mm de di\u00e2metro. Opcional com furo: - Furo de 20mm adequado para conectores de tubo de tanque de 27mm - 14, 16, 20mm - transparente. - O orif\u00edcio de 27 mm \u00e9 adequado para os acess\u00f3rios de 3\/4 de polegada e M25<\/p>","protected":false},"featured_media":343,"comment_status":"open","ping_status":"closed","template":"","meta":{"_acf_changed":false,"content-type":"","_monsterinsights_skip_tracking":false,"_monsterinsights_sitenote_active":false,"_monsterinsights_sitenote_note":"","_monsterinsights_sitenote_category":0},"product_brand":[],"product_cat":[238],"product_tag":[],"class_list":{"0":"post-2829","1":"product","2":"type-product","3":"status-publish","4":"has-post-thumbnail","6":"product_cat-grid-caps-plugs-and-inserts","8":"first","9":"instock","10":"taxable","11":"shipping-taxable","12":"purchasable","13":"product-type-simple"},"acf":[],"aioseo_notices":[],"jetpack_sharing_enabled":true,"_links":{"self":[{"href":"https:\/\/antcube.shop\/pt\/wp-json\/wp\/v2\/product\/2829","targetHints":{"allow":["GET"]}}],"collection":[{"href":"https:\/\/antcube.shop\/pt\/wp-json\/wp\/v2\/product"}],"about":[{"href":"https:\/\/antcube.shop\/pt\/wp-json\/wp\/v2\/types\/product"}],"replies":[{"embeddable":true,"href":"https:\/\/antcube.shop\/pt\/wp-json\/wp\/v2\/comments?post=2829"}],"wp:featuredmedia":[{"embeddable":true,"href":"https:\/\/antcube.shop\/pt\/wp-json\/wp\/v2\/media\/343"}],"wp:attachment":[{"href":"https:\/\/antcube.shop\/pt\/wp-json\/wp\/v2\/media?parent=2829"}],"wp:term":[{"taxonomy":"product_brand","embeddable":true,"href":"https:\/\/antcube.shop\/pt\/wp-json\/wp\/v2\/product_brand?post=2829"},{"taxonomy":"product_cat","embeddable":true,"href":"https:\/\/antcube.shop\/pt\/wp-json\/wp\/v2\/product_cat?post=2829"},{"taxonomy":"product_tag","embeddable":true,"href":"https:\/\/antcube.shop\/pt\/wp-json\/wp\/v2\/product_tag?post=2829"}],"curies":[{"name":"wp","href":"https:\/\/api.w.org\/{rel}","templated":true}]}}