{"id":2826,"date":"2021-10-13T18:34:38","date_gmt":"2021-10-13T16:34:38","guid":{"rendered":"https:\/\/antcube.shop\/produkt\/schaumstoffwischer-150x18x25mm-5er-pack\/"},"modified":"2026-04-30T12:39:50","modified_gmt":"2026-04-30T10:39:50","slug":"schaumstoffwischer-150x18x25mm-5er-pack","status":"publish","type":"product","link":"https:\/\/antcube.shop\/pt\/produto\/schaumstoffwischer-150x18x25mm-5er-pack\/","title":{"rendered":"Limpador de espuma 150x18x2,5mm - embalagem de 5"},"content":{"rendered":"<p><strong>Dimens\u00f5es:<\/strong> 150mm de comprimento, cabe\u00e7a de espuma 40x40x20mm.<\/p>\n<p><strong>Quantidade:<\/strong> 5 pcs.<\/p>\n<p><strong>Material:<\/strong> espuma, PS<\/p>\n<p><strong>Descri\u00e7\u00e3o:<\/strong><br \/>\nLimpador de espuma com cabe\u00e7a quadrada para v\u00e1rias aplica\u00e7\u00f5es.<br \/>\nExemplos:<br \/>\n1.) para limpar janelas.<\/p>\n<p>2.) Como uma esponja de mel<\/p>\n<p>3.) Como bebedouro, uma vez que suga \u00e1gua<\/p>\n<p>4.) para aplicar o \u00f3leo de protec\u00e7\u00e3o contra a fuga<\/p>\n<p>&nbsp;<\/p>","protected":false},"excerpt":{"rendered":"<p>Dimens\u00f5es: 150mm de comprimento, cabe\u00e7a de espuma 40x40x20mm. Quantidade: 5 pcs. Material: espuma, PS Descri\u00e7\u00e3o: Limpador de espuma com cabe\u00e7a quadrada para v\u00e1rias aplica\u00e7\u00f5es. Exemplos: 1.) para limpar vidros. 2.) Como esponja de mel 3.) Como bebedouro, uma vez que suga a \u00e1gua 4.) Para aplicar o \u00f3leo de protec\u00e7\u00e3o contra as erup\u00e7\u00f5es cut\u00e2neas &nbsp;<\/p>","protected":false},"featured_media":307,"comment_status":"open","ping_status":"closed","template":"","meta":{"_acf_changed":false,"content-type":"","_monsterinsights_skip_tracking":false,"_monsterinsights_sitenote_active":false,"_monsterinsights_sitenote_note":"","_monsterinsights_sitenote_category":0},"product_brand":[],"product_cat":[237],"product_tag":[],"class_list":{"0":"post-2826","1":"product","2":"type-product","3":"status-publish","4":"has-post-thumbnail","6":"product_cat-tools","8":"first","9":"instock","10":"taxable","11":"shipping-taxable","12":"purchasable","13":"product-type-simple"},"acf":[],"aioseo_notices":[],"jetpack_sharing_enabled":true,"_links":{"self":[{"href":"https:\/\/antcube.shop\/pt\/wp-json\/wp\/v2\/product\/2826","targetHints":{"allow":["GET"]}}],"collection":[{"href":"https:\/\/antcube.shop\/pt\/wp-json\/wp\/v2\/product"}],"about":[{"href":"https:\/\/antcube.shop\/pt\/wp-json\/wp\/v2\/types\/product"}],"replies":[{"embeddable":true,"href":"https:\/\/antcube.shop\/pt\/wp-json\/wp\/v2\/comments?post=2826"}],"wp:featuredmedia":[{"embeddable":true,"href":"https:\/\/antcube.shop\/pt\/wp-json\/wp\/v2\/media\/307"}],"wp:attachment":[{"href":"https:\/\/antcube.shop\/pt\/wp-json\/wp\/v2\/media?parent=2826"}],"wp:term":[{"taxonomy":"product_brand","embeddable":true,"href":"https:\/\/antcube.shop\/pt\/wp-json\/wp\/v2\/product_brand?post=2826"},{"taxonomy":"product_cat","embeddable":true,"href":"https:\/\/antcube.shop\/pt\/wp-json\/wp\/v2\/product_cat?post=2826"},{"taxonomy":"product_tag","embeddable":true,"href":"https:\/\/antcube.shop\/pt\/wp-json\/wp\/v2\/product_tag?post=2826"}],"curies":[{"name":"wp","href":"https:\/\/api.w.org\/{rel}","templated":true}]}}