{"id":2825,"date":"2021-10-13T18:33:32","date_gmt":"2021-10-13T16:33:32","guid":{"rendered":"https:\/\/antcube.shop\/produkt\/ytongnest-20x20\/"},"modified":"2026-04-14T11:48:54","modified_gmt":"2026-04-14T09:48:54","slug":"ytongnest-20x20","status":"publish","type":"product","link":"https:\/\/antcube.shop\/pt\/produto\/ytongnest-20x20\/","title":{"rendered":"Ytongnest - 20\u00d720"},"content":{"rendered":"<p><strong>Material:<\/strong> bet\u00e3o celular, vidro, pl\u00e1stico PMMA e PVC<\/p>\n<p><strong>Conex\u00e3o:<\/strong> 2x buracos de 14mm<\/p>\n<p><strong>Conte\u00fado:<\/strong><br \/>\n1x bloco de bet\u00e3o celular de 20x20x5 cm com c\u00e2maras de 20mm de profundidade.<br \/>\n1x placa de vidro 20\u00d720 cm com uma abertura de 50mm<br \/>\n1x anel de 50mm com 27mm de abertura<br \/>\n2x ficha Formicarium 13mm<br \/>\n1x ficha Formicarium 27mm<\/p>\n<p><strong>Descri\u00e7\u00e3o:<\/strong><br \/>\nYtong \u00e9 uma marca, o pr\u00f3prio material \u00e9 chamado de concreto aerado.<br \/>\nDevido \u00e0 propriedade de reten\u00e7\u00e3o de \u00e1gua, o material \u00e9 bem adequado para a conserva\u00e7\u00e3o de formigas.<br \/>\n\u00c9 poss\u00edvel manter nele um grande n\u00famero de esp\u00e9cies escavadoras, tanto de habitats secos como h\u00famidos.<br \/>\nDependendo da esp\u00e9cie de formiga, \u00e9 recomendado cobrir o fundo das c\u00e2maras com substrato de solo. Algumas esp\u00e9cies sentem-se mais confort\u00e1veis desta forma e, por exemplo, as esp\u00e9cies de formigas Ponerinae precisam de terra para que as suas larvas possam passar a pupas adequadamente.<br \/>\nRecomendamos que se anexe uma arena ao ninho para o utilizar como um formic\u00e1rio completo.<\/p>\n<p><strong>Dica:<\/strong><br \/>\nPara evitar que a \u00e1gua vaze para fora do Ytong depois de umedecer a \u00e1rea do ninho e coletar na superf\u00edcie dos m\u00f3veis abaixo, ou o material \u00e1spero riscando as superf\u00edcies, recomendamos encomendar um dos nossos tubos de vidro correspondentes para ir com os nossos ninhos Ytong. Estes s\u00e3o \u00e0 prova de \u00e1gua e, portanto, protegem eficazmente as superf\u00edcies subjacentes dos danos causados pela \u00e1gua e pelos arranh\u00f5es.<\/p>\n<p><strong>Uso:<\/strong><br \/>\n<strong>Para esp\u00e9cies de formigas de tamanho M - L.<\/strong><br \/>\nO bet\u00e3o celular \u00e9 um material muito fr\u00e1gil e quebradi\u00e7o. Por conseguinte, devido ao processo de fabrico, \u00e9 imposs\u00edvel evitar que cantos e arestas apresentem ligeiras quebras e desn\u00edveis.<br \/>\nPor este motivo, os ninhos de Ytong n\u00e3o s\u00e3o adequados para esp\u00e9cies de formigas muito pequenas, de tamanho S, uma vez que estas esp\u00e9cies poderiam facilmente fugir aqui.<\/p>","protected":false},"excerpt":{"rendered":"<p>Liga\u00e7\u00e3o: 2x 14mm de abertura<br \/>\nTamanho: <strong><span style=\"color: #339966;\">M<\/span><\/strong><strong> &#8211; <span style=\"color: #0000ff;\">L<\/span><\/strong><\/p>","protected":false},"featured_media":3010,"comment_status":"open","ping_status":"closed","template":"","meta":{"_acf_changed":false,"content-type":"","_monsterinsights_skip_tracking":false,"_monsterinsights_sitenote_active":false,"_monsterinsights_sitenote_note":"","_monsterinsights_sitenote_category":0},"product_brand":[],"product_cat":[80,86],"product_tag":[],"class_list":{"0":"post-2825","1":"product","2":"type-product","3":"status-publish","4":"has-post-thumbnail","6":"product_cat-antfarms","7":"product_cat-formicariums","9":"first","10":"instock","11":"taxable","12":"shipping-taxable","13":"purchasable","14":"product-type-simple"},"acf":[],"aioseo_notices":[],"jetpack_sharing_enabled":true,"_links":{"self":[{"href":"https:\/\/antcube.shop\/pt\/wp-json\/wp\/v2\/product\/2825","targetHints":{"allow":["GET"]}}],"collection":[{"href":"https:\/\/antcube.shop\/pt\/wp-json\/wp\/v2\/product"}],"about":[{"href":"https:\/\/antcube.shop\/pt\/wp-json\/wp\/v2\/types\/product"}],"replies":[{"embeddable":true,"href":"https:\/\/antcube.shop\/pt\/wp-json\/wp\/v2\/comments?post=2825"}],"wp:featuredmedia":[{"embeddable":true,"href":"https:\/\/antcube.shop\/pt\/wp-json\/wp\/v2\/media\/3010"}],"wp:attachment":[{"href":"https:\/\/antcube.shop\/pt\/wp-json\/wp\/v2\/media?parent=2825"}],"wp:term":[{"taxonomy":"product_brand","embeddable":true,"href":"https:\/\/antcube.shop\/pt\/wp-json\/wp\/v2\/product_brand?post=2825"},{"taxonomy":"product_cat","embeddable":true,"href":"https:\/\/antcube.shop\/pt\/wp-json\/wp\/v2\/product_cat?post=2825"},{"taxonomy":"product_tag","embeddable":true,"href":"https:\/\/antcube.shop\/pt\/wp-json\/wp\/v2\/product_tag?post=2825"}],"curies":[{"name":"wp","href":"https:\/\/api.w.org\/{rel}","templated":true}]}}