{"id":2824,"date":"2021-10-13T18:33:13","date_gmt":"2021-10-13T16:33:13","guid":{"rendered":"https:\/\/antcube.shop\/produkt\/food-mix-set-fur-kornersammler\/"},"modified":"2026-04-24T10:01:25","modified_gmt":"2026-04-24T08:01:25","slug":"food-mix-set-fur-kornersammler","status":"publish","type":"product","link":"https:\/\/antcube.shop\/pt\/produto\/food-mix-set-fur-kornersammler\/","title":{"rendered":"Food Mix Set - para formigas coletoras de gr\u00e3os"},"content":{"rendered":"<p><strong>Conte\u00fado:<\/strong> 2ml por tubo de alimenta\u00e7\u00e3o<br \/>\n2x alimenta\u00e7\u00e3o de gr\u00e3os Menor (Mi)<br \/>\n1x alimentos de cereais Media (Eu)<br \/>\n1x alimentos de gr\u00e3os Major (Ma)<br \/>\n1x p\u00f3len de flores (B)<br \/>\n1x alimenta\u00e7\u00e3o de carboidratos (K)<br \/>\n2x Alimenta\u00e7\u00e3o Proteica (PP)<br \/>\n1x ra\u00e7\u00e3o prot\u00e9ica FD insectos Pi)<br \/>\n1x ra\u00e7\u00e3o de fruta (F)<\/p>\n<p><span data-text-color=\"alert\"><strong>Aten\u00e7\u00e3o:<\/strong> <\/span>Por favor, misture o p\u00f3 com uma gota de \u00e1gua, uma vez que n\u00e3o \u00e9 aceite pelos animais quando seco!<\/p>\n<p><strong>Descri\u00e7\u00e3o:<\/strong> Este \u00e9 um conjunto de alimentos para esp\u00e9cies coletoras de gr\u00e3os como o g\u00eanero Messor e cont\u00e9m prote\u00ednas, carboidratos e gr\u00e3os\/sementes para todas as caixas oper\u00e1rias. Uma vez que as ra\u00e7\u00f5es alimentares individuais est\u00e3o em tubos separados, s\u00e3o f\u00e1ceis de dosear.<\/p>\n<p><strong>Utiliza\u00e7\u00e3o \/ Aplica\u00e7\u00e3o:<\/strong><br \/>\nAlimento proteico = para esp\u00e9cies de formigas inset\u00edvoras (Eulipotyphla).<br \/>\n\u00c9 uma ra\u00e7\u00e3o suplementar (ra\u00e7\u00e3o mista)<br \/>\nDeve ser misturado com uma gota de \u00e1gua e depois em estado h\u00famido pode ser mantido apenas 1 dia. Limpe bem a tigela\/tubo de alimenta\u00e7\u00e3o antes de reutilizar.<br \/>\nUma embalagem aberta deve ser usada bem fechada (se armazenada a seco) at\u00e9 a data indicada (melhor antes da data).<\/p>\n<p>Alimento Proteico FD = para formiga inset\u00edvora (Eulipotyphla)<br \/>\n\u00c9 um alimento suplementar (ra\u00e7\u00e3o composta).<br \/>\nDeve ser misturado com uma gota de \u00e1gua e depois pode ser mantido apenas 1 dia quando molhado. Limpar bem a tigela\/tubo de alimenta\u00e7\u00e3o antes de reutilizar.<br \/>\nUma embalagem aberta deve ser usada bem fechada (se armazenada a seco) at\u00e9 a data indicada (melhor antes da data).<\/p>\n<p>Alimentos carboidratos = para esp\u00e9cies de formigas comedoras de a\u00e7\u00facar\/honey<br \/>\n\u00c9 um alimento suplementar (ra\u00e7\u00e3o composta)<br \/>\nPode ser misturado com uma gota de \u00e1gua e depois tem um prazo de validade de 3 dias quando est\u00e1 molhado. Limpe cuidadosamente a tigela\/tubo de alimenta\u00e7\u00e3o antes de reutilizar.<br \/>\nUma embalagem aberta deve ser usada bem fechada (se armazenada a seco) at\u00e9 a data indicada (melhor antes da data).<\/p>\n<p>Alimentos de frutas = para esp\u00e9cies de formigas comedoras de frutas (frug\u00edvoros)<br \/>\n\u00c9 uma alimenta\u00e7\u00e3o suplementar (alimenta\u00e7\u00e3o \u00fanica)<br \/>\nPode ser misturado com uma gota de \u00e1gua e tem um prazo de validade de 3 dias quando molhado. Limpe cuidadosamente a tigela\/tubo de alimenta\u00e7\u00e3o antes de reutilizar.<br \/>\nUma embalagem aberta deve ser usada bem fechada (se armazenada a seco) at\u00e9 a data indicada (melhor antes da data).<\/p>\n<p>P\u00f3len de flores = para esp\u00e9cies de formigas que comem p\u00f3len de flores.<br \/>\n\u00c9 uma alimenta\u00e7\u00e3o suplementar (alimenta\u00e7\u00e3o \u00fanica)<br \/>\nPode ser oferecido aos animais no estado em que foi entregue. Como a humidade suaviza a consist\u00eancia, o alimento deve ser substitu\u00eddo a cada 5 dias. Limpe cuidadosamente a tigela\/tubo de alimenta\u00e7\u00e3o antes de reutilizar o alimento.<br \/>\nUma embalagem aberta deve ser usada bem fechada (se armazenada a seco) at\u00e9 a data indicada (melhor antes da data).<\/p>\n<p>Alimento em gr\u00e3os Menor<br \/>\nMeios de alimenta\u00e7\u00e3o do gr\u00e3o<br \/>\nAlimento em gr\u00e3os Major = para esp\u00e9cies de formigas comedoras de gr\u00e3os = (gran\u00edvoros)<br \/>\n\u00c9 uma ra\u00e7\u00e3o suplementar (ra\u00e7\u00e3o mista)<br \/>\nPode ser oferecido aos animais no estado em que foi entregue. A tigela\/tubo de alimenta\u00e7\u00e3o deve ser colocada num local seco. Em condi\u00e7\u00f5es h\u00famidas, os gr\u00e3os (sementes) podem come\u00e7ar a germinar. Se isto for notado, a ra\u00e7\u00e3o deve ser substitu\u00edda.<br \/>\nUma embalagem aberta deve ser usada bem fechada (se armazenada a seco) at\u00e9 a data indicada (melhor antes da data).<\/p>\n<p><strong>Aviso:<\/strong><br \/>\nInforma\u00e7\u00f5es sobre como usar os tubos de alimenta\u00e7\u00e3o podem ser encontradas aqui: Link<br \/>\nAlimento completo para formigas gran\u00edvoras.<br \/>\nConsulte o folheto informativo sobre a composi\u00e7\u00e3o, ingredientes anal\u00edticos, data de validade e n\u00famero do lote.<\/p>\n<p>Linha direta de informa\u00e7\u00f5es +49 30 439703870<\/p>\n<p>Autoridade veterin\u00e1ria e de supervis\u00e3o alimentar respons\u00e1vel:<br \/>\nEscrit\u00f3rio Veterin\u00e1rio Steglitz<br \/>\nK\u00f6nigin-Luise-Str. 92<br \/>\n14195 Berlim<\/p>\n<p>&nbsp;<\/p>","protected":false},"excerpt":{"rendered":"<p>Alimenta\u00e7\u00e3o completa<\/p>","protected":false},"featured_media":308,"comment_status":"open","ping_status":"closed","template":"","meta":{"_acf_changed":false,"content-type":"","_monsterinsights_skip_tracking":false,"_monsterinsights_sitenote_active":false,"_monsterinsights_sitenote_note":"","_monsterinsights_sitenote_category":0},"product_brand":[],"product_cat":[115,116],"product_tag":[],"class_list":{"0":"post-2824","1":"product","2":"type-product","3":"status-publish","4":"has-post-thumbnail","6":"product_cat-food-and-feeding","7":"product_cat-food","9":"first","10":"instock","11":"taxable","12":"shipping-taxable","13":"purchasable","14":"product-type-simple"},"acf":[],"aioseo_notices":[],"jetpack_sharing_enabled":true,"_links":{"self":[{"href":"https:\/\/antcube.shop\/pt\/wp-json\/wp\/v2\/product\/2824","targetHints":{"allow":["GET"]}}],"collection":[{"href":"https:\/\/antcube.shop\/pt\/wp-json\/wp\/v2\/product"}],"about":[{"href":"https:\/\/antcube.shop\/pt\/wp-json\/wp\/v2\/types\/product"}],"replies":[{"embeddable":true,"href":"https:\/\/antcube.shop\/pt\/wp-json\/wp\/v2\/comments?post=2824"}],"wp:featuredmedia":[{"embeddable":true,"href":"https:\/\/antcube.shop\/pt\/wp-json\/wp\/v2\/media\/308"}],"wp:attachment":[{"href":"https:\/\/antcube.shop\/pt\/wp-json\/wp\/v2\/media?parent=2824"}],"wp:term":[{"taxonomy":"product_brand","embeddable":true,"href":"https:\/\/antcube.shop\/pt\/wp-json\/wp\/v2\/product_brand?post=2824"},{"taxonomy":"product_cat","embeddable":true,"href":"https:\/\/antcube.shop\/pt\/wp-json\/wp\/v2\/product_cat?post=2824"},{"taxonomy":"product_tag","embeddable":true,"href":"https:\/\/antcube.shop\/pt\/wp-json\/wp\/v2\/product_tag?post=2824"}],"curies":[{"name":"wp","href":"https:\/\/api.w.org\/{rel}","templated":true}]}}