{"id":2823,"date":"2021-10-13T18:33:03","date_gmt":"2021-10-13T16:33:03","guid":{"rendered":"https:\/\/antcube.shop\/produkt\/becken-schlauchverbinder-27mm-14-16-20-mm-transparent\/"},"modified":"2026-04-07T13:50:39","modified_gmt":"2026-04-07T11:50:39","slug":"becken-schlauchverbinder-27mm-14-16-16-20-mm-transparente","status":"publish","type":"product","link":"https:\/\/antcube.shop\/pt\/produto\/becken-schlauchverbinder-27mm-14-16-16-20-mm-transparente\/","title":{"rendered":"Conector da mangueira da bacia 27mm - 14, 16, 20 mm - transparente"},"content":{"rendered":"<p><strong>Dimens\u00f5es:\u00a0<\/strong><br \/>\nDi\u00e2metro interno = 14mm<br \/>\nDi\u00e2metro exterior = 16mm (primeira fase), 20mm (segunda fase)<br \/>\nComprimento = 36mm<\/p>\n<p><strong>Conte\u00fado:<\/strong><br \/>\n1x conector para mangueira de lavat\u00f3rio<br \/>\n1x anel de aperto<\/p>\n<p><strong>Conex\u00e3o:<\/strong><br \/>\nBacia : Cabe em furos de 27mm (3\/4\u2033) com uma espessura de parede de 4mm!<br \/>\nMangueiras: 14\/10 - a mangueira \u00e9 inserida firmemente na tomada 14mm<br \/>\nA tubagem 20\/16 est\u00e1 bem ajustada no primeiro degrau de 16mm<br \/>\nA mangueira 22\/18 \u00e9 fixada no segundo passo de 20mm<br \/>\nA mangueira 24\/20 \u00e9 colocada livremente na segunda etapa de 20 mm<\/p>\n<p><strong>Descri\u00e7\u00e3o:<\/strong><br \/>\nEste conector de lavat\u00f3rio, ser\u00e1 ligado atrav\u00e9s do orif\u00edcio de 27mm com uma espessura de parede de vidro de 4mm. Um anel de aperto fixa o conector ao lavat\u00f3rio de vidro. Tubo com 14mm de di\u00e2metro externo ou 16mm ou 20mm de di\u00e2metro interno pode ser fixado na outra extremidade da bucha.<\/p>","protected":false},"excerpt":{"rendered":"<p>Dimens\u00f5es: Di\u00e2metro interior = 14mm Di\u00e2metro exterior = 16mm (primeira fase), 20mm (segunda fase) Comprimento = 36mm Conte\u00fado: 1x conector de mangueira de lavat\u00f3rio 1x anel de aperto Liga\u00e7\u00e3o: Bacia: encaixa em furos de 27mm (3\/4\") com uma espessura de parede de 4mm! Mangueiras: A mangueira de 14\/10 \u00e9 inserida firmemente na tomada 14mm A tubagem de 20\/16 \u00e9 firmemente encaixada na","protected":false},"featured_media":357,"comment_status":"open","ping_status":"closed","template":"","meta":{"_acf_changed":false,"content-type":"","_monsterinsights_skip_tracking":false,"_monsterinsights_sitenote_active":false,"_monsterinsights_sitenote_note":"","_monsterinsights_sitenote_category":0},"product_brand":[],"product_cat":[121],"product_tag":[],"class_list":{"0":"post-2823","1":"product","2":"type-product","3":"status-publish","4":"has-post-thumbnail","6":"product_cat-connectors","8":"first","9":"instock","10":"taxable","11":"shipping-taxable","12":"purchasable","13":"product-type-simple"},"acf":[],"aioseo_notices":[],"jetpack_sharing_enabled":true,"_links":{"self":[{"href":"https:\/\/antcube.shop\/pt\/wp-json\/wp\/v2\/product\/2823","targetHints":{"allow":["GET"]}}],"collection":[{"href":"https:\/\/antcube.shop\/pt\/wp-json\/wp\/v2\/product"}],"about":[{"href":"https:\/\/antcube.shop\/pt\/wp-json\/wp\/v2\/types\/product"}],"replies":[{"embeddable":true,"href":"https:\/\/antcube.shop\/pt\/wp-json\/wp\/v2\/comments?post=2823"}],"wp:featuredmedia":[{"embeddable":true,"href":"https:\/\/antcube.shop\/pt\/wp-json\/wp\/v2\/media\/357"}],"wp:attachment":[{"href":"https:\/\/antcube.shop\/pt\/wp-json\/wp\/v2\/media?parent=2823"}],"wp:term":[{"taxonomy":"product_brand","embeddable":true,"href":"https:\/\/antcube.shop\/pt\/wp-json\/wp\/v2\/product_brand?post=2823"},{"taxonomy":"product_cat","embeddable":true,"href":"https:\/\/antcube.shop\/pt\/wp-json\/wp\/v2\/product_cat?post=2823"},{"taxonomy":"product_tag","embeddable":true,"href":"https:\/\/antcube.shop\/pt\/wp-json\/wp\/v2\/product_tag?post=2823"}],"curies":[{"name":"wp","href":"https:\/\/api.w.org\/{rel}","templated":true}]}}