{"id":2821,"date":"2021-10-13T18:28:32","date_gmt":"2021-10-13T16:28:32","guid":{"rendered":"https:\/\/antcube.shop\/produkt\/handlupe-2fach-30mm\/"},"modified":"2026-04-16T17:07:38","modified_gmt":"2026-04-16T15:07:38","slug":"lupa-manual-2x-30mm","status":"publish","type":"product","link":"https:\/\/antcube.shop\/pt\/produto\/lupa-manual-2x-30mm\/","title":{"rendered":"Lupa de m\u00e3o - 2x - 30mm"},"content":{"rendered":"<p><strong>Dimens\u00f5es (CxLxA):<\/strong> 80x36x2 mm<\/p>\n<p><strong>Material:<\/strong> pl\u00e1stico<\/p>\n<p><strong>Cor:<\/strong> transparente<\/p>\n<p><strong>Conte\u00fado:<\/strong><br \/>\n<strong>1x<\/strong> lupa de m\u00e3o<\/p>\n<p><strong>Especifica\u00e7\u00f5es t\u00e9cnicas:<\/strong><br \/>\nAmplia\u00e7\u00e3o = 2x<\/p>\n<p><strong>Descri\u00e7\u00e3o \/ Aplica\u00e7\u00e3o:<\/strong><br \/>\nLupa de m\u00e3o para verificar formigas ou alimentar insectos.<\/p>\n<p><strong>Aviso:<\/strong><br \/>\nProcessamento simples e qualidade simples, porque \u00e9 feito de pl\u00e1stico e \u00e9 sens\u00edvel a riscos.<\/p>","protected":false},"excerpt":{"rendered":"<p>Dimens\u00f5es (CxLxA): 80x36x2 mm Material: pl\u00e1stico Cor: transparente Conte\u00fado: 1x lupa de m\u00e3o Especifica\u00e7\u00f5es t\u00e9cnicas: Amplia\u00e7\u00e3o = 2x Descri\u00e7\u00e3o \/ Aplica\u00e7\u00e3o: Lupa de m\u00e3o para verificar formigas ou alimentar insectos. Aviso: Processamento simples e qualidade simples, porque \u00e9 feita de pl\u00e1stico e \u00e9 sens\u00edvel a riscos.<\/p>","protected":false},"featured_media":310,"comment_status":"open","ping_status":"closed","template":"","meta":{"_acf_changed":false,"content-type":"","_monsterinsights_skip_tracking":false,"_monsterinsights_sitenote_active":false,"_monsterinsights_sitenote_note":"","_monsterinsights_sitenote_category":0},"product_brand":[],"product_cat":[237],"product_tag":[],"class_list":{"0":"post-2821","1":"product","2":"type-product","3":"status-publish","4":"has-post-thumbnail","6":"product_cat-tools","8":"first","9":"instock","10":"taxable","11":"shipping-taxable","12":"purchasable","13":"product-type-simple"},"acf":[],"aioseo_notices":[],"jetpack_sharing_enabled":true,"_links":{"self":[{"href":"https:\/\/antcube.shop\/pt\/wp-json\/wp\/v2\/product\/2821","targetHints":{"allow":["GET"]}}],"collection":[{"href":"https:\/\/antcube.shop\/pt\/wp-json\/wp\/v2\/product"}],"about":[{"href":"https:\/\/antcube.shop\/pt\/wp-json\/wp\/v2\/types\/product"}],"replies":[{"embeddable":true,"href":"https:\/\/antcube.shop\/pt\/wp-json\/wp\/v2\/comments?post=2821"}],"wp:featuredmedia":[{"embeddable":true,"href":"https:\/\/antcube.shop\/pt\/wp-json\/wp\/v2\/media\/310"}],"wp:attachment":[{"href":"https:\/\/antcube.shop\/pt\/wp-json\/wp\/v2\/media?parent=2821"}],"wp:term":[{"taxonomy":"product_brand","embeddable":true,"href":"https:\/\/antcube.shop\/pt\/wp-json\/wp\/v2\/product_brand?post=2821"},{"taxonomy":"product_cat","embeddable":true,"href":"https:\/\/antcube.shop\/pt\/wp-json\/wp\/v2\/product_cat?post=2821"},{"taxonomy":"product_tag","embeddable":true,"href":"https:\/\/antcube.shop\/pt\/wp-json\/wp\/v2\/product_tag?post=2821"}],"curies":[{"name":"wp","href":"https:\/\/api.w.org\/{rel}","templated":true}]}}